{"id":3141851,"date":"2023-04-20T10:21:11","date_gmt":"2023-04-20T10:21:11","guid":{"rendered":"https:\/\/expertworldtravel.com\/esim-bresil\/"},"modified":"2024-12-24T10:26:55","modified_gmt":"2024-12-24T10:26:55","slug":"esim-bresil","status":"publish","type":"page","link":"https:\/\/expertworldtravel.com\/fr\/esim-bresil\/","title":{"rendered":"Meilleure eSim pour le Br\u00e9sil (plus de frais d&rsquo;itin\u00e9rance)"},"content":{"rendered":"<p>Vous voyagez au Br\u00e9sil et vous voulez obtenir une eSim \u00e0 utiliser pendant le voyage ? Alors vous \u00eates au bon endroit car ce guide d\u00e9taill\u00e9 vous dira tout sur les meilleures eSims pour le Br\u00e9sil. J&rsquo;ai couvert les options les plus populaires des fournisseurs internationaux et locaux, ainsi que quelques options de cartes sim de voyage physiques, au cas o\u00f9 votre t\u00e9l\u00e9phone supporterait encore cette technologie. Que vous restiez dans le pays pour quelques jours ou quelques mois, vous trouverez au moins deux plans de donn\u00e9es eSim qui conviennent \u00e0 vos besoins de voyage ici m\u00eame ! <\/p>\n","protected":false},"excerpt":{"rendered":"<p>Vous voyagez au Br\u00e9sil et vous voulez obtenir une eSim \u00e0 utiliser pendant le voyage ? Alors vous \u00eates au bon endroit car ce guide d\u00e9taill\u00e9 vous dira tout sur les meilleures eSims pour le Br\u00e9sil. J&rsquo;ai couvert les options les plus populaires des fournisseurs internationaux et locaux, ainsi que quelques options de cartes sim [&hellip;]<\/p>\n","protected":false},"author":6,"featured_media":3134003,"parent":0,"menu_order":0,"comment_status":"closed","ping_status":"closed","template":"best-esim-template.php","meta":{"_lmt_disableupdate":"","_lmt_disable":""},"categories":[600349,600181],"acf":[],"_links":{"self":[{"href":"https:\/\/expertworldtravel.com\/fr\/wp-json\/wp\/v2\/pages\/3141851"}],"collection":[{"href":"https:\/\/expertworldtravel.com\/fr\/wp-json\/wp\/v2\/pages"}],"about":[{"href":"https:\/\/expertworldtravel.com\/fr\/wp-json\/wp\/v2\/types\/page"}],"author":[{"embeddable":true,"href":"https:\/\/expertworldtravel.com\/fr\/wp-json\/wp\/v2\/users\/6"}],"replies":[{"embeddable":true,"href":"https:\/\/expertworldtravel.com\/fr\/wp-json\/wp\/v2\/comments?post=3141851"}],"version-history":[{"count":0,"href":"https:\/\/expertworldtravel.com\/fr\/wp-json\/wp\/v2\/pages\/3141851\/revisions"}],"wp:featuredmedia":[{"embeddable":true,"href":"https:\/\/expertworldtravel.com\/fr\/wp-json\/wp\/v2\/media\/3134003"}],"wp:attachment":[{"href":"https:\/\/expertworldtravel.com\/fr\/wp-json\/wp\/v2\/media?parent=3141851"}],"wp:term":[{"taxonomy":"category","embeddable":true,"href":"https:\/\/expertworldtravel.com\/fr\/wp-json\/wp\/v2\/categories?post=3141851"}],"curies":[{"name":"wp","href":"https:\/\/api.w.org\/{rel}","templated":true}]}}