{"id":3142073,"date":"2023-04-24T10:11:00","date_gmt":"2023-04-24T10:11:00","guid":{"rendered":"https:\/\/expertworldtravel.com\/esim-peru\/"},"modified":"2025-01-05T16:16:33","modified_gmt":"2025-01-05T16:16:33","slug":"esim-peru","status":"publish","type":"page","link":"https:\/\/expertworldtravel.com\/fr\/esim-peru\/","title":{"rendered":"Meilleure eSim pour le P\u00e9rou (moins ch\u00e8re que l&rsquo;itin\u00e9rance des donn\u00e9es)"},"content":{"rendered":"<p>Vous voyagez au P\u00e9rou pour un certain temps et vous voulez \u00eatre s\u00fbr d&rsquo;avoir acc\u00e8s \u00e0 l&rsquo;internet chaque fois que vous en avez besoin ? Une eSim est le moyen le plus simple de le garantir, et elle est bien moins ch\u00e8re que les frais d&rsquo;itin\u00e9rance des donn\u00e9es. De nombreux fournisseurs internationaux et locaux proposent des eSims pour le P\u00e9rou, et vous pouvez tout savoir \u00e0 leur sujet ici. J&rsquo;ai inclus tous les meilleurs plans pour le P\u00e9rou dans ce guide d\u00e9taill\u00e9, donc que vous restiez dans le pays pour une semaine ou plusieurs mois, vous trouverez au moins deux options appropri\u00e9es. J&rsquo;ai \u00e9galement list\u00e9 quelques-uns des <a href=\"https:\/\/expertworldtravel.com\/best-esim-south-america\/\" target=\"_blank\" rel=\"noopener\">meilleurs plans eSim avec une couverture r\u00e9gionale en Am\u00e9rique du Sud,<\/a> pour les voyageurs qui pr\u00e9voient d&rsquo;explorer en dehors des fronti\u00e8res du P\u00e9rou ! <\/p>\n","protected":false},"excerpt":{"rendered":"<p>Vous voyagez au P\u00e9rou pour un certain temps et vous voulez \u00eatre s\u00fbr d&rsquo;avoir acc\u00e8s \u00e0 l&rsquo;internet chaque fois que vous en avez besoin ? Une eSim est le moyen le plus simple de le garantir, et elle est bien moins ch\u00e8re que les frais d&rsquo;itin\u00e9rance des donn\u00e9es. De nombreux fournisseurs internationaux et locaux proposent [&hellip;]<\/p>\n","protected":false},"author":6,"featured_media":3134015,"parent":0,"menu_order":0,"comment_status":"closed","ping_status":"closed","template":"best-esim-template.php","meta":{"_lmt_disableupdate":"","_lmt_disable":""},"categories":[600181,600367],"acf":[],"_links":{"self":[{"href":"https:\/\/expertworldtravel.com\/fr\/wp-json\/wp\/v2\/pages\/3142073"}],"collection":[{"href":"https:\/\/expertworldtravel.com\/fr\/wp-json\/wp\/v2\/pages"}],"about":[{"href":"https:\/\/expertworldtravel.com\/fr\/wp-json\/wp\/v2\/types\/page"}],"author":[{"embeddable":true,"href":"https:\/\/expertworldtravel.com\/fr\/wp-json\/wp\/v2\/users\/6"}],"replies":[{"embeddable":true,"href":"https:\/\/expertworldtravel.com\/fr\/wp-json\/wp\/v2\/comments?post=3142073"}],"version-history":[{"count":0,"href":"https:\/\/expertworldtravel.com\/fr\/wp-json\/wp\/v2\/pages\/3142073\/revisions"}],"wp:featuredmedia":[{"embeddable":true,"href":"https:\/\/expertworldtravel.com\/fr\/wp-json\/wp\/v2\/media\/3134015"}],"wp:attachment":[{"href":"https:\/\/expertworldtravel.com\/fr\/wp-json\/wp\/v2\/media?parent=3142073"}],"wp:term":[{"taxonomy":"category","embeddable":true,"href":"https:\/\/expertworldtravel.com\/fr\/wp-json\/wp\/v2\/categories?post=3142073"}],"curies":[{"name":"wp","href":"https:\/\/api.w.org\/{rel}","templated":true}]}}