{"id":3142132,"date":"2023-02-26T04:19:06","date_gmt":"2023-02-26T04:19:06","guid":{"rendered":"https:\/\/expertworldtravel.com\/holafly-examen\/"},"modified":"2025-01-08T12:26:46","modified_gmt":"2025-01-08T12:26:46","slug":"holafly-examen","status":"publish","type":"page","link":"https:\/\/expertworldtravel.com\/fr\/holafly-examen\/","title":{"rendered":"Examen de Holafly : La meilleure eSIM pour voyager (pas toujours)"},"content":{"rendered":"<p>Vous envisagez d&rsquo;acheter le <a href=\"https:\/\/holafly.sjv.io\/DyLM5y\" target=\"_blank\" rel=\"nofollow noopener\">Holafly eSim<\/a> pour votre prochain voyage ? Ce guide vous aidera \u00e0 d\u00e9terminer si cela vous convient ! Holafly propose d&rsquo;excellents forfaits eSim avec donn\u00e9es illimit\u00e9es, mais ils ne conviennent pas \u00e0 tout le monde. Si vous avez besoin d&rsquo;un acc\u00e8s Internet sur votre t\u00e9l\u00e9phone pour consulter des cartes et les m\u00e9dias sociaux, ces forfaits sont parfaits, mais ils ne conviennent pas aux travailleurs \u00e0 distance. Continuez \u00e0 lire pour comprendre pourquoi, et obtenez toutes les autres informations dont vous avez besoin sur Holafly pour savoir s&rsquo;ils sont faits pour vous. <\/p>\n","protected":false},"excerpt":{"rendered":"<p>Vous envisagez d&rsquo;acheter le Holafly eSim pour votre prochain voyage ? Ce guide vous aidera \u00e0 d\u00e9terminer si cela vous convient ! Holafly propose d&rsquo;excellents forfaits eSim avec donn\u00e9es illimit\u00e9es, mais ils ne conviennent pas \u00e0 tout le monde. Si vous avez besoin d&rsquo;un acc\u00e8s Internet sur votre t\u00e9l\u00e9phone pour consulter des cartes et les [&hellip;]<\/p>\n","protected":false},"author":1,"featured_media":0,"parent":0,"menu_order":0,"comment_status":"closed","ping_status":"closed","template":"single-product-review.php","meta":{"_lmt_disableupdate":"","_lmt_disable":""},"categories":[],"acf":[],"_links":{"self":[{"href":"https:\/\/expertworldtravel.com\/fr\/wp-json\/wp\/v2\/pages\/3142132"}],"collection":[{"href":"https:\/\/expertworldtravel.com\/fr\/wp-json\/wp\/v2\/pages"}],"about":[{"href":"https:\/\/expertworldtravel.com\/fr\/wp-json\/wp\/v2\/types\/page"}],"author":[{"embeddable":true,"href":"https:\/\/expertworldtravel.com\/fr\/wp-json\/wp\/v2\/users\/1"}],"replies":[{"embeddable":true,"href":"https:\/\/expertworldtravel.com\/fr\/wp-json\/wp\/v2\/comments?post=3142132"}],"version-history":[{"count":0,"href":"https:\/\/expertworldtravel.com\/fr\/wp-json\/wp\/v2\/pages\/3142132\/revisions"}],"wp:attachment":[{"href":"https:\/\/expertworldtravel.com\/fr\/wp-json\/wp\/v2\/media?parent=3142132"}],"wp:term":[{"taxonomy":"category","embeddable":true,"href":"https:\/\/expertworldtravel.com\/fr\/wp-json\/wp\/v2\/categories?post=3142132"}],"curies":[{"name":"wp","href":"https:\/\/api.w.org\/{rel}","templated":true}]}}