{"id":3138777,"date":"2023-04-25T09:49:22","date_gmt":"2023-04-25T09:49:22","guid":{"rendered":"https:\/\/expertworldtravel.com\/la-migliore-esim-per-la-cina-accesso-facile-a-internet\/"},"modified":"2024-12-20T13:11:45","modified_gmt":"2024-12-20T13:11:45","slug":"esim-cina","status":"publish","type":"page","link":"https:\/\/expertworldtravel.com\/it\/esim-cina\/","title":{"rendered":"La migliore eSIM per la Cina (accesso facile a Internet)"},"content":{"rendered":"<p>Viaggiate in Cina e avete una eSIM per accedere facilmente a Internet?<\/p>\n<p>Una eSIM per la Cina vi fornir\u00e0 una quota di dati mobili che potrete utilizzare quando e dove volete.<\/p>\n<p>\u00c8 un&#8217;opzione migliore di una carta SIM locale perch\u00e9 \u00e8 pi\u00f9 facile da acquistare e si pu\u00f2 configurare in circa cinque minuti. Questa guida dettagliata include anche alcune <a href=\"https:\/\/expertworldtravel.com\/best-esim-asia\/\" target=\"_blank\" rel=\"noopener\">opzioni eSIM con copertura regionale in Asia<\/a>, per i viaggiatori che hanno in programma di visitare altri paesi oltre alla Cina!<\/p>\n","protected":false},"excerpt":{"rendered":"<p>Viaggiate in Cina e avete una eSIM per accedere facilmente a Internet? Una eSIM per la Cina vi fornir\u00e0 una quota di dati mobili che potrete utilizzare quando e dove volete. \u00c8 un&#8217;opzione migliore di una carta SIM locale perch\u00e9 \u00e8 pi\u00f9 facile da acquistare e si pu\u00f2 configurare in circa cinque minuti. Questa guida [&hellip;]<\/p>\n","protected":false},"author":6,"featured_media":3138778,"parent":0,"menu_order":0,"comment_status":"closed","ping_status":"closed","template":"best-esim-template.php","meta":{"_lmt_disableupdate":"no","_lmt_disable":""},"categories":[600271,600264],"acf":[],"_links":{"self":[{"href":"https:\/\/expertworldtravel.com\/it\/wp-json\/wp\/v2\/pages\/3138777"}],"collection":[{"href":"https:\/\/expertworldtravel.com\/it\/wp-json\/wp\/v2\/pages"}],"about":[{"href":"https:\/\/expertworldtravel.com\/it\/wp-json\/wp\/v2\/types\/page"}],"author":[{"embeddable":true,"href":"https:\/\/expertworldtravel.com\/it\/wp-json\/wp\/v2\/users\/6"}],"replies":[{"embeddable":true,"href":"https:\/\/expertworldtravel.com\/it\/wp-json\/wp\/v2\/comments?post=3138777"}],"version-history":[{"count":2,"href":"https:\/\/expertworldtravel.com\/it\/wp-json\/wp\/v2\/pages\/3138777\/revisions"}],"predecessor-version":[{"id":3141731,"href":"https:\/\/expertworldtravel.com\/it\/wp-json\/wp\/v2\/pages\/3138777\/revisions\/3141731"}],"wp:featuredmedia":[{"embeddable":true,"href":"https:\/\/expertworldtravel.com\/it\/wp-json\/wp\/v2\/media\/3138778"}],"wp:attachment":[{"href":"https:\/\/expertworldtravel.com\/it\/wp-json\/wp\/v2\/media?parent=3138777"}],"wp:term":[{"taxonomy":"category","embeddable":true,"href":"https:\/\/expertworldtravel.com\/it\/wp-json\/wp\/v2\/categories?post=3138777"}],"curies":[{"name":"wp","href":"https:\/\/api.w.org\/{rel}","templated":true}]}}