{"id":3139003,"date":"2023-05-13T22:43:26","date_gmt":"2023-05-13T22:43:26","guid":{"rendered":"https:\/\/expertworldtravel.com\/esim-kenia\/"},"modified":"2023-09-06T10:46:51","modified_gmt":"2023-09-06T10:46:51","slug":"esim-kenia","status":"publish","type":"page","link":"https:\/\/expertworldtravel.com\/it\/esim-kenia\/","title":{"rendered":"La migliore eSIM per il Kenya (Rimani connesso mentre viaggi)"},"content":{"rendered":"<p>Se state cercando una eSIM per rimanere connessi mentre viaggiate in Kenya, siete nel posto giusto.<\/p>\n<p>Ho trascorso molto tempo in Kenya e credetemi se vi dico che vi aspetta il viaggio della vostra vita, quindi cerchiamo di trovare la migliore opzione eSIM.<\/p>\n<p>\u00c8 possibile acquistare una carta SIM fisica all&#8217;aeroporto quando si atterra, ma \u00e8 un po&#8217; una seccatura e una eSIM del Kenya \u00e8 la soluzione migliore ai miei occhi. Di seguito, ho esaminato le migliori tariffe eSIM Kenya dei principali provider globali per aiutarvi a trovare la migliore eSIM&nbsp;per il Kenya per il vostro prossimo viaggio.<\/p>\n","protected":false},"excerpt":{"rendered":"<p>Se state cercando una eSIM per rimanere connessi mentre viaggiate in Kenya, siete nel posto giusto. Ho trascorso molto tempo in Kenya e credetemi se vi dico che vi aspetta il viaggio della vostra vita, quindi cerchiamo di trovare la migliore opzione eSIM. \u00c8 possibile acquistare una carta SIM fisica all&#8217;aeroporto quando si atterra, ma [&hellip;]<\/p>\n","protected":false},"author":2,"featured_media":3139005,"parent":0,"menu_order":0,"comment_status":"closed","ping_status":"closed","template":"best-esim-template.php","meta":{"_lmt_disableupdate":"","_lmt_disable":""},"categories":[600264],"acf":[],"_links":{"self":[{"href":"https:\/\/expertworldtravel.com\/it\/wp-json\/wp\/v2\/pages\/3139003"}],"collection":[{"href":"https:\/\/expertworldtravel.com\/it\/wp-json\/wp\/v2\/pages"}],"about":[{"href":"https:\/\/expertworldtravel.com\/it\/wp-json\/wp\/v2\/types\/page"}],"author":[{"embeddable":true,"href":"https:\/\/expertworldtravel.com\/it\/wp-json\/wp\/v2\/users\/2"}],"replies":[{"embeddable":true,"href":"https:\/\/expertworldtravel.com\/it\/wp-json\/wp\/v2\/comments?post=3139003"}],"version-history":[{"count":0,"href":"https:\/\/expertworldtravel.com\/it\/wp-json\/wp\/v2\/pages\/3139003\/revisions"}],"wp:featuredmedia":[{"embeddable":true,"href":"https:\/\/expertworldtravel.com\/it\/wp-json\/wp\/v2\/media\/3139005"}],"wp:attachment":[{"href":"https:\/\/expertworldtravel.com\/it\/wp-json\/wp\/v2\/media?parent=3139003"}],"wp:term":[{"taxonomy":"category","embeddable":true,"href":"https:\/\/expertworldtravel.com\/it\/wp-json\/wp\/v2\/categories?post=3139003"}],"curies":[{"name":"wp","href":"https:\/\/api.w.org\/{rel}","templated":true}]}}