{"id":3139030,"date":"2023-05-11T17:02:19","date_gmt":"2023-05-11T17:02:19","guid":{"rendered":"https:\/\/expertworldtravel.com\/esim-tanzania\/"},"modified":"2025-01-06T08:24:20","modified_gmt":"2025-01-06T08:24:20","slug":"esim-tanzania","status":"publish","type":"page","link":"https:\/\/expertworldtravel.com\/it\/esim-tanzania\/","title":{"rendered":"La migliore eSIM per la Tanzania (Rimani connesso mentre sei in viaggio)"},"content":{"rendered":"<p>Stai andando in Tanzania e hai bisogno di una eSIM? La Tanzania \u00e8 uno dei miei paesi preferiti al mondo. Probabilmente ti starai chiedendo quale sia il modo migliore per rimanere connesso mentre sei l\u00ec, quindi vediamo di risolverlo per te. Potresti utilizzare il roaming dati, ma non te lo consiglio perch\u00e9 \u00e8 troppo costoso. Una scheda sim locale \u00e8 un&#8217;opzione, ma comporta dei problemi. Quali sono le migliori eSIM che la Tanzania pu\u00f2 offrire? Le eSIM sono incredibilmente comode e convenienti, quindi cerchiamo di trovare <strong>la migliore eSIM per la Tanzania<\/strong>. Di seguito ho recensito i piani dati delle eSim per la Tanzania dei principali fornitori di eSim a livello mondiale, in modo che tu possa trovare la migliore eSim per il tuo viaggio in questo magico Paese.<\/p>\n","protected":false},"excerpt":{"rendered":"<p>Stai andando in Tanzania e hai bisogno di una eSIM? La Tanzania \u00e8 uno dei miei paesi preferiti al mondo. Probabilmente ti starai chiedendo quale sia il modo migliore per rimanere connesso mentre sei l\u00ec, quindi vediamo di risolverlo per te. Potresti utilizzare il roaming dati, ma non te lo consiglio perch\u00e9 \u00e8 troppo costoso. [&hellip;]<\/p>\n","protected":false},"author":2,"featured_media":3139031,"parent":0,"menu_order":0,"comment_status":"closed","ping_status":"closed","template":"best-esim-template.php","meta":{"_lmt_disableupdate":"","_lmt_disable":""},"categories":[600264],"acf":[],"_links":{"self":[{"href":"https:\/\/expertworldtravel.com\/it\/wp-json\/wp\/v2\/pages\/3139030"}],"collection":[{"href":"https:\/\/expertworldtravel.com\/it\/wp-json\/wp\/v2\/pages"}],"about":[{"href":"https:\/\/expertworldtravel.com\/it\/wp-json\/wp\/v2\/types\/page"}],"author":[{"embeddable":true,"href":"https:\/\/expertworldtravel.com\/it\/wp-json\/wp\/v2\/users\/2"}],"replies":[{"embeddable":true,"href":"https:\/\/expertworldtravel.com\/it\/wp-json\/wp\/v2\/comments?post=3139030"}],"version-history":[{"count":1,"href":"https:\/\/expertworldtravel.com\/it\/wp-json\/wp\/v2\/pages\/3139030\/revisions"}],"predecessor-version":[{"id":3142080,"href":"https:\/\/expertworldtravel.com\/it\/wp-json\/wp\/v2\/pages\/3139030\/revisions\/3142080"}],"wp:featuredmedia":[{"embeddable":true,"href":"https:\/\/expertworldtravel.com\/it\/wp-json\/wp\/v2\/media\/3139031"}],"wp:attachment":[{"href":"https:\/\/expertworldtravel.com\/it\/wp-json\/wp\/v2\/media?parent=3139030"}],"wp:term":[{"taxonomy":"category","embeddable":true,"href":"https:\/\/expertworldtravel.com\/it\/wp-json\/wp\/v2\/categories?post=3139030"}],"curies":[{"name":"wp","href":"https:\/\/api.w.org\/{rel}","templated":true}]}}