{"id":3139208,"date":"2023-04-18T14:34:04","date_gmt":"2023-04-18T14:34:04","guid":{"rendered":"https:\/\/expertworldtravel.com\/migliore-esim-paesi-bassi\/"},"modified":"2024-12-27T06:59:22","modified_gmt":"2024-12-27T06:59:22","slug":"esim-paesi-bassi","status":"publish","type":"page","link":"https:\/\/expertworldtravel.com\/it\/esim-paesi-bassi\/","title":{"rendered":"La migliore eSIM per i Paesi Bassi (Dati prepagati pi\u00f9 economici)"},"content":{"rendered":"<p>Se state pianificando un viaggio nei Paesi Bassi, potreste chiedervi se una eSIM sia il modo migliore per rimanere connessi durante il vostro viaggio.<\/p>\n<p>Gli eSim stanno diventando un modo sempre pi\u00f9 popolare di avere una connessione dati mentre si \u00e8 all&#8217;estero, poich\u00e9 sono molto pi\u00f9 economici del roaming dati e anche pi\u00f9 convenienti.<\/p>\n<p>Vi aiuter\u00f2 a trovare la migliore eSIM per i Paesi Bassi. Esamineremo i principali fornitori di eSIM, la loro copertura, la velocit\u00e0 di connessione e molto altro ancora, in modo che possiate trovare il miglior piano dati eSIM per le vostre esigenze mentre vi trovate nei Paesi Bassi.<\/p>\n<h2>I migliori fornitori di eSIM nei Paesi Bassi<\/h2>\n","protected":false},"excerpt":{"rendered":"<p>Se state pianificando un viaggio nei Paesi Bassi, potreste chiedervi se una eSIM sia il modo migliore per rimanere connessi durante il vostro viaggio. Gli eSim stanno diventando un modo sempre pi\u00f9 popolare di avere una connessione dati mentre si \u00e8 all&#8217;estero, poich\u00e9 sono molto pi\u00f9 economici del roaming dati e anche pi\u00f9 convenienti. Vi [&hellip;]<\/p>\n","protected":false},"author":2,"featured_media":3139209,"parent":0,"menu_order":0,"comment_status":"closed","ping_status":"closed","template":"best-esim-template.php","meta":{"_lmt_disableupdate":"no","_lmt_disable":""},"categories":[600264,600315],"acf":[],"_links":{"self":[{"href":"https:\/\/expertworldtravel.com\/it\/wp-json\/wp\/v2\/pages\/3139208"}],"collection":[{"href":"https:\/\/expertworldtravel.com\/it\/wp-json\/wp\/v2\/pages"}],"about":[{"href":"https:\/\/expertworldtravel.com\/it\/wp-json\/wp\/v2\/types\/page"}],"author":[{"embeddable":true,"href":"https:\/\/expertworldtravel.com\/it\/wp-json\/wp\/v2\/users\/2"}],"replies":[{"embeddable":true,"href":"https:\/\/expertworldtravel.com\/it\/wp-json\/wp\/v2\/comments?post=3139208"}],"version-history":[{"count":2,"href":"https:\/\/expertworldtravel.com\/it\/wp-json\/wp\/v2\/pages\/3139208\/revisions"}],"predecessor-version":[{"id":3141375,"href":"https:\/\/expertworldtravel.com\/it\/wp-json\/wp\/v2\/pages\/3139208\/revisions\/3141375"}],"wp:featuredmedia":[{"embeddable":true,"href":"https:\/\/expertworldtravel.com\/it\/wp-json\/wp\/v2\/media\/3139209"}],"wp:attachment":[{"href":"https:\/\/expertworldtravel.com\/it\/wp-json\/wp\/v2\/media?parent=3139208"}],"wp:term":[{"taxonomy":"category","embeddable":true,"href":"https:\/\/expertworldtravel.com\/it\/wp-json\/wp\/v2\/categories?post=3139208"}],"curies":[{"name":"wp","href":"https:\/\/api.w.org\/{rel}","templated":true}]}}