{"id":3139239,"date":"2023-05-17T17:08:25","date_gmt":"2023-05-17T17:08:25","guid":{"rendered":"https:\/\/expertworldtravel.com\/migliore-esim-namibia\/"},"modified":"2023-09-07T12:42:29","modified_gmt":"2023-09-07T12:42:29","slug":"esim-namibia","status":"publish","type":"page","link":"https:\/\/expertworldtravel.com\/it\/esim-namibia\/","title":{"rendered":"Il miglior eSim per la Namibia: Una guida per i viaggiatori"},"content":{"rendered":"<p>La Namibia potrebbe essere il paese pi\u00f9 bello dell&#8217;Africa, ma \u00e8 un&#8217;affermazione azzardata, tuttavia \u00e8 sicuramente uno di questi. Se state leggendo queste righe, \u00e8 probabile che stiate andando in Namibia e vi stiate chiedendo come rimanere connessi ai dati mobili mentre siete l\u00ec.<\/p>\n<p>In questo articolo, ci occuperemo di trovare la migliore eSim Namibia per i vostri viaggi, in quanto \u00e8 il modo pi\u00f9 conveniente per rimanere connessi in Namibia rispetto all&#8217;utilizzo del roaming dati o di una scheda sim locale.<\/p>\n<p>Di seguito troverete tutti i piani dati eSim prepagati offerti da alcuni dei migliori provider eSim del pianeta, in modo che possiate trovare la migliore eSim per la Namibia.<\/p>\n","protected":false},"excerpt":{"rendered":"<p>La Namibia potrebbe essere il paese pi\u00f9 bello dell&#8217;Africa, ma \u00e8 un&#8217;affermazione azzardata, tuttavia \u00e8 sicuramente uno di questi. Se state leggendo queste righe, \u00e8 probabile che stiate andando in Namibia e vi stiate chiedendo come rimanere connessi ai dati mobili mentre siete l\u00ec. In questo articolo, ci occuperemo di trovare la migliore eSim Namibia [&hellip;]<\/p>\n","protected":false},"author":2,"featured_media":3139240,"parent":0,"menu_order":0,"comment_status":"closed","ping_status":"closed","template":"best-esim-template.php","meta":{"_lmt_disableupdate":"no","_lmt_disable":""},"categories":[600264],"acf":[],"_links":{"self":[{"href":"https:\/\/expertworldtravel.com\/it\/wp-json\/wp\/v2\/pages\/3139239"}],"collection":[{"href":"https:\/\/expertworldtravel.com\/it\/wp-json\/wp\/v2\/pages"}],"about":[{"href":"https:\/\/expertworldtravel.com\/it\/wp-json\/wp\/v2\/types\/page"}],"author":[{"embeddable":true,"href":"https:\/\/expertworldtravel.com\/it\/wp-json\/wp\/v2\/users\/2"}],"replies":[{"embeddable":true,"href":"https:\/\/expertworldtravel.com\/it\/wp-json\/wp\/v2\/comments?post=3139239"}],"version-history":[{"count":1,"href":"https:\/\/expertworldtravel.com\/it\/wp-json\/wp\/v2\/pages\/3139239\/revisions"}],"predecessor-version":[{"id":3139247,"href":"https:\/\/expertworldtravel.com\/it\/wp-json\/wp\/v2\/pages\/3139239\/revisions\/3139247"}],"wp:featuredmedia":[{"embeddable":true,"href":"https:\/\/expertworldtravel.com\/it\/wp-json\/wp\/v2\/media\/3139240"}],"wp:attachment":[{"href":"https:\/\/expertworldtravel.com\/it\/wp-json\/wp\/v2\/media?parent=3139239"}],"wp:term":[{"taxonomy":"category","embeddable":true,"href":"https:\/\/expertworldtravel.com\/it\/wp-json\/wp\/v2\/categories?post=3139239"}],"curies":[{"name":"wp","href":"https:\/\/api.w.org\/{rel}","templated":true}]}}