{"id":3141181,"date":"2023-04-21T00:40:26","date_gmt":"2023-04-21T00:40:26","guid":{"rendered":"https:\/\/expertworldtravel.com\/esim-portogallo\/"},"modified":"2025-01-09T15:51:11","modified_gmt":"2025-01-09T15:51:11","slug":"esim-portogallo","status":"publish","type":"page","link":"https:\/\/expertworldtravel.com\/it\/esim-portogallo\/","title":{"rendered":"Le 6 migliori eSIM per il Portogallo (convenienti ed economiche)"},"content":{"rendered":"<p>Siete diretti in Portogallo e avete bisogno di una eSIM per rimanere connessi?<\/p>\n<p>Le ESIM stanno diventando sempre pi\u00f9 popolari e per una buona ragione. Ho utilizzato le eSIM per ottenere dati mobili pi\u00f9 convenienti e comodi durante i miei viaggi in Portogallo e in Europa.<\/p>\n<p>Ma con cos\u00ec tante opzioni disponibili, pu\u00f2 essere difficile capire quale sia la eSIM migliore per il vostro viaggio in Portogallo.<\/p>\n<p>\u00c8 qui che entro in gioco io! Di seguito, vi presento le migliori eSIM per il Portogallo, esaminando i loro piani dati, la copertura e la velocit\u00e0 di connessione per aiutarvi a trovare il piano dati eSIM ideale per il vostro viaggio.<\/p>\n<h2>Consigli per la scelta della ESIM<\/h2>\n<p>Dopo aver acquistato e utilizzato decine di ESIM, ecco un elenco di domande per scegliere quella ideale per voi:<\/p>\n<ul>\n<li><strong>Quantit\u00e0 di dati<\/strong> che si intende utilizzare durante il viaggio (illimitata o pochi Gigabyte)<\/li>\n<li><strong>Quanto durer\u00e0 il vostro viaggio<\/strong> <\/li>\n<li>Avete bisogno di un <strong>numero di telefono o di inviare SMS<\/strong> mentre siete in viaggio?<\/li>\n<\/ul>\n<p>Dopo aver individuato le risposte, \u00e8 possibile limitare rapidamente la scelta a<\/p>\n<ul>\n<li><a href=\"https:\/\/airalo.pxf.io\/vNPN4j\" target=\"_blank\" rel=\"nofollow noopener\">Holafly<\/a> per dati illimitati (e un numero di telefono)<\/li>\n<li><a href=\"https:\/\/airalo.pxf.io\/vNPN4j\" target=\"_blank\" rel=\"nofollow noopener\">Airalo<\/a> o <a href=\"https:\/\/www.getnomad.app\/en\/portugal-eSIM\/7DAY-1GB-id-315a?rfsn=7045778.947b00\" target=\"_blank\" rel=\"nofollow noopener\">Nomad<\/a> per i piani per GB<\/li>\n<li><a href=\"https:\/\/simoptions.sjv.io\/bOkeQP\" target=\"_blank\" rel=\"nofollow noopener\">Arancione<\/a> per telefono e SMS con dati<\/li>\n<\/ul>\n<p>Qui di seguito illustro in modo molto pi\u00f9 dettagliato ogni piano, ma questa \u00e8 la versione breve della mia esperienza di viaggio in Europa e di utilizzo delle ESIM per oltre un anno.<\/p>\n","protected":false},"excerpt":{"rendered":"<p>Siete diretti in Portogallo e avete bisogno di una eSIM per rimanere connessi? Le ESIM stanno diventando sempre pi\u00f9 popolari e per una buona ragione. Ho utilizzato le eSIM per ottenere dati mobili pi\u00f9 convenienti e comodi durante i miei viaggi in Portogallo e in Europa. Ma con cos\u00ec tante opzioni disponibili, pu\u00f2 essere difficile [&hellip;]<\/p>\n","protected":false},"author":2,"featured_media":3141182,"parent":0,"menu_order":0,"comment_status":"closed","ping_status":"closed","template":"best-esim-template.php","meta":{"_lmt_disableupdate":"","_lmt_disable":""},"categories":[600264,600320],"acf":[],"_links":{"self":[{"href":"https:\/\/expertworldtravel.com\/it\/wp-json\/wp\/v2\/pages\/3141181"}],"collection":[{"href":"https:\/\/expertworldtravel.com\/it\/wp-json\/wp\/v2\/pages"}],"about":[{"href":"https:\/\/expertworldtravel.com\/it\/wp-json\/wp\/v2\/types\/page"}],"author":[{"embeddable":true,"href":"https:\/\/expertworldtravel.com\/it\/wp-json\/wp\/v2\/users\/2"}],"replies":[{"embeddable":true,"href":"https:\/\/expertworldtravel.com\/it\/wp-json\/wp\/v2\/comments?post=3141181"}],"version-history":[{"count":2,"href":"https:\/\/expertworldtravel.com\/it\/wp-json\/wp\/v2\/pages\/3141181\/revisions"}],"predecessor-version":[{"id":3142176,"href":"https:\/\/expertworldtravel.com\/it\/wp-json\/wp\/v2\/pages\/3141181\/revisions\/3142176"}],"wp:featuredmedia":[{"embeddable":true,"href":"https:\/\/expertworldtravel.com\/it\/wp-json\/wp\/v2\/media\/3141182"}],"wp:attachment":[{"href":"https:\/\/expertworldtravel.com\/it\/wp-json\/wp\/v2\/media?parent=3141181"}],"wp:term":[{"taxonomy":"category","embeddable":true,"href":"https:\/\/expertworldtravel.com\/it\/wp-json\/wp\/v2\/categories?post=3141181"}],"curies":[{"name":"wp","href":"https:\/\/api.w.org\/{rel}","templated":true}]}}