{"id":3141272,"date":"2023-09-27T12:57:10","date_gmt":"2023-09-27T12:57:10","guid":{"rendered":"https:\/\/expertworldtravel.com\/migliore-esim-danimarca\/"},"modified":"2025-01-09T15:47:50","modified_gmt":"2025-01-09T15:47:50","slug":"migliore-esim-danimarca","status":"publish","type":"page","link":"https:\/\/expertworldtravel.com\/it\/migliore-esim-danimarca\/","title":{"rendered":"La migliore eSIM per la Danimarca (dati a prezzi accessibili)"},"content":{"rendered":"<p>Una eSIM \u00e8 un modo semplice e conveniente per assicurarsi la copertura di rete e l&#8217;accesso a Internet durante il viaggio in Danimarca.<\/p>\n<p>\u00c8 molto pi\u00f9 economico del roaming dati, quindi \u00e8 l&#8217;opzione migliore per i viaggiatori che vogliono sempre avere accesso a Internet. \u00c8 persino possibile ottenere una eSIM con un numero di telefono funzionante in Danimarca!<\/p>\n<p>Ho esaminato i piani eSIM della Danimarca di tutti i provider pi\u00f9 popolari e ho compilato un elenco di tutte le opzioni migliori. Continuate a leggere per scoprire tutte le migliori opzioni per una eSIM Danimarca!<\/p>\n<h2>Scegliere la eSIM ideale<\/h2>\n<p>Dopo aver trascorso mesi utilizzando eSIM in tutta Europa, ho alcuni consigli per aiutarvi a restringere il campo delle migliori eSIM.<\/p>\n<p>Secondo la mia esperienza, tutto si riduce ad alcune domande da porre per trovare la eSIM giusta:<\/p>\n<ul>\n<li>Avete bisogno di dati illimitati o solo di pochi GB al giorno?<\/li>\n<li>Avrete bisogno di chiamare o inviare SMS durante il vostro soggiorno?<\/li>\n<li>Avete bisogno di utilizzare un hotspot o di condividere i vostri dati?<\/li>\n<\/ul>\n<p>Una volta decise queste due cose, si pu\u00f2 passare direttamente a queste opzioni:<\/p>\n<ul>\n<li><strong>Dati illimitati<\/strong>\n<ul>\n<li><a href=\"https:\/\/holafly.sjv.io\/kORPX3\" target=\"_blank\" rel=\"nofollow noopener\">Holafly<\/a>, se avete bisogno di dati solo su un dispositivo (viene fornito con le chiamate)<\/li>\n<li><a href=\"https:\/\/maya.net\/esim\/denmark?pid=48fhb2345dg6\" target=\"_blank\" rel=\"nofollow noopener\">Maya Mobile<\/a> per la condivisione dei dati (verificare il piano, alcuni non lo prevedono)<\/li>\n<\/ul>\n<\/li>\n<li><strong>Pochi GB al giorno<\/strong>\n<ul>\n<li>Confronta <a href=\"https:\/\/airalo.pxf.io\/0ZzrJ3\" target=\"_blank\" rel=\"nofollow noopener\">Airalo<\/a> &amp; <a href=\"https:\/\/maya.net\/esim\/denmark?pid=48fhb2345dg6\" target=\"_blank\" rel=\"nofollow noopener\">Maya<\/a> per trovare le migliori offerte<\/li>\n<\/ul>\n<\/li>\n<li><strong>Chiamate e SMS<\/strong>\n<ul>\n<li><a href=\"https:\/\/simoptions.sjv.io\/YRdxRr\" target=\"_blank\" rel=\"nofollow noopener\">Orange<\/a> \u00e8 l&#8217;opzione migliore con chiamate e SMS illimitati<\/li>\n<li><a href=\"https:\/\/holafly.sjv.io\/kORPX3\" target=\"_blank\" rel=\"nofollow noopener\">Holafly<\/a> con dati illimitati e solo chiamate<\/li>\n<\/ul>\n<\/li>\n<\/ul>\n<p>Abbiamo fatto le scelte di cui sopra molte volte e siamo stati molto soddisfatti dei piani che abbiamo ottenuto. \u00c8 sufficiente sapere quanti dati si utilizzano di solito al giorno, se non si acquista un numero illimitato di dati. Le altre scelte sono semplici!<\/p>\n","protected":false},"excerpt":{"rendered":"<p>Una eSIM \u00e8 un modo semplice e conveniente per assicurarsi la copertura di rete e l&#8217;accesso a Internet durante il viaggio in Danimarca. \u00c8 molto pi\u00f9 economico del roaming dati, quindi \u00e8 l&#8217;opzione migliore per i viaggiatori che vogliono sempre avere accesso a Internet. \u00c8 persino possibile ottenere una eSIM con un numero di telefono [&hellip;]<\/p>\n","protected":false},"author":6,"featured_media":3140874,"parent":0,"menu_order":0,"comment_status":"closed","ping_status":"closed","template":"best-esim-template.php","meta":{"_lmt_disableupdate":"","_lmt_disable":""},"categories":[600264,600328],"acf":[],"_links":{"self":[{"href":"https:\/\/expertworldtravel.com\/it\/wp-json\/wp\/v2\/pages\/3141272"}],"collection":[{"href":"https:\/\/expertworldtravel.com\/it\/wp-json\/wp\/v2\/pages"}],"about":[{"href":"https:\/\/expertworldtravel.com\/it\/wp-json\/wp\/v2\/types\/page"}],"author":[{"embeddable":true,"href":"https:\/\/expertworldtravel.com\/it\/wp-json\/wp\/v2\/users\/6"}],"replies":[{"embeddable":true,"href":"https:\/\/expertworldtravel.com\/it\/wp-json\/wp\/v2\/comments?post=3141272"}],"version-history":[{"count":4,"href":"https:\/\/expertworldtravel.com\/it\/wp-json\/wp\/v2\/pages\/3141272\/revisions"}],"predecessor-version":[{"id":3142169,"href":"https:\/\/expertworldtravel.com\/it\/wp-json\/wp\/v2\/pages\/3141272\/revisions\/3142169"}],"wp:featuredmedia":[{"embeddable":true,"href":"https:\/\/expertworldtravel.com\/it\/wp-json\/wp\/v2\/media\/3140874"}],"wp:attachment":[{"href":"https:\/\/expertworldtravel.com\/it\/wp-json\/wp\/v2\/media?parent=3141272"}],"wp:term":[{"taxonomy":"category","embeddable":true,"href":"https:\/\/expertworldtravel.com\/it\/wp-json\/wp\/v2\/categories?post=3141272"}],"curies":[{"name":"wp","href":"https:\/\/api.w.org\/{rel}","templated":true}]}}