{"id":3141299,"date":"2023-03-20T13:26:49","date_gmt":"2023-03-20T13:26:49","guid":{"rendered":"https:\/\/expertworldtravel.com\/migliore-esim-belgio\/"},"modified":"2025-01-21T10:00:29","modified_gmt":"2025-01-21T10:00:29","slug":"migliore-esim-belgio","status":"publish","type":"page","link":"https:\/\/expertworldtravel.com\/it\/migliore-esim-belgio\/","title":{"rendered":"La migliore eSIM per il Belgio (Viaggiare con facilit\u00e0)"},"content":{"rendered":"<p>Viaggiate in Belgio e volete ottenere una eSIM? Allora siete nel posto giusto, perch\u00e9 questa guida vi illustrer\u00e0 tutte le migliori opzioni eSim per il Belgio!<\/p>\n<p>Che abbiate bisogno di accesso a Internet per un giorno o per un mese, c&#8217;\u00e8 almeno un ottimo pacchetto eSIM belga che fa per voi. Alcune di esse includono anche gli SMS e le telefonate, cosa rara per le eSIM.<\/p>\n<p>Questa guida copre tutti i <a href=\"https:\/\/expertworldtravel.com\/best-esim-europe\/\" target=\"_blank\" rel=\"noopener\">principali fornitori di eSIM per l&#8217;Europa<\/a> che offrono eSIM per il Belgio, oltre ad alcuni fornitori locali del Paese che vendono principalmente schede sim fisiche per i turisti. In ogni caso, ecco tutto quello che c&#8217;\u00e8 da sapere sulla migliore eSim per il Belgio!<\/p>\n","protected":false},"excerpt":{"rendered":"<p>Viaggiate in Belgio e volete ottenere una eSIM? Allora siete nel posto giusto, perch\u00e9 questa guida vi illustrer\u00e0 tutte le migliori opzioni eSim per il Belgio! Che abbiate bisogno di accesso a Internet per un giorno o per un mese, c&#8217;\u00e8 almeno un ottimo pacchetto eSIM belga che fa per voi. Alcune di esse includono [&hellip;]<\/p>\n","protected":false},"author":2,"featured_media":3141302,"parent":0,"menu_order":0,"comment_status":"closed","ping_status":"closed","template":"best-esim-template.php","meta":{"_lmt_disableupdate":"","_lmt_disable":""},"categories":[],"acf":[],"_links":{"self":[{"href":"https:\/\/expertworldtravel.com\/it\/wp-json\/wp\/v2\/pages\/3141299"}],"collection":[{"href":"https:\/\/expertworldtravel.com\/it\/wp-json\/wp\/v2\/pages"}],"about":[{"href":"https:\/\/expertworldtravel.com\/it\/wp-json\/wp\/v2\/types\/page"}],"author":[{"embeddable":true,"href":"https:\/\/expertworldtravel.com\/it\/wp-json\/wp\/v2\/users\/2"}],"replies":[{"embeddable":true,"href":"https:\/\/expertworldtravel.com\/it\/wp-json\/wp\/v2\/comments?post=3141299"}],"version-history":[{"count":1,"href":"https:\/\/expertworldtravel.com\/it\/wp-json\/wp\/v2\/pages\/3141299\/revisions"}],"predecessor-version":[{"id":3142190,"href":"https:\/\/expertworldtravel.com\/it\/wp-json\/wp\/v2\/pages\/3141299\/revisions\/3142190"}],"wp:featuredmedia":[{"embeddable":true,"href":"https:\/\/expertworldtravel.com\/it\/wp-json\/wp\/v2\/media\/3141302"}],"wp:attachment":[{"href":"https:\/\/expertworldtravel.com\/it\/wp-json\/wp\/v2\/media?parent=3141299"}],"wp:term":[{"taxonomy":"category","embeddable":true,"href":"https:\/\/expertworldtravel.com\/it\/wp-json\/wp\/v2\/categories?post=3141299"}],"curies":[{"name":"wp","href":"https:\/\/api.w.org\/{rel}","templated":true}]}}