{"id":3141386,"date":"2023-04-04T15:08:33","date_gmt":"2023-04-04T15:08:33","guid":{"rendered":"https:\/\/expertworldtravel.com\/migliore-esim-filippine\/"},"modified":"2023-11-26T15:56:30","modified_gmt":"2023-11-26T15:56:30","slug":"migliore-esim-filippine","status":"publish","type":"page","link":"https:\/\/expertworldtravel.com\/it\/migliore-esim-filippine\/","title":{"rendered":"La migliore eSIM per le Filippine (Piani dati convenienti)"},"content":{"rendered":"<p class=\"ifp\">Siete in viaggio nelle Filippine e volete ottenere una eSim per accedere a Internet mentre siete l\u00ec? Allora siete nel posto giusto, perch\u00e9 questa guida dettagliata vi parler\u00e0 di tutti i migliori eSim per le Filippine!<\/p>\n<p>Che vi fermiate nel Paese per un paio di giorni o per un paio di mesi, c&#8217;\u00e8 almeno un buon piano dati eSim per voi. Ho incluso anche alcune opzioni per le schede sim fisiche, nel caso in cui siate disposti ad acquistare una scheda sim fisica, a patto che il rapporto qualit\u00e0-prezzo sia buono. In ogni caso, ecco tutto quello che c&#8217;\u00e8 da sapere sulla migliore eSim per le Filippine!<\/p>\n","protected":false},"excerpt":{"rendered":"<p>Siete in viaggio nelle Filippine e volete ottenere una eSim per accedere a Internet mentre siete l\u00ec? Allora siete nel posto giusto, perch\u00e9 questa guida dettagliata vi parler\u00e0 di tutti i migliori eSim per le Filippine! Che vi fermiate nel Paese per un paio di giorni o per un paio di mesi, c&#8217;\u00e8 almeno un [&hellip;]<\/p>\n","protected":false},"author":2,"featured_media":3141387,"parent":0,"menu_order":0,"comment_status":"closed","ping_status":"closed","template":"best-esim-template.php","meta":{"_lmt_disableupdate":"","_lmt_disable":""},"categories":[600264,600337],"acf":[],"_links":{"self":[{"href":"https:\/\/expertworldtravel.com\/it\/wp-json\/wp\/v2\/pages\/3141386"}],"collection":[{"href":"https:\/\/expertworldtravel.com\/it\/wp-json\/wp\/v2\/pages"}],"about":[{"href":"https:\/\/expertworldtravel.com\/it\/wp-json\/wp\/v2\/types\/page"}],"author":[{"embeddable":true,"href":"https:\/\/expertworldtravel.com\/it\/wp-json\/wp\/v2\/users\/2"}],"replies":[{"embeddable":true,"href":"https:\/\/expertworldtravel.com\/it\/wp-json\/wp\/v2\/comments?post=3141386"}],"version-history":[{"count":0,"href":"https:\/\/expertworldtravel.com\/it\/wp-json\/wp\/v2\/pages\/3141386\/revisions"}],"wp:featuredmedia":[{"embeddable":true,"href":"https:\/\/expertworldtravel.com\/it\/wp-json\/wp\/v2\/media\/3141387"}],"wp:attachment":[{"href":"https:\/\/expertworldtravel.com\/it\/wp-json\/wp\/v2\/media?parent=3141386"}],"wp:term":[{"taxonomy":"category","embeddable":true,"href":"https:\/\/expertworldtravel.com\/it\/wp-json\/wp\/v2\/categories?post=3141386"}],"curies":[{"name":"wp","href":"https:\/\/api.w.org\/{rel}","templated":true}]}}