{"id":3141396,"date":"2023-04-25T10:21:26","date_gmt":"2023-04-25T10:21:26","guid":{"rendered":"https:\/\/expertworldtravel.com\/migliore-esim-egypt\/"},"modified":"2025-01-08T11:59:29","modified_gmt":"2025-01-08T11:59:29","slug":"migliore-esim-egypt","status":"publish","type":"page","link":"https:\/\/expertworldtravel.com\/it\/migliore-esim-egypt\/","title":{"rendered":"Le migliori eSIM per l&#8217;Egitto (per rimanere connessi quando si viaggia)"},"content":{"rendered":"<p>State cercando una eSIM per l&#8217;Egitto?<br \/>\nAllora siete nel posto giusto, perch\u00e9 questa guida dettagliata vi illustrer\u00e0 le migliori opzioni eSIM per l&#8217;Egitto!<br \/>\nIndipendentemente dal luogo in cui si viaggia, \u00e8 sempre una buona idea <a href=\"https:\/\/expertworldtravel.com\/best-esim-international-travel\/\" target=\"_blank\" rel=\"noopener\">dotarsi di una eSIM da viaggio<\/a>.<br \/>\nL&#8217;Egitto non fa eccezione, soprattutto perch\u00e9 il Paese non ha una grande copertura WiFi gratuita, e avrete bisogno di un piano sim locale per accedere a Internet quando volete. <\/p>\n<h2>Scegliere la migliore eSIM per l&#8217;Egitto<\/h2>\n<p>La sfida nel trovare una eSIM in Egitto \u00e8 il prezzo.<br \/>\nAnche se ero tentato di prendere una carta SIM quando sono atterrato, sapevo che sarebbe stata un&#8217;esperienza dolorosa.<br \/>\nHo quindi optato per un mix di Airalo e Holafly, a seconda dell&#8217;utilizzo dei dati.<br \/>\nNaturalmente, la maggior parte dei dati \u00e8 stata utilizzata in albergo, di notte, dopo essere stati fuori tutto il giorno alle piramidi o in crociera.<br \/>\nQuindi, onestamente, non avevamo bisogno di dati illimitati.<br \/>\nMa se siete spesso su Insta o guardate molti video, le vostre scelte potrebbero essere diverse.<br \/>\nEcco le due migliori opzioni che abbiamo trovato in Egitto:  <\/p>\n<ul>\n<li><a href=\"https:\/\/maya.net\/esim\/egypt?pid=48fhb2345dg6\" target=\"_blank\" rel=\"noopener\">Maya Mobile<\/a> per i pacchetti prepagati pi\u00f9 economici<\/li>\n<li><a href=\"https:\/\/holafly.sjv.io\/3J7knB\" target=\"_blank\" rel=\"nofollow noopener\">Holafly<\/a> per dati illimitati<\/li>\n<\/ul>\n","protected":false},"excerpt":{"rendered":"<p>State cercando una eSIM per l&#8217;Egitto? Allora siete nel posto giusto, perch\u00e9 questa guida dettagliata vi illustrer\u00e0 le migliori opzioni eSIM per l&#8217;Egitto! Indipendentemente dal luogo in cui si viaggia, \u00e8 sempre una buona idea dotarsi di una eSIM da viaggio. L&#8217;Egitto non fa eccezione, soprattutto perch\u00e9 il Paese non ha una grande copertura WiFi [&hellip;]<\/p>\n","protected":false},"author":6,"featured_media":3138953,"parent":0,"menu_order":0,"comment_status":"closed","ping_status":"closed","template":"best-esim-template.php","meta":{"_lmt_disableupdate":"","_lmt_disable":""},"categories":[600288,600264],"acf":[],"_links":{"self":[{"href":"https:\/\/expertworldtravel.com\/it\/wp-json\/wp\/v2\/pages\/3141396"}],"collection":[{"href":"https:\/\/expertworldtravel.com\/it\/wp-json\/wp\/v2\/pages"}],"about":[{"href":"https:\/\/expertworldtravel.com\/it\/wp-json\/wp\/v2\/types\/page"}],"author":[{"embeddable":true,"href":"https:\/\/expertworldtravel.com\/it\/wp-json\/wp\/v2\/users\/6"}],"replies":[{"embeddable":true,"href":"https:\/\/expertworldtravel.com\/it\/wp-json\/wp\/v2\/comments?post=3141396"}],"version-history":[{"count":4,"href":"https:\/\/expertworldtravel.com\/it\/wp-json\/wp\/v2\/pages\/3141396\/revisions"}],"predecessor-version":[{"id":3142107,"href":"https:\/\/expertworldtravel.com\/it\/wp-json\/wp\/v2\/pages\/3141396\/revisions\/3142107"}],"wp:featuredmedia":[{"embeddable":true,"href":"https:\/\/expertworldtravel.com\/it\/wp-json\/wp\/v2\/media\/3138953"}],"wp:attachment":[{"href":"https:\/\/expertworldtravel.com\/it\/wp-json\/wp\/v2\/media?parent=3141396"}],"wp:term":[{"taxonomy":"category","embeddable":true,"href":"https:\/\/expertworldtravel.com\/it\/wp-json\/wp\/v2\/categories?post=3141396"}],"curies":[{"name":"wp","href":"https:\/\/api.w.org\/{rel}","templated":true}]}}