{"id":3141740,"date":"2023-02-07T13:33:08","date_gmt":"2023-02-07T13:33:08","guid":{"rendered":"https:\/\/expertworldtravel.com\/esim-asia\/"},"modified":"2025-01-21T10:03:08","modified_gmt":"2025-01-21T10:03:08","slug":"esim-asia","status":"publish","type":"page","link":"https:\/\/expertworldtravel.com\/it\/esim-asia\/","title":{"rendered":"La migliore eSIM per l&#8217;Asia nel 2025 (Affordable Data)"},"content":{"rendered":"<p class=\"ifp\">Stai viaggiando in Asia e vuoi avere dei dati per il tuo telefono quando arrivi? Beh, una eSIM \u00e8 il modo perfetto per risolvere questo problema. Te lo dico per esperienza.  <\/p>\n<p class=\"ifp\">Che tu abbia bisogno di un accesso a internet per una settimana o per un mese, c&#8217;\u00e8 una eSIM Asia adatta al tuo prossimo viaggio. In questa guida dettagliata ti illustreremo le migliori eSIM per l&#8217;Asia! <\/p>\n<p>  Ho incluso anche i migliori piani regionali per l&#8217;Asia, nel caso in cui tu abbia intenzione di visitare pi\u00f9 di un paese della regione. La compatibilit\u00e0 dei dispositivi, il supporto delle eSIM e i consigli per l&#8217;utilizzo delle eSIM in Asia sono tutti inclusi in questa guida, quindi continua a leggere per scoprire le migliori opzioni eSIM per l&#8217;Asia! <\/p>\n<h2><span id=\"Benefits_of_Getting_an_eSIM_for_Asia\">I vantaggi di ottenere una eSIM per l&#8217;Asia<\/span><\/h2>\n<p>Il vantaggio principale di avere una eSIM Asia \u00e8 la facilit\u00e0 di accesso a internet ogni volta che ne hai bisogno. Non dovrai utilizzare il roaming dati, che di solito \u00e8 molto costoso per quantit\u00e0 di dati irrisorie. Inoltre, non dovrai vagare per una citt\u00e0 straniera alla ricerca di una carta SIM internazionale per l&#8217;Asia, perch\u00e9 puoi facilmente acquistare e configurare una eSIM online. Inoltre, se acquisti un piano dati eSIM da un provider che consente la condivisione dei dati, \u00e8 come se avessi un WiFi tascabile. Puoi collegare altri dispositivi e condividere internet, il che \u00e8 fantastico. <\/p>\n","protected":false},"excerpt":{"rendered":"<p>Stai viaggiando in Asia e vuoi avere dei dati per il tuo telefono quando arrivi? Beh, una eSIM \u00e8 il modo perfetto per risolvere questo problema. Te lo dico per esperienza. Che tu abbia bisogno di un accesso a internet per una settimana o per un mese, c&#8217;\u00e8 una eSIM Asia adatta al tuo prossimo [&hellip;]<\/p>\n","protected":false},"author":2,"featured_media":0,"parent":0,"menu_order":0,"comment_status":"closed","ping_status":"closed","template":"best-template.php","meta":{"_lmt_disableupdate":"","_lmt_disable":""},"categories":[],"acf":[],"_links":{"self":[{"href":"https:\/\/expertworldtravel.com\/it\/wp-json\/wp\/v2\/pages\/3141740"}],"collection":[{"href":"https:\/\/expertworldtravel.com\/it\/wp-json\/wp\/v2\/pages"}],"about":[{"href":"https:\/\/expertworldtravel.com\/it\/wp-json\/wp\/v2\/types\/page"}],"author":[{"embeddable":true,"href":"https:\/\/expertworldtravel.com\/it\/wp-json\/wp\/v2\/users\/2"}],"replies":[{"embeddable":true,"href":"https:\/\/expertworldtravel.com\/it\/wp-json\/wp\/v2\/comments?post=3141740"}],"version-history":[{"count":1,"href":"https:\/\/expertworldtravel.com\/it\/wp-json\/wp\/v2\/pages\/3141740\/revisions"}],"predecessor-version":[{"id":3141833,"href":"https:\/\/expertworldtravel.com\/it\/wp-json\/wp\/v2\/pages\/3141740\/revisions\/3141833"}],"wp:attachment":[{"href":"https:\/\/expertworldtravel.com\/it\/wp-json\/wp\/v2\/media?parent=3141740"}],"wp:term":[{"taxonomy":"category","embeddable":true,"href":"https:\/\/expertworldtravel.com\/it\/wp-json\/wp\/v2\/categories?post=3141740"}],"curies":[{"name":"wp","href":"https:\/\/api.w.org\/{rel}","templated":true}]}}