{"id":3141815,"date":"2023-02-06T07:18:03","date_gmt":"2023-02-06T07:18:03","guid":{"rendered":"https:\/\/expertworldtravel.com\/esim-spanja\/"},"modified":"2024-12-23T15:29:38","modified_gmt":"2024-12-23T15:29:38","slug":"esim-spanja","status":"publish","type":"page","link":"https:\/\/expertworldtravel.com\/it\/esim-spanja\/","title":{"rendered":"La migliore eSIM per la Spagna nel 2025 (niente pi\u00f9 problemi di roaming)"},"content":{"rendered":"<p>Sei diretto in Spagna e vuoi acquistare una eSIM per il tuo viaggio? Questa guida dettagliata ti illustrer\u00e0 le migliori schede eSIM per la Spagna! Ho trattato tutto ci\u00f2 che riguarda le eSIM in Spagna, da ci\u00f2 che ti serve per ottenere una eSIM locale ai migliori piani dati eSIM disponibili. Che tu abbia bisogno di un numero di telefono locale o di dati mobili illimitati, c&#8217;\u00e8 una eSIM Spagna perfetta per te e la troverai proprio qui! <\/p>\n","protected":false},"excerpt":{"rendered":"<p>Sei diretto in Spagna e vuoi acquistare una eSIM per il tuo viaggio? Questa guida dettagliata ti illustrer\u00e0 le migliori schede eSIM per la Spagna! Ho trattato tutto ci\u00f2 che riguarda le eSIM in Spagna, da ci\u00f2 che ti serve per ottenere una eSIM locale ai migliori piani dati eSIM disponibili. Che tu abbia bisogno [&hellip;]<\/p>\n","protected":false},"author":6,"featured_media":3141816,"parent":0,"menu_order":0,"comment_status":"closed","ping_status":"closed","template":"best-template.php","meta":{"_lmt_disableupdate":"","_lmt_disable":""},"categories":[],"acf":[],"_links":{"self":[{"href":"https:\/\/expertworldtravel.com\/it\/wp-json\/wp\/v2\/pages\/3141815"}],"collection":[{"href":"https:\/\/expertworldtravel.com\/it\/wp-json\/wp\/v2\/pages"}],"about":[{"href":"https:\/\/expertworldtravel.com\/it\/wp-json\/wp\/v2\/types\/page"}],"author":[{"embeddable":true,"href":"https:\/\/expertworldtravel.com\/it\/wp-json\/wp\/v2\/users\/6"}],"replies":[{"embeddable":true,"href":"https:\/\/expertworldtravel.com\/it\/wp-json\/wp\/v2\/comments?post=3141815"}],"version-history":[{"count":0,"href":"https:\/\/expertworldtravel.com\/it\/wp-json\/wp\/v2\/pages\/3141815\/revisions"}],"wp:featuredmedia":[{"embeddable":true,"href":"https:\/\/expertworldtravel.com\/it\/wp-json\/wp\/v2\/media\/3141816"}],"wp:attachment":[{"href":"https:\/\/expertworldtravel.com\/it\/wp-json\/wp\/v2\/media?parent=3141815"}],"wp:term":[{"taxonomy":"category","embeddable":true,"href":"https:\/\/expertworldtravel.com\/it\/wp-json\/wp\/v2\/categories?post=3141815"}],"curies":[{"name":"wp","href":"https:\/\/api.w.org\/{rel}","templated":true}]}}