{"id":3141826,"date":"2023-09-26T14:38:07","date_gmt":"2023-09-26T14:38:07","guid":{"rendered":"https:\/\/expertworldtravel.com\/esim-laos\/"},"modified":"2024-12-24T09:43:00","modified_gmt":"2024-12-24T09:43:00","slug":"esim-laos","status":"publish","type":"page","link":"https:\/\/expertworldtravel.com\/it\/esim-laos\/","title":{"rendered":"La migliore eSIM per il Laos (Dati a basso prezzo)"},"content":{"rendered":"<p>Acquistare una eSIM da utilizzare durante la tua permanenza in Laos \u00e8 un&#8217;ottima idea se vuoi un accesso a internet a basso costo durante la tua vacanza. Un piano dati eSIM \u00e8 sempre pi\u00f9 economico del roaming e di solito offre una connessione internet pi\u00f9 stabile. Ho esaminato i piani eSIM per il Laos di tutti i migliori fornitori di eSIM e li ho confrontati, in modo che tu possa trovare facilmente l&#8217;opzione migliore per te. Questa recensione dettagliata delle migliori eSIM per il Laos include piani settimanali, mensili e anche eSIM con copertura regionale in Asia e numeri di telefono. Ci sono opzioni per tutti, quindi unisciti a me per scoprire tutte le opzioni per una eSIM per il Laos!<\/p>\n","protected":false},"excerpt":{"rendered":"<p>Acquistare una eSIM da utilizzare durante la tua permanenza in Laos \u00e8 un&#8217;ottima idea se vuoi un accesso a internet a basso costo durante la tua vacanza. Un piano dati eSIM \u00e8 sempre pi\u00f9 economico del roaming e di solito offre una connessione internet pi\u00f9 stabile. Ho esaminato i piani eSIM per il Laos di [&hellip;]<\/p>\n","protected":false},"author":2,"featured_media":3140708,"parent":0,"menu_order":0,"comment_status":"closed","ping_status":"closed","template":"best-esim-template.php","meta":{"_lmt_disableupdate":"","_lmt_disable":""},"categories":[600264,600328],"acf":[],"_links":{"self":[{"href":"https:\/\/expertworldtravel.com\/it\/wp-json\/wp\/v2\/pages\/3141826"}],"collection":[{"href":"https:\/\/expertworldtravel.com\/it\/wp-json\/wp\/v2\/pages"}],"about":[{"href":"https:\/\/expertworldtravel.com\/it\/wp-json\/wp\/v2\/types\/page"}],"author":[{"embeddable":true,"href":"https:\/\/expertworldtravel.com\/it\/wp-json\/wp\/v2\/users\/2"}],"replies":[{"embeddable":true,"href":"https:\/\/expertworldtravel.com\/it\/wp-json\/wp\/v2\/comments?post=3141826"}],"version-history":[{"count":0,"href":"https:\/\/expertworldtravel.com\/it\/wp-json\/wp\/v2\/pages\/3141826\/revisions"}],"wp:featuredmedia":[{"embeddable":true,"href":"https:\/\/expertworldtravel.com\/it\/wp-json\/wp\/v2\/media\/3140708"}],"wp:attachment":[{"href":"https:\/\/expertworldtravel.com\/it\/wp-json\/wp\/v2\/media?parent=3141826"}],"wp:term":[{"taxonomy":"category","embeddable":true,"href":"https:\/\/expertworldtravel.com\/it\/wp-json\/wp\/v2\/categories?post=3141826"}],"curies":[{"name":"wp","href":"https:\/\/api.w.org\/{rel}","templated":true}]}}