{"id":3138948,"date":"2023-09-05T14:53:38","date_gmt":"2023-09-05T14:53:38","guid":{"rendered":"https:\/\/expertworldtravel.com\/beste-esim-voor-jordanie-prepaid-data-vergelijken\/"},"modified":"2023-09-05T15:05:07","modified_gmt":"2023-09-05T15:05:07","slug":"esim-jordanie","status":"publish","type":"page","link":"https:\/\/expertworldtravel.com\/nl\/esim-jordanie\/","title":{"rendered":"Beste eSIM voor Jordani\u00eb (Prepaid Data Vergelijken)"},"content":{"rendered":"<p>Reis je naar Jordani\u00eb en heb je een prepaid eSIM nodig voor data?&nbsp;<\/p>\n<p>ESIM&#8217;s zijn de ideale manier om roamingkosten te vermijden wanneer je in Jordani\u00eb bent. Maar het kan een beetje verwarrend worden met alle prepaid eSIM-opties die er zijn.<\/p>\n<p>Daarom hebben we alle beste eSIM&#8217;s voor Jordani\u00eb op \u00e9\u00e9n plek verzameld, zodat je de ideale eSIM zo snel mogelijk kunt vinden.<\/p>\n","protected":false},"excerpt":{"rendered":"<p>Reis je naar Jordani\u00eb en heb je een prepaid eSIM nodig voor data?&nbsp; ESIM&#8217;s zijn de ideale manier om roamingkosten te vermijden wanneer je in Jordani\u00eb bent. Maar het kan een beetje verwarrend worden met alle prepaid eSIM-opties die er zijn. Daarom hebben we alle beste eSIM&#8217;s voor Jordani\u00eb op \u00e9\u00e9n plek verzameld, zodat je [&hellip;]<\/p>\n","protected":false},"author":2,"featured_media":3138949,"parent":0,"menu_order":0,"comment_status":"closed","ping_status":"closed","template":"best-esim-template.php","meta":{"_lmt_disableupdate":"no","_lmt_disable":""},"categories":[600286,600265],"acf":[],"_links":{"self":[{"href":"https:\/\/expertworldtravel.com\/nl\/wp-json\/wp\/v2\/pages\/3138948"}],"collection":[{"href":"https:\/\/expertworldtravel.com\/nl\/wp-json\/wp\/v2\/pages"}],"about":[{"href":"https:\/\/expertworldtravel.com\/nl\/wp-json\/wp\/v2\/types\/page"}],"author":[{"embeddable":true,"href":"https:\/\/expertworldtravel.com\/nl\/wp-json\/wp\/v2\/users\/2"}],"replies":[{"embeddable":true,"href":"https:\/\/expertworldtravel.com\/nl\/wp-json\/wp\/v2\/comments?post=3138948"}],"version-history":[{"count":1,"href":"https:\/\/expertworldtravel.com\/nl\/wp-json\/wp\/v2\/pages\/3138948\/revisions"}],"predecessor-version":[{"id":3138959,"href":"https:\/\/expertworldtravel.com\/nl\/wp-json\/wp\/v2\/pages\/3138948\/revisions\/3138959"}],"wp:featuredmedia":[{"embeddable":true,"href":"https:\/\/expertworldtravel.com\/nl\/wp-json\/wp\/v2\/media\/3138949"}],"wp:attachment":[{"href":"https:\/\/expertworldtravel.com\/nl\/wp-json\/wp\/v2\/media?parent=3138948"}],"wp:term":[{"taxonomy":"category","embeddable":true,"href":"https:\/\/expertworldtravel.com\/nl\/wp-json\/wp\/v2\/categories?post=3138948"}],"curies":[{"name":"wp","href":"https:\/\/api.w.org\/{rel}","templated":true}]}}