{"id":3139241,"date":"2023-05-17T17:08:25","date_gmt":"2023-05-17T17:08:25","guid":{"rendered":"https:\/\/expertworldtravel.com\/beste-esim-namibie\/"},"modified":"2023-09-07T12:41:57","modified_gmt":"2023-09-07T12:41:57","slug":"esim-namibie","status":"publish","type":"page","link":"https:\/\/expertworldtravel.com\/nl\/esim-namibie\/","title":{"rendered":"Beste eSim voor Namibi\u00eb: Een gids voor reizigers"},"content":{"rendered":"<p>Namibi\u00eb is misschien wel het mooiste land van Afrika, maar dat is een gewaagde uitspraak. Als je dit leest, is de kans groot dat je naar Namibi\u00eb gaat en je afvraagt hoe je verbinding kunt houden met mobiele data terwijl je daar bent.<\/p>\n<p>In dit artikel gaan we kijken naar de beste eSim Namibi\u00eb voor je reis, omdat het de handigste manier is om verbonden te blijven in Namibi\u00eb in vergelijking met dataroaming of een lokale Namibi\u00eb simkaart.<\/p>\n<p>Hieronder vind je alle prepaid eSim data plannen die worden aangeboden door de beste eSim providers ter wereld, zodat je de beste eSim voor Namibi\u00eb kunt vinden.<\/p>\n","protected":false},"excerpt":{"rendered":"<p>Namibi\u00eb is misschien wel het mooiste land van Afrika, maar dat is een gewaagde uitspraak. Als je dit leest, is de kans groot dat je naar Namibi\u00eb gaat en je afvraagt hoe je verbinding kunt houden met mobiele data terwijl je daar bent. In dit artikel gaan we kijken naar de beste eSim Namibi\u00eb voor [&hellip;]<\/p>\n","protected":false},"author":2,"featured_media":3139242,"parent":0,"menu_order":0,"comment_status":"closed","ping_status":"closed","template":"best-esim-template.php","meta":{"_lmt_disableupdate":"no","_lmt_disable":""},"categories":[600265],"acf":[],"_links":{"self":[{"href":"https:\/\/expertworldtravel.com\/nl\/wp-json\/wp\/v2\/pages\/3139241"}],"collection":[{"href":"https:\/\/expertworldtravel.com\/nl\/wp-json\/wp\/v2\/pages"}],"about":[{"href":"https:\/\/expertworldtravel.com\/nl\/wp-json\/wp\/v2\/types\/page"}],"author":[{"embeddable":true,"href":"https:\/\/expertworldtravel.com\/nl\/wp-json\/wp\/v2\/users\/2"}],"replies":[{"embeddable":true,"href":"https:\/\/expertworldtravel.com\/nl\/wp-json\/wp\/v2\/comments?post=3139241"}],"version-history":[{"count":1,"href":"https:\/\/expertworldtravel.com\/nl\/wp-json\/wp\/v2\/pages\/3139241\/revisions"}],"predecessor-version":[{"id":3139246,"href":"https:\/\/expertworldtravel.com\/nl\/wp-json\/wp\/v2\/pages\/3139241\/revisions\/3139246"}],"wp:featuredmedia":[{"embeddable":true,"href":"https:\/\/expertworldtravel.com\/nl\/wp-json\/wp\/v2\/media\/3139242"}],"wp:attachment":[{"href":"https:\/\/expertworldtravel.com\/nl\/wp-json\/wp\/v2\/media?parent=3139241"}],"wp:term":[{"taxonomy":"category","embeddable":true,"href":"https:\/\/expertworldtravel.com\/nl\/wp-json\/wp\/v2\/categories?post=3139241"}],"curies":[{"name":"wp","href":"https:\/\/api.w.org\/{rel}","templated":true}]}}