{"id":3141303,"date":"2023-03-20T13:26:49","date_gmt":"2023-03-20T13:26:49","guid":{"rendered":"https:\/\/expertworldtravel.com\/beste-esim-belgie\/"},"modified":"2025-01-21T09:59:17","modified_gmt":"2025-01-21T09:59:17","slug":"beste-esim-belgie","status":"publish","type":"page","link":"https:\/\/expertworldtravel.com\/nl\/beste-esim-belgie\/","title":{"rendered":"Beste eSIM voor Belgi\u00eb (Gemakkelijk reizen)"},"content":{"rendered":"<p>Reis je naar Belgi\u00eb en wil je een eSIM? Dan ben je hier aan het juiste adres, want deze gids vertelt je over de beste eSim-opties voor Belgi\u00eb!<\/p>\n<p>Of je nu voor een dag of een maand internettoegang nodig hebt, er is minstens \u00e9\u00e9n geweldig Belgi\u00eb eSIM-pakket voor jou. En bij sommige zijn sms&#8217;jes en telefoongesprekken inbegrepen, wat zeldzaam is voor eSIM&#8217;s.<\/p>\n<p>Deze gids behandelt alle <a href=\"https:\/\/expertworldtravel.com\/best-esim-europe\/\" target=\"_blank\" rel=\"noopener\">top eSIM providers voor Europa<\/a> die eSIM&#8217;s voor Belgi\u00eb aanbieden, evenals een paar lokale providers in het land die vooral fysieke simkaarten voor toeristen verkopen. Hoe dan ook, hier is alles wat je moet weten over de beste eSim voor Belgi\u00eb!<\/p>\n","protected":false},"excerpt":{"rendered":"<p>Reis je naar Belgi\u00eb en wil je een eSIM? Dan ben je hier aan het juiste adres, want deze gids vertelt je over de beste eSim-opties voor Belgi\u00eb! Of je nu voor een dag of een maand internettoegang nodig hebt, er is minstens \u00e9\u00e9n geweldig Belgi\u00eb eSIM-pakket voor jou. En bij sommige zijn sms&#8217;jes en [&hellip;]<\/p>\n","protected":false},"author":2,"featured_media":3141306,"parent":0,"menu_order":0,"comment_status":"closed","ping_status":"closed","template":"best-esim-template.php","meta":{"_lmt_disableupdate":"","_lmt_disable":""},"categories":[],"acf":[],"_links":{"self":[{"href":"https:\/\/expertworldtravel.com\/nl\/wp-json\/wp\/v2\/pages\/3141303"}],"collection":[{"href":"https:\/\/expertworldtravel.com\/nl\/wp-json\/wp\/v2\/pages"}],"about":[{"href":"https:\/\/expertworldtravel.com\/nl\/wp-json\/wp\/v2\/types\/page"}],"author":[{"embeddable":true,"href":"https:\/\/expertworldtravel.com\/nl\/wp-json\/wp\/v2\/users\/2"}],"replies":[{"embeddable":true,"href":"https:\/\/expertworldtravel.com\/nl\/wp-json\/wp\/v2\/comments?post=3141303"}],"version-history":[{"count":1,"href":"https:\/\/expertworldtravel.com\/nl\/wp-json\/wp\/v2\/pages\/3141303\/revisions"}],"predecessor-version":[{"id":3142189,"href":"https:\/\/expertworldtravel.com\/nl\/wp-json\/wp\/v2\/pages\/3141303\/revisions\/3142189"}],"wp:featuredmedia":[{"embeddable":true,"href":"https:\/\/expertworldtravel.com\/nl\/wp-json\/wp\/v2\/media\/3141306"}],"wp:attachment":[{"href":"https:\/\/expertworldtravel.com\/nl\/wp-json\/wp\/v2\/media?parent=3141303"}],"wp:term":[{"taxonomy":"category","embeddable":true,"href":"https:\/\/expertworldtravel.com\/nl\/wp-json\/wp\/v2\/categories?post=3141303"}],"curies":[{"name":"wp","href":"https:\/\/api.w.org\/{rel}","templated":true}]}}