{"id":3141738,"date":"2023-02-07T13:33:08","date_gmt":"2023-02-07T13:33:08","guid":{"rendered":"https:\/\/expertworldtravel.com\/esim-azie\/"},"modified":"2025-01-21T10:02:33","modified_gmt":"2025-01-21T10:02:33","slug":"esim-azie","status":"publish","type":"page","link":"https:\/\/expertworldtravel.com\/nl\/esim-azie\/","title":{"rendered":"Beste eSIM voor Azi\u00eb in 2025 (Betaalbare gegevens)"},"content":{"rendered":"<p class=\"ifp\">Reis je naar Azi\u00eb en wil je data voor je telefoon als je aankomt? Nou, een eSIM is de perfecte manier om dat probleem op te lossen. Dat kan ik je uit ervaring vertellen.  <\/p>\n<p class=\"ifp\">Of je nu een week of een maand internettoegang nodig hebt, er is een geschikte Azi\u00eb eSIM voor je volgende reis. In deze gedetailleerde gids vertellen we je alles over de beste eSIM-opties voor Azi\u00eb! <\/p>\n<p>  Ik heb ook de beste regionale plannen voor Azi\u00eb opgenomen, voor het geval je van plan bent om meer dan \u00e9\u00e9n land in de regio te bezoeken. Compatibiliteit van apparaten, eSIM-ondersteuning en tips voor het gebruik van eSIM&#8217;s in Azi\u00eb zijn allemaal opgenomen in deze gids, dus blijf lezen om de beste eSIM-opties voor Azi\u00eb te bekijken! <\/p>\n<h2><span id=\"Benefits_of_Getting_an_eSIM_for_Asia\">Voordelen van een eSIM voor Azi\u00eb<\/span><\/h2>\n<p>Het grootste voordeel van een Asia eSIM is de gemakkelijke toegang tot internet wanneer je het nodig hebt. Je hoeft geen gebruik te maken van dataroaming, wat meestal erg duur is voor belachelijk kleine hoeveelheden data. Je hoeft ook niet door een vreemde stad te zwerven op zoek naar een internationale simkaart voor Azi\u00eb, want je kunt eenvoudig online een eSIM kopen en instellen. En als je een eSIM-data-abonnement koopt bij een provider die het delen van gegevens toestaat, is het net alsof je zak-WiFi hebt. Je kunt je andere apparaten aansluiten en het internet delen, wat geweldig is. <\/p>\n","protected":false},"excerpt":{"rendered":"<p>Reis je naar Azi\u00eb en wil je data voor je telefoon als je aankomt? Nou, een eSIM is de perfecte manier om dat probleem op te lossen. Dat kan ik je uit ervaring vertellen. Of je nu een week of een maand internettoegang nodig hebt, er is een geschikte Azi\u00eb eSIM voor je volgende reis. [&hellip;]<\/p>\n","protected":false},"author":2,"featured_media":0,"parent":0,"menu_order":0,"comment_status":"closed","ping_status":"closed","template":"best-template.php","meta":{"_lmt_disableupdate":"","_lmt_disable":""},"categories":[],"acf":[],"_links":{"self":[{"href":"https:\/\/expertworldtravel.com\/nl\/wp-json\/wp\/v2\/pages\/3141738"}],"collection":[{"href":"https:\/\/expertworldtravel.com\/nl\/wp-json\/wp\/v2\/pages"}],"about":[{"href":"https:\/\/expertworldtravel.com\/nl\/wp-json\/wp\/v2\/types\/page"}],"author":[{"embeddable":true,"href":"https:\/\/expertworldtravel.com\/nl\/wp-json\/wp\/v2\/users\/2"}],"replies":[{"embeddable":true,"href":"https:\/\/expertworldtravel.com\/nl\/wp-json\/wp\/v2\/comments?post=3141738"}],"version-history":[{"count":1,"href":"https:\/\/expertworldtravel.com\/nl\/wp-json\/wp\/v2\/pages\/3141738\/revisions"}],"predecessor-version":[{"id":3141830,"href":"https:\/\/expertworldtravel.com\/nl\/wp-json\/wp\/v2\/pages\/3141738\/revisions\/3141830"}],"wp:attachment":[{"href":"https:\/\/expertworldtravel.com\/nl\/wp-json\/wp\/v2\/media?parent=3141738"}],"wp:term":[{"taxonomy":"category","embeddable":true,"href":"https:\/\/expertworldtravel.com\/nl\/wp-json\/wp\/v2\/categories?post=3141738"}],"curies":[{"name":"wp","href":"https:\/\/api.w.org\/{rel}","templated":true}]}}