{"id":3141799,"date":"2023-04-18T21:23:59","date_gmt":"2023-04-18T21:23:59","guid":{"rendered":"https:\/\/expertworldtravel.com\/esim-italie\/"},"modified":"2024-12-23T14:24:30","modified_gmt":"2024-12-23T14:24:30","slug":"esim-italie","status":"publish","type":"page","link":"https:\/\/expertworldtravel.com\/nl\/esim-italie\/","title":{"rendered":"Beste eSIM voor Itali\u00eb (Topopties voor reizigers)"},"content":{"rendered":"<p>Benieuwd wat de perfecte Itali\u00eb eSIM is voor jouw bezoek? De dagen dat je je zorgen moest maken over roamingkosten zijn voorbij. eSIM&#8217;s zijn een fantastische optie om geld te besparen op data terwijl je in Itali\u00eb bent. Maar wat is de beste eSIM voor Itali\u00eb? Dat gaan we hier uitzoeken. We onderzoeken de beste eSIM-aanbieders in Itali\u00eb, hun dekking, verbindingssnelheden en andere factoren om ervoor te zorgen dat je het beste eSIM-dataplan voor jouw behoeften vindt.<\/p>\n<h2>Beste Italiaanse eSIM-aanbieders<\/h2>\n","protected":false},"excerpt":{"rendered":"<p>Benieuwd wat de perfecte Itali\u00eb eSIM is voor jouw bezoek? De dagen dat je je zorgen moest maken over roamingkosten zijn voorbij. eSIM&#8217;s zijn een fantastische optie om geld te besparen op data terwijl je in Itali\u00eb bent. Maar wat is de beste eSIM voor Itali\u00eb? Dat gaan we hier uitzoeken. We onderzoeken de beste [&hellip;]<\/p>\n","protected":false},"author":2,"featured_media":0,"parent":0,"menu_order":0,"comment_status":"closed","ping_status":"closed","template":"best-esim-template.php","meta":{"_lmt_disableupdate":"","_lmt_disable":""},"categories":[600342,600265],"acf":[],"_links":{"self":[{"href":"https:\/\/expertworldtravel.com\/nl\/wp-json\/wp\/v2\/pages\/3141799"}],"collection":[{"href":"https:\/\/expertworldtravel.com\/nl\/wp-json\/wp\/v2\/pages"}],"about":[{"href":"https:\/\/expertworldtravel.com\/nl\/wp-json\/wp\/v2\/types\/page"}],"author":[{"embeddable":true,"href":"https:\/\/expertworldtravel.com\/nl\/wp-json\/wp\/v2\/users\/2"}],"replies":[{"embeddable":true,"href":"https:\/\/expertworldtravel.com\/nl\/wp-json\/wp\/v2\/comments?post=3141799"}],"version-history":[{"count":0,"href":"https:\/\/expertworldtravel.com\/nl\/wp-json\/wp\/v2\/pages\/3141799\/revisions"}],"wp:attachment":[{"href":"https:\/\/expertworldtravel.com\/nl\/wp-json\/wp\/v2\/media?parent=3141799"}],"wp:term":[{"taxonomy":"category","embeddable":true,"href":"https:\/\/expertworldtravel.com\/nl\/wp-json\/wp\/v2\/categories?post=3141799"}],"curies":[{"name":"wp","href":"https:\/\/api.w.org\/{rel}","templated":true}]}}