{"id":3141931,"date":"2023-04-20T13:12:25","date_gmt":"2023-04-20T13:12:25","guid":{"rendered":"https:\/\/expertworldtravel.com\/esim-albanie\/"},"modified":"2024-12-27T09:23:37","modified_gmt":"2024-12-27T09:23:37","slug":"esim-albanie","status":"publish","type":"page","link":"https:\/\/expertworldtravel.com\/nl\/esim-albanie\/","title":{"rendered":"Beste eSIM voor Albani\u00eb in 2025"},"content":{"rendered":"<p>Op zoek naar een eSIM voor Albani\u00eb? ESIMs zijn een geweldige manier om geld te besparen als je in Albani\u00eb reist. Hieronder heb ik de beste eSIM&#8217;s voor Albani\u00eb voor je gevonden. Vergelijk hieronder eSIM-prijzen en datavergunningen en meer van de beste eSIM-aanbieders.<\/p>\n","protected":false},"excerpt":{"rendered":"<p>Op zoek naar een eSIM voor Albani\u00eb? ESIMs zijn een geweldige manier om geld te besparen als je in Albani\u00eb reist. Hieronder heb ik de beste eSIM&#8217;s voor Albani\u00eb voor je gevonden. Vergelijk hieronder eSIM-prijzen en datavergunningen en meer van de beste eSIM-aanbieders.<\/p>\n","protected":false},"author":6,"featured_media":3141932,"parent":0,"menu_order":0,"comment_status":"closed","ping_status":"closed","template":"best-esim-template.php","meta":{"_lmt_disableupdate":"","_lmt_disable":""},"categories":[600354,600265],"acf":[],"_links":{"self":[{"href":"https:\/\/expertworldtravel.com\/nl\/wp-json\/wp\/v2\/pages\/3141931"}],"collection":[{"href":"https:\/\/expertworldtravel.com\/nl\/wp-json\/wp\/v2\/pages"}],"about":[{"href":"https:\/\/expertworldtravel.com\/nl\/wp-json\/wp\/v2\/types\/page"}],"author":[{"embeddable":true,"href":"https:\/\/expertworldtravel.com\/nl\/wp-json\/wp\/v2\/users\/6"}],"replies":[{"embeddable":true,"href":"https:\/\/expertworldtravel.com\/nl\/wp-json\/wp\/v2\/comments?post=3141931"}],"version-history":[{"count":0,"href":"https:\/\/expertworldtravel.com\/nl\/wp-json\/wp\/v2\/pages\/3141931\/revisions"}],"wp:featuredmedia":[{"embeddable":true,"href":"https:\/\/expertworldtravel.com\/nl\/wp-json\/wp\/v2\/media\/3141932"}],"wp:attachment":[{"href":"https:\/\/expertworldtravel.com\/nl\/wp-json\/wp\/v2\/media?parent=3141931"}],"wp:term":[{"taxonomy":"category","embeddable":true,"href":"https:\/\/expertworldtravel.com\/nl\/wp-json\/wp\/v2\/categories?post=3141931"}],"curies":[{"name":"wp","href":"https:\/\/api.w.org\/{rel}","templated":true}]}}