{"id":3142028,"date":"2023-04-27T16:16:50","date_gmt":"2023-04-27T16:16:50","guid":{"rendered":"https:\/\/expertworldtravel.com\/esim-afrika\/"},"modified":"2025-01-02T15:16:29","modified_gmt":"2025-01-02T15:16:29","slug":"esim-afrika","status":"publish","type":"page","link":"https:\/\/expertworldtravel.com\/nl\/esim-afrika\/","title":{"rendered":"Beste eSIM voor Afrika (prepaid reisgegevens)"},"content":{"rendered":"<p>Als je van plan bent om naar Afrika te reizen en door meerdere Afrikaanse landen reist, hoe wil je dan verbonden blijven? Je zou dataroaming kunnen gebruiken, maar dat is veel te duur. Een nieuwe SIM-kaart kopen telkens als je een grens oversteekt zou kunnen werken, maar dat is een hoop gedoe. Misschien is een eSIM voor Afrika de oplossing? Ik denk van wel. Met een eSIM voor Afrika kun je \u00e9\u00e9n simkaart en \u00e9\u00e9n data-abonnement gebruiken in verschillende Afrikaanse landen, waardoor het een fluitje van een cent is om verbonden te blijven. Maar voor welke eSim moet je kiezen? Ik neem alle top eSIM&#8217;s die Afrika te bieden heeft met je door, zodat jij de beste eSIM voor Afrika kunt vinden die je tijdens je reis kunt gebruiken.<\/p>\n","protected":false},"excerpt":{"rendered":"<p>Als je van plan bent om naar Afrika te reizen en door meerdere Afrikaanse landen reist, hoe wil je dan verbonden blijven? Je zou dataroaming kunnen gebruiken, maar dat is veel te duur. Een nieuwe SIM-kaart kopen telkens als je een grens oversteekt zou kunnen werken, maar dat is een hoop gedoe. Misschien is een [&hellip;]<\/p>\n","protected":false},"author":2,"featured_media":3142029,"parent":0,"menu_order":0,"comment_status":"closed","ping_status":"closed","template":"best-esim-template.php","meta":{"_lmt_disableupdate":"","_lmt_disable":""},"categories":[600361,600265],"acf":[],"_links":{"self":[{"href":"https:\/\/expertworldtravel.com\/nl\/wp-json\/wp\/v2\/pages\/3142028"}],"collection":[{"href":"https:\/\/expertworldtravel.com\/nl\/wp-json\/wp\/v2\/pages"}],"about":[{"href":"https:\/\/expertworldtravel.com\/nl\/wp-json\/wp\/v2\/types\/page"}],"author":[{"embeddable":true,"href":"https:\/\/expertworldtravel.com\/nl\/wp-json\/wp\/v2\/users\/2"}],"replies":[{"embeddable":true,"href":"https:\/\/expertworldtravel.com\/nl\/wp-json\/wp\/v2\/comments?post=3142028"}],"version-history":[{"count":0,"href":"https:\/\/expertworldtravel.com\/nl\/wp-json\/wp\/v2\/pages\/3142028\/revisions"}],"wp:featuredmedia":[{"embeddable":true,"href":"https:\/\/expertworldtravel.com\/nl\/wp-json\/wp\/v2\/media\/3142029"}],"wp:attachment":[{"href":"https:\/\/expertworldtravel.com\/nl\/wp-json\/wp\/v2\/media?parent=3142028"}],"wp:term":[{"taxonomy":"category","embeddable":true,"href":"https:\/\/expertworldtravel.com\/nl\/wp-json\/wp\/v2\/categories?post=3142028"}],"curies":[{"name":"wp","href":"https:\/\/api.w.org\/{rel}","templated":true}]}}