{"id":3142123,"date":"2023-02-19T03:00:31","date_gmt":"2023-02-19T03:00:31","guid":{"rendered":"https:\/\/expertworldtravel.com\/airalo-vs-holafly\/"},"modified":"2025-01-08T12:19:56","modified_gmt":"2025-01-08T12:19:56","slug":"airalo-vs-holafly","status":"publish","type":"page","link":"https:\/\/expertworldtravel.com\/nl\/airalo-vs-holafly\/","title":{"rendered":"Airalo vs Holafly eSims: Welke is beter?"},"content":{"rendered":"<p><a href=\"https:\/\/airalo.pxf.io\/Jre17v\" target=\"_blank\" rel=\"noopener\">Airalo<\/a> en <a href=\"https:\/\/airalo.pxf.io\/Jre17v\" target=\"_blank\" rel=\"noopener\">Holafly<\/a> zijn twee van de beste eSim-aanbieders op de markt op dit moment en je vraagt je misschien af welke de juiste is voor jou. Ze bieden allebei veel verschillende prepaid eSim-datapakketten voor landen en regio&#8217;s over de hele wereld. Ze hebben elk voor- en nadelen, dus het loont om te weten welke past bij waar je naartoe gaat of wat je databehoeften zijn. Hieronder geef ik een kort overzicht van de voor- en nadelen van elk pakket en ga ik daarna dieper in op de prijzen van de eSim-pakketten en de landendekking van elk pakket.<\/p>\n<h2>Voordelen en nadelen van Airalo<\/h2>\n<p><img decoding=\"async\" loading=\"lazy\" class=\"aligncenter size-medium wp-image-3095145\" src=\"https:\/\/expertworldtravel.com\/wp-content\/uploads\/2023\/02\/airalo-esims-500x144.jpg\" alt=\"Airalo eSims\" width=\"500\" height=\"144\" srcset=\"https:\/\/expertworldtravel.com\/wp-content\/uploads\/2023\/02\/airalo-esims-500x144.jpg 500w, https:\/\/expertworldtravel.com\/wp-content\/uploads\/2023\/02\/airalo-esims-300x87.jpg 300w, https:\/\/expertworldtravel.com\/wp-content\/uploads\/2023\/02\/airalo-esims-768x222.jpg 768w, https:\/\/expertworldtravel.com\/wp-content\/uploads\/2023\/02\/airalo-esims-80x23.jpg 80w, https:\/\/expertworldtravel.com\/wp-content\/uploads\/2023\/02\/airalo-esims-220x64.jpg 220w, https:\/\/expertworldtravel.com\/wp-content\/uploads\/2023\/02\/airalo-esims-250x72.jpg 250w, https:\/\/expertworldtravel.com\/wp-content\/uploads\/2023\/02\/airalo-esims-280x81.jpg 280w, https:\/\/expertworldtravel.com\/wp-content\/uploads\/2023\/02\/airalo-esims-510x147.jpg 510w, https:\/\/expertworldtravel.com\/wp-content\/uploads\/2023\/02\/airalo-esims-750x217.jpg 750w, https:\/\/expertworldtravel.com\/wp-content\/uploads\/2023\/02\/airalo-esims.jpg 800w\" sizes=\"(max-width: 500px) 100vw, 500px\" \/><\/p>\n<p><a href=\"https:\/\/airalo.pxf.io\/Jre17v\" target=\"_blank\" rel=\"nofollow noopener\">Airalo is een van de populairste eSim-bedrijven<\/a> die er zijn. En ik kan alleen maar bevestigen dat ze geweldig zijn. Ik heb de afgelopen maanden veel gereisd en hun plannen in verschillende landen gebruikt. Ik hou van hun flexibele pakketten (small-medium data pakketten in de meeste landen) en het gemak van gebruik en vernieuwing onderweg. Maar ik dacht ik vat even samen wat goed en minder goed is aan Airalo:  <\/p>\n<h3>Voordelen<\/h3>\n<ul>\n<li>Lage prijzen per Gig, zelfs voor slechts 1 GB<\/li>\n<li>Je kunt kopen, vernieuwen of updaten via het web of hun App<\/li>\n<li>Fatsoenlijke lijst met landen (84+) en regio&#8217;s<\/li>\n<li>Wereldwijde pakketten zijn redelijk geprijsd<\/li>\n<li>Ze sturen je waarschuwingen als je gegevens bijna op zijn of als je abonnement afloopt<\/li>\n<\/ul>\n<h3>Nadelen<\/h3>\n<ul>\n<li>Niet alle landen zijn goedkoop per GB<\/li>\n<li>Datapakketten zijn maximaal 30 dagen<\/li>\n<\/ul>\n<div class=\"product-section-button\"><a href=\"https:\/\/airalo.pxf.io\/Jre17v\" rel=\"nofollow noopener\" target=\"_blank\">BEKIJK PRIJZEN OP AIRALO<\/a><\/div>\n<h2>Voordelen en nadelen van Holafly<\/h2>\n<p><img decoding=\"async\" loading=\"lazy\" class=\"aligncenter size-medium wp-image-3095148\" src=\"https:\/\/expertworldtravel.com\/wp-content\/uploads\/2023\/02\/holafly-esims-500x197.jpg\" alt=\"Holafly eSims\" width=\"500\" height=\"197\" srcset=\"https:\/\/expertworldtravel.com\/wp-content\/uploads\/2023\/02\/holafly-esims-500x197.jpg 500w, https:\/\/expertworldtravel.com\/wp-content\/uploads\/2023\/02\/holafly-esims-300x118.jpg 300w, https:\/\/expertworldtravel.com\/wp-content\/uploads\/2023\/02\/holafly-esims-768x302.jpg 768w, https:\/\/expertworldtravel.com\/wp-content\/uploads\/2023\/02\/holafly-esims-80x32.jpg 80w, https:\/\/expertworldtravel.com\/wp-content\/uploads\/2023\/02\/holafly-esims-220x87.jpg 220w, https:\/\/expertworldtravel.com\/wp-content\/uploads\/2023\/02\/holafly-esims-250x98.jpg 250w, https:\/\/expertworldtravel.com\/wp-content\/uploads\/2023\/02\/holafly-esims-280x110.jpg 280w, https:\/\/expertworldtravel.com\/wp-content\/uploads\/2023\/02\/holafly-esims-510x201.jpg 510w, https:\/\/expertworldtravel.com\/wp-content\/uploads\/2023\/02\/holafly-esims-750x295.jpg 750w, https:\/\/expertworldtravel.com\/wp-content\/uploads\/2023\/02\/holafly-esims.jpg 800w\" sizes=\"(max-width: 500px) 100vw, 500px\" \/><\/p>\n<p>Holafly is meer een nieuwkomer in het eSim-spel, maar ze hebben veel voordelen in plaatsen zoals Europa, en ze zijn de enige die onbeperkte datapakketten aanbieden die ik heb kunnen vinden.<\/p>\n<h3>Voordelen<\/h3>\n<ul>\n<li>Onbeperkt dataverkeer naar de belangrijkste bestemmingen (VS, Mexico, VK, Europa)<\/li>\n<li>Langere tijdsperioden voor plannen in de VS, Mexico, het VK en Europa (tot 90 dagen)<\/li>\n<li>Enorme lijst met individuele plannen voor 153 landen<\/li>\n<\/ul>\n<h3>Nadelen<\/h3>\n<ul>\n<li>Je kunt een plan niet verlengen, je moet een ander plan kopen<\/li>\n<li>Geen app om gebruik te controleren of plannen te verlengen\/kopen<\/li>\n<\/ul>\n<div class=\"product-section-button\"><a href=\"https:\/\/holafly.sjv.io\/qzgGJY\" rel=\"nofollow noopener\" target=\"_blank\">BEKIJK PRIJZEN OP HOLAFLY<\/a><\/div>\n<h2>Airalo vs Holafly Prijzen<\/h2>\n<p>Het is zinvol om de prijzen van de verschillende eSims van Holafly en Airalo te vergelijken om te zien welke je het meeste geld zal besparen.<\/p>\n<h3>Airalo prijzen<\/h3>\n<div id=\"attachment_3095119\" style=\"width: 510px\" class=\"wp-caption aligncenter\"><img aria-describedby=\"caption-attachment-3095119\" decoding=\"async\" loading=\"lazy\" class=\"size-medium wp-image-3095119\" src=\"https:\/\/expertworldtravel.com\/wp-content\/uploads\/2023\/02\/airalo-europe-packages-500x162.jpg\" alt=\"Airalo Europa Prijzen\" width=\"500\" height=\"162\" srcset=\"https:\/\/expertworldtravel.com\/wp-content\/uploads\/2023\/02\/airalo-europe-packages-500x162.jpg 500w, https:\/\/expertworldtravel.com\/wp-content\/uploads\/2023\/02\/airalo-europe-packages-300x97.jpg 300w, https:\/\/expertworldtravel.com\/wp-content\/uploads\/2023\/02\/airalo-europe-packages-768x249.jpg 768w, https:\/\/expertworldtravel.com\/wp-content\/uploads\/2023\/02\/airalo-europe-packages-80x26.jpg 80w, https:\/\/expertworldtravel.com\/wp-content\/uploads\/2023\/02\/airalo-europe-packages-220x71.jpg 220w, https:\/\/expertworldtravel.com\/wp-content\/uploads\/2023\/02\/airalo-europe-packages-250x81.jpg 250w, https:\/\/expertworldtravel.com\/wp-content\/uploads\/2023\/02\/airalo-europe-packages-280x91.jpg 280w, https:\/\/expertworldtravel.com\/wp-content\/uploads\/2023\/02\/airalo-europe-packages-510x165.jpg 510w, https:\/\/expertworldtravel.com\/wp-content\/uploads\/2023\/02\/airalo-europe-packages-750x243.jpg 750w, https:\/\/expertworldtravel.com\/wp-content\/uploads\/2023\/02\/airalo-europe-packages.jpg 800w\" sizes=\"(max-width: 500px) 100vw, 500px\" \/><p id=\"caption-attachment-3095119\" class=\"wp-caption-text\">Airalo Europa Prijzen<\/p><\/div>\n<p>De pakketten van Airaolo zijn behoorlijk concurrerend, dus ik zal je een paar voorbeelden geven:<\/p>\n<ul>\n<li><a href=\"https:\/\/airalo.pxf.io\/b34LXg\" target=\"_blank\" rel=\"nofollow noopener\">Spanje &#8211; 5 GB &#8211; 30 dagen &#8211;<\/a>$11,50 ($2,3 per GB)<\/li>\n<li><a href=\"https:\/\/airalo.pxf.io\/2rbOD0\" target=\"_blank\" rel=\"nofollow noopener\">Isreal &#8211; 1 GB &#8211; 7 dagen<\/a> &#8211; $5.50 ($5.5 per GB)<\/li>\n<li>UK &#8211; 20 GB &#8211; 30 dagen &#8211; $36 ($1,8 per GB)<\/li>\n<li><a href=\"https:\/\/airalo.pxf.io\/vnGXM3\" target=\"_blank\" rel=\"nofollow noopener\">Aisa (13 landen) &#8211; 3 GB &#8211; 30 dagen<\/a> &#8211; $13,00 ($4,3 per GB)<\/li>\n<li><a href=\"https:\/\/airalo.pxf.io\/Xx0ox4\" target=\"_blank\" rel=\"nofollow noopener\">Wereldwijd (84 landen) &#8211; 5 GB &#8211; 30 dagen<\/a> &#8211; $35 ($7 per GB)<\/li>\n<\/ul>\n<p>Hoe meer data je koopt, hoe goedkoper het wordt, zoals je hierboven kunt zien. Ook hebben de populairdere en westerse landen vaak lagere prijzen. Hoewel, om eerlijk te zijn, nadat ik de meeste eSim-aanbieders heb bekeken, is dat de prijsvariatie die ze allemaal hebben. Dus, Airalo pakketten kosten tussen de $7 &#8211; $2 per GB, afhankelijk van welk land \/ regio en hoe lang je het wilt hebben. Je kunt alle Airalo<a href=\"https:\/\/airalo.pxf.io\/Jre17v\" target=\"_blank\" rel=\"nofollow noopener\"> pakketten hier<\/a> bekijken  <\/p>\n<p><strong>Lees mijn <a href=\"https:\/\/expertworldtravel.com\/airalo-review\/\" target=\"_blank\" rel=\"noopener\">volledige review van Airalo hier<\/a>.<\/strong><\/p>\n<div class=\"product-section-button\"><a href=\"https:\/\/airalo.pxf.io\/Jre17v\" rel=\"nofollow noopener\" target=\"_blank\">BEKIJK PRIJZEN OP AIRALO<\/a><\/div>\n<h3>Holafly Prijzen<\/h3>\n<p><a href=\"https:\/\/holafly.sjv.io\/qzgGJY\" target=\"_blank\" rel=\"noopener\"><img decoding=\"async\" loading=\"lazy\" class=\"aligncenter wp-image-3142112 \" src=\"https:\/\/expertworldtravel.com\/wp-content\/uploads\/2025\/01\/holafly-prices.jpg\" alt=\"\" width=\"676\" height=\"322\" srcset=\"https:\/\/expertworldtravel.com\/wp-content\/uploads\/2025\/01\/holafly-prices.jpg 1818w, https:\/\/expertworldtravel.com\/wp-content\/uploads\/2025\/01\/holafly-prices-500x238.jpg 500w, https:\/\/expertworldtravel.com\/wp-content\/uploads\/2025\/01\/holafly-prices-1024x488.jpg 1024w, https:\/\/expertworldtravel.com\/wp-content\/uploads\/2025\/01\/holafly-prices-300x143.jpg 300w, https:\/\/expertworldtravel.com\/wp-content\/uploads\/2025\/01\/holafly-prices-768x366.jpg 768w, https:\/\/expertworldtravel.com\/wp-content\/uploads\/2025\/01\/holafly-prices-1536x732.jpg 1536w, https:\/\/expertworldtravel.com\/wp-content\/uploads\/2025\/01\/holafly-prices-80x38.jpg 80w, https:\/\/expertworldtravel.com\/wp-content\/uploads\/2025\/01\/holafly-prices-220x105.jpg 220w, https:\/\/expertworldtravel.com\/wp-content\/uploads\/2025\/01\/holafly-prices-210x100.jpg 210w, https:\/\/expertworldtravel.com\/wp-content\/uploads\/2025\/01\/holafly-prices-280x133.jpg 280w, https:\/\/expertworldtravel.com\/wp-content\/uploads\/2025\/01\/holafly-prices-750x357.jpg 750w, https:\/\/expertworldtravel.com\/wp-content\/uploads\/2025\/01\/holafly-prices-975x464.jpg 975w, https:\/\/expertworldtravel.com\/wp-content\/uploads\/2025\/01\/holafly-prices-1190x567.jpg 1190w\" sizes=\"(max-width: 676px) 100vw, 676px\" \/><\/a><\/p>\n<p><a href=\"https:\/\/holafly.sjv.io\/qzgGJY\" target=\"_blank\" rel=\"noopener\">Holafly is geweldig<\/a> als het gaat om onbeperkte data in plaatsen zoals Europa, zoals je kunt zien in de afbeelding hierboven.<\/p>\n<ul>\n<li><a href=\"https:\/\/holafly.sjv.io\/xLnq41\" target=\"_blank\" rel=\"noopener\">Europa &#8211; 5 Dagen &#8211; $20,9<\/a><\/li>\n<li><a href=\"https:\/\/holafly.sjv.io\/xLnq41\" target=\"_blank\" rel=\"noopener\">Europa &#8211; 14 Dagen &#8211; $47,9<\/a><\/li>\n<li><a href=\"https:\/\/holafly.sjv.io\/xLnq41\" target=\"_blank\" rel=\"noopener\">Europa &#8211; 30 dagen &#8211; $74,9<\/a><\/li>\n<\/ul>\n<p>Laten we dat eens vergelijken met een plan voor een eSim in Australi\u00eb en Canada:<\/p>\n<ul>\n<li><a href=\"https:\/\/holafly.sjv.io\/je1joP\" target=\"_blank\" rel=\"noopener\">7 dagen voor $29,9<\/a><\/li>\n<li><a href=\"https:\/\/holafly.sjv.io\/je1joP\" target=\"_blank\" rel=\"noopener\">30 dagen voor $74,9<\/a><\/li>\n<\/ul>\n<div class=\"product-section-button\"><a href=\"https:\/\/holafly.sjv.io\/qzgGJY\" rel=\"nofollow noopener\" target=\"_blank\">BEKIJK PRIJZEN OP HOLAFLY<\/a><\/div>\n<h2>Airalo &amp; Holafly Apps<\/h2>\n<p>Gelukkig hebben zowel <a href=\"https:\/\/holafly.sjv.io\/qzgGJY\" target=\"_blank\" rel=\"noopener\">Holafly<\/a> als <a href=\"https:\/\/airalo.pxf.io\/Jre17v\" target=\"_blank\" rel=\"noopener\">Airalo<\/a> Apps om je te helpen bij het beheren van je eSim-aankoop en -gebruik. Dit maakt het gebruik, de installatie en het bijhouden van eSims zoveel makkelijker dan te moeten werken met een website of te moeten raden hoe je het gebruik bijhoudt. <\/p>\n<div id=\"attachment_3095225\" style=\"width: 510px\" class=\"wp-caption aligncenter\"><img aria-describedby=\"caption-attachment-3095225\" decoding=\"async\" loading=\"lazy\" class=\"size-medium wp-image-3095225\" src=\"https:\/\/expertworldtravel.com\/wp-content\/uploads\/2023\/02\/airalo-app-functions-500x250.jpg\" alt=\"Airalo App functies\" width=\"500\" height=\"250\" srcset=\"https:\/\/expertworldtravel.com\/wp-content\/uploads\/2023\/02\/airalo-app-functions-500x250.jpg 500w, https:\/\/expertworldtravel.com\/wp-content\/uploads\/2023\/02\/airalo-app-functions-300x150.jpg 300w, https:\/\/expertworldtravel.com\/wp-content\/uploads\/2023\/02\/airalo-app-functions-768x384.jpg 768w, https:\/\/expertworldtravel.com\/wp-content\/uploads\/2023\/02\/airalo-app-functions-80x40.jpg 80w, https:\/\/expertworldtravel.com\/wp-content\/uploads\/2023\/02\/airalo-app-functions-220x110.jpg 220w, https:\/\/expertworldtravel.com\/wp-content\/uploads\/2023\/02\/airalo-app-functions-200x100.jpg 200w, https:\/\/expertworldtravel.com\/wp-content\/uploads\/2023\/02\/airalo-app-functions-280x140.jpg 280w, https:\/\/expertworldtravel.com\/wp-content\/uploads\/2023\/02\/airalo-app-functions-476x238.jpg 476w, https:\/\/expertworldtravel.com\/wp-content\/uploads\/2023\/02\/airalo-app-functions-750x375.jpg 750w, https:\/\/expertworldtravel.com\/wp-content\/uploads\/2023\/02\/airalo-app-functions.jpg 800w\" sizes=\"(max-width: 500px) 100vw, 500px\" \/><p id=\"caption-attachment-3095225\" class=\"wp-caption-text\">Airalo App functies<\/p><\/div>\n<p><a href=\"https:\/\/airalo.pxf.io\/Jre17v\" target=\"_blank\" rel=\"noopener\">Airalo<\/a> heeft bijvoorbeeld al hun pakketten in <a href=\"https:\/\/apps.apple.com\/us\/app\/airalo-esim-phone-internet\/id1475911720\" target=\"_blank\" rel=\"noopener\">hun App<\/a>, en nog veel meer handige functies zoals:<\/p>\n<ul>\n<li>Koop eSims voor jezelf of anderen<\/li>\n<li>Vernieuw eSims<\/li>\n<li>Gebruik en verlopen van eSim-gegevens bijhouden<\/li>\n<li>Beheer je betaling, profiel<\/li>\n<\/ul>\n<div id=\"attachment_3095227\" style=\"width: 510px\" class=\"wp-caption aligncenter\"><img aria-describedby=\"caption-attachment-3095227\" decoding=\"async\" loading=\"lazy\" class=\"size-medium wp-image-3095227\" src=\"https:\/\/expertworldtravel.com\/wp-content\/uploads\/2023\/02\/holafly-app-functions-500x359.jpg\" alt=\"Holafly app functies\" width=\"500\" height=\"359\" srcset=\"https:\/\/expertworldtravel.com\/wp-content\/uploads\/2023\/02\/holafly-app-functions-500x359.jpg 500w, https:\/\/expertworldtravel.com\/wp-content\/uploads\/2023\/02\/holafly-app-functions-300x216.jpg 300w, https:\/\/expertworldtravel.com\/wp-content\/uploads\/2023\/02\/holafly-app-functions-768x552.jpg 768w, https:\/\/expertworldtravel.com\/wp-content\/uploads\/2023\/02\/holafly-app-functions-80x58.jpg 80w, https:\/\/expertworldtravel.com\/wp-content\/uploads\/2023\/02\/holafly-app-functions-220x158.jpg 220w, https:\/\/expertworldtravel.com\/wp-content\/uploads\/2023\/02\/holafly-app-functions-139x100.jpg 139w, https:\/\/expertworldtravel.com\/wp-content\/uploads\/2023\/02\/holafly-app-functions-209x150.jpg 209w, https:\/\/expertworldtravel.com\/wp-content\/uploads\/2023\/02\/holafly-app-functions-331x238.jpg 331w, https:\/\/expertworldtravel.com\/wp-content\/uploads\/2023\/02\/holafly-app-functions-577x415.jpg 577w, https:\/\/expertworldtravel.com\/wp-content\/uploads\/2023\/02\/holafly-app-functions-678x487.jpg 678w, https:\/\/expertworldtravel.com\/wp-content\/uploads\/2023\/02\/holafly-app-functions.jpg 800w\" sizes=\"(max-width: 500px) 100vw, 500px\" \/><p id=\"caption-attachment-3095227\" class=\"wp-caption-text\">Holafly app functies<\/p><\/div>\n<p>Holafly heeft een vergelijkbare App die je kunt gebruiken om je Holafly eSims en andere functies te onderhouden:<\/p>\n<ul>\n<li>eSims kopen en vernieuwen<\/li>\n<li>Gegevensgebruik bijhouden<\/li>\n<li>eSims op uw telefoon installeren<\/li>\n<\/ul>\n<div class=\"product-section-button\"><a href=\"https:\/\/airalo.pxf.io\/Jre17v\" rel=\"nofollow noopener\" target=\"_blank\">BEKIJK PRIJZEN OP AIRALO<\/a><\/div>\n<div class=\"product-section-button\"><a href=\"https:\/\/holafly.sjv.io\/qzgGJY\" rel=\"nofollow noopener\" target=\"_blank\">BEKIJK PRIJZEN OP HOLAFLY<\/a><\/div>\n<h2>Wanneer moet je Airalo gebruiken?<\/h2>\n<p><a href=\"https:\/\/airalo.pxf.io\/Jre17v\" target=\"_blank\" rel=\"nofollow noopener\">Airalo is een van de makkelijkste eSims<\/a> om te kopen en te gebruiken. Ik zou ze aanraden aan de meeste mensen die slechts 1-10 GB nodig hebben voor maximaal 30 dagen. Ze hebben een fatsoenlijk aanbod van lokale, regionale en wereldwijde plannen. Hun service is erg goed. Hun website en mobiele app maken het gemakkelijk om je plannen te kopen, te controleren en te verlengen. En ze sturen je e-mails wanneer je abonnement bijna leeg is of afloopt &#8211; erg handig! <\/p>\n<p>De enige keer dat ik Airalo NIET zou gebruiken is als je<\/p>\n<ul>\n<li>veel gegevens (ze zijn beter voor kleinere pakketten)<\/li>\n<li>je hebt langere perioden nodig (hoewel het gemakkelijk is om te verlengen) maand<\/li>\n<li>het land dat je bezoekt niet op hun lijst staat (scroll daarvoor naar beneden)<\/li>\n<\/ul>\n<h2>Wanneer moet je Holafly gebruiken?<\/h2>\n<p>Naar mijn mening is Holafly een <a href=\"https:\/\/expertworldtravel.com\/airalo-alternative\/\" target=\"_blank\" rel=\"noopener\">geweldig Airalo alternatief<\/a> voor regionale pakketten met onbeperkte data in Europa, de UK en de USA. Ze zijn ook ideaal voor iedereen die op zoek is naar een eSim voor een meer obscuur land, omdat ze dubbel zoveel landen dekken als Airalo. Over het algemeen zijn ze duurder per GB aan data, maar als je onbeperkte data krijgt, maakt dat het weer goed. Laten we eens kijken naar een aantal van hun prijzen. <\/p>\n<h2>Gegevenssnelheden Airalo vs Holafly<\/h2>\n<p>Zowel <a href=\"https:\/\/airalo.pxf.io\/Jre17v\" target=\"_blank\" rel=\"nofollow noopener\">pakketten hier<\/a> als Holafly bieden 4G-connectiviteit met hun eSims, dus er is geen echt snelheidsvoordeel als je tussen hen kiest. Natuurlijk kunnen er, afhankelijk van welke provider ze in elk land gebruiken, kleine verschillen zijn in de snelheid die je ontvangt. <\/p>\n<h2>Airalo landenlijst<\/h2>\n<p>Voor het geval je je afvroeg welke <a href=\"https:\/\/airalo.pxf.io\/Jre17v\" target=\"_blank\" rel=\"nofollow noopener\">landen Airalo bestrijkt<\/a> met hun verschillende eSims: <\/p>\n<p><span data-sheets-value=\"{\"1\":2,\"2\":\"Albania, Argentina, Australia, Austria, Azerbaijan, Belarus, Belgium, Bosnia and Herzegovina, Brazil, Bulgaria, Cambodia, Canada, Chile, China, China (Hong Kong), China (Macao), Colombia, Croatia, Cyprus, Czech Republic, Denmark, Dominican Republic, Ecuador, Estonia, Finland, France, Georgia, Germany, Gibraltar, Greece, Hungary, Iceland, India, Indonesia, Iraq, Ireland, Israel, Italy, Japan, Jersey, Kosovo, Kuwait, Latvia, Liechtenstein, Lithuania, Luxembourg, Malaysia, Malta, Mexico, Moldova, Montenegro, Netherlands, New Zealand, North Macedonia, Norway, Panama, Paraguay, Peru, Philippines, Poland, Portugal, Puerto Rico, Qatar, Romania, Russia, Saudi Arabia, Serbia, Slovakia, Slovenia, South Africa, South Korea, Spain, Sri Lanka, Sudan, Sweden, Switzerland, Taiwan, Tajikistan, Thailand, Turkey, United Kingdom, United States, Vietnam, Virgin Islands (U.S.)\"}\" data-sheets-formula=\"=Join(\", \",R[0]C[-1]:R[83]C[-1])\">Albani\u00eb, Argentini\u00eb, Australi\u00eb, Oostenrijk, Azerbeidzjan, Wit-Rusland, Belgi\u00eb, Bosni\u00eb-Herzegovina, Brazili\u00eb, Bulgarije, Cambodja, Canada, Chili, China, China (Hongkong), China (Macau), Colombia, Kroati\u00eb, Cyprus, Tsjechi\u00eb, Denemarken, Dominicaanse Republiek, Ecuador, Estland, Finland, Frankrijk, Georgi\u00eb, Duitsland, Gibraltar, Griekenland, Hongarije, IJsland, India, Indonesi\u00eb, Irak, Ierland, Isra\u00ebl, Itali\u00eb, Japan, Jersey, Kosovo, Koeweit, Letland, Liechtenstein, Litouwen, Luxemburg, Maleisi\u00eb, Malta, Mexico, Moldavi\u00eb, Montenegro, Nederland, Nieuw-Zeeland, Noord-Macedoni\u00eb, Noorwegen, Panama, Paraguay, Peru, Filipijnen, Polen, Portugal, Puerto Rico, Qatar, Roemeni\u00eb, Rusland, Saoedi-Arabi\u00eb, Servi\u00eb, Slowakije, Sloveni\u00eb, Zuid-Afrika, Zuid-Korea, Spanje, Sri Lanka, Soedan, Zweden, Zwitserland, Taiwan, Tadzjikistan, Thailand, Turkije, Verenigd Koninkrijk, Verenigde Staten, Vietnam, Maagdeneilanden (V.S.)<\/span><\/p>\n<h2>Holafly-landenlijst (153 landen)<\/h2>\n<p>Holafly heeft een enorme lijst met landen, 153 in totaal, evenals alle regio&#8217;s die ze bedienen. Hier is de volledige lijst: <\/p>\n<p><span data-sheets-value=\"{\"1\":2,\"2\":\"Albania, Algeria, Andorra, Antigua and Barbuda, Argentina, Armenia, Aruba, Australia, Austria, Azerbaijan, Bangladesh, Barbados, Belgium, Bermuda, Bolivia, Botswana, Brazil, British Virgin Island, Brunei, Bulgaria, Cambodia, Cameroon, Canada, Caribbean, Cayman Island, Central African Republic, Chile, China with VPN, Colombia, Costa Rica, Croatia, Cyprus, Czech Republic, Democratic Republic of Congo, Denmark, Dominica, Dominican Republic, Ecuador, Egypt, El Salvador, Estonia, Faroe Islands, Finland, France, French Guiana, Georgia, Germany, Ghana, Gibraltar, Granada, Guadeloupe, Guatamala, Haiti, Honduras, Hong Kong, Hungary, Iceland, India, Indonesia, Iran, Ireland, Isle of Man, Isreal, Italy, Ivory Coast, Jamaica, Japan, Jordan, Kazakhstan, Kenya, Kuwait, Kyrgyzstan, Laos, Latvia, Liberia, Liechtenstein, Lithuania, Luxembourg, Macau, Madagascar, Malawi, Malaysia, Malta, Martinique, Mauritius, Mexico, Moldova, Mongolia, Monaco, Montenegro, Morocco, Mozambique, Myanmar, Nepal, New Zealand, Nicaragua, Nigeria, Norway, Oman, Pakistan, Panama, Papua New Guinea, Paraguay, Peru, Philippines, Poland, Portugal, Puerto Rico, Qatar, Republic of Congo, Reunion (France), Romania, Russia, Rwanda, Saudi Arabia, Serbia, Sierra Leone, Singapore, Slovakia, Slovenia, South Africa, South America, South Korea, Spain, Sri Lanka, St. Kitts and Nevis, St. Lucias, St. Vicent, Sudan, Swaziland, Sweden, Switzerland, Taiwan, Tajikistan, Tanzania, Thailand, The Netherlands, Tonga, Trinidad and Tobago, Tunisia, Turkey, Turks and Caicos, Uganda, Ukraine, United Arab Emirates, United Kingdom, Uruguay, USA, Uzbekistan, Vanuatu, Vietnam, Yemen, Zambia\"}\" data-sheets-formula=\"=join(\", \",R[0]C[-1]:R[152]C[-1])\">Albani\u00eb, Algerije, Andorra, Antigua en Barbuda, Argentini\u00eb, Armeni\u00eb, Aruba, Australi\u00eb, Oostenrijk, Azerbeidzjan, Bangladesh, Barbados, Belgi\u00eb, Bermuda, Bolivia, Botswana, Brazili\u00eb, Britse Maagdeneiland, Brunei, Bulgarije, Cambodja, Kameroen, Canada, Caribisch gebied, Caymaneiland, Centraal-Afrikaanse Republiek, Chili, China met VPN, Colombia, Costa Rica, Kroati\u00eb, Cyprus, Tsjechi\u00eb, Democratische Republiek Congo, Denemarken, Dominica, Dominicaanse Republiek, Ecuador, Egypte, El Salvador, Estland, Faer\u00f6er, Finland, Frankrijk, Frans Guyana, Georgi\u00eb, Duitsland, Ghana, Gibraltar, Granada, Guadeloupe, Guatamala, Ha\u00efti, Honduras, Hongkong, Hongarije, IJsland, India, Indonesi\u00eb, Iran, Ierland, Isle of Man, Isreal, Itali\u00eb, Ivoorkust, Jamaica, Japan, Jordani\u00eb, Kazachstan, Kenia, Koeweit, Kirgizi\u00eb, Laos, Letland, Liberia, Liechtenstein, Litouwen, Luxemburg, Macau, Madagaskar, Malawi, Maleisi\u00eb, Malta, Martinique, Mauritius, Mexico, Moldavi\u00eb, Mongoli\u00eb, Monaco, Montenegro, Marokko, Mozambique, Myanmar, Nepal, Nieuw-Zeeland, Nicaragua, Nigeria, Noorwegen, Oman, Pakistan, Panama, Papoea-Nieuw-Guinea, Paraguay, Peru, Filipijnen, Polen, Portugal, Puerto Rico, Qatar, Republiek Congo, R\u00e9union (Frankrijk), Roemeni\u00eb, Rusland, Rwanda, Saoedi-Arabi\u00eb, Servi\u00eb, Sierra Leone, Singapore, Slowakije, Sloveni\u00eb, Zuid-Afrika, Zuid-Amerika, Zuid-Korea, Spanje, Sri Lanka, St. Kitts en Nevis, St. Lucias, St. Vicent, Soedan, Swaziland, Zweden, Zwitserland, Taiwan, Tadzjikistan, Tanzania, Thailand, Nederland, Tonga, Trinidad en Tobago, Tunesi\u00eb, Turkije, Turks- en Caicos, Oeganda, Oekra\u00efne, Verenigde Arabische Emiraten, Verenigd Koninkrijk, Uruguay, Verenigde Staten, Oezbekistan, Vanuatu, Vietnam, Jemen, Zambia.<\/span><\/p>\n","protected":false},"excerpt":{"rendered":"<p>Airalo en Holafly zijn twee van de beste eSim-aanbieders op de markt op dit moment en je vraagt je misschien af welke de juiste is voor jou. Ze bieden allebei veel verschillende prepaid eSim-datapakketten voor landen en regio&#8217;s over de hele wereld. Ze hebben elk voor- en nadelen, dus het loont om te weten welke [&hellip;]<\/p>\n","protected":false},"author":2,"featured_media":0,"parent":0,"menu_order":0,"comment_status":"closed","ping_status":"closed","template":"","meta":{"_lmt_disableupdate":"","_lmt_disable":""},"categories":[],"acf":[],"_links":{"self":[{"href":"https:\/\/expertworldtravel.com\/nl\/wp-json\/wp\/v2\/pages\/3142123"}],"collection":[{"href":"https:\/\/expertworldtravel.com\/nl\/wp-json\/wp\/v2\/pages"}],"about":[{"href":"https:\/\/expertworldtravel.com\/nl\/wp-json\/wp\/v2\/types\/page"}],"author":[{"embeddable":true,"href":"https:\/\/expertworldtravel.com\/nl\/wp-json\/wp\/v2\/users\/2"}],"replies":[{"embeddable":true,"href":"https:\/\/expertworldtravel.com\/nl\/wp-json\/wp\/v2\/comments?post=3142123"}],"version-history":[{"count":0,"href":"https:\/\/expertworldtravel.com\/nl\/wp-json\/wp\/v2\/pages\/3142123\/revisions"}],"wp:attachment":[{"href":"https:\/\/expertworldtravel.com\/nl\/wp-json\/wp\/v2\/media?parent=3142123"}],"wp:term":[{"taxonomy":"category","embeddable":true,"href":"https:\/\/expertworldtravel.com\/nl\/wp-json\/wp\/v2\/categories?post=3142123"}],"curies":[{"name":"wp","href":"https:\/\/api.w.org\/{rel}","templated":true}]}}