{"id":3138697,"date":"2022-12-29T17:31:27","date_gmt":"2022-12-29T17:31:27","guid":{"rendered":"https:\/\/expertworldtravel.com\/o-melhor-esim-para-os-eua-em-2023-encontramo-los-todos\/"},"modified":"2024-12-20T12:49:17","modified_gmt":"2024-12-20T12:49:17","slug":"esim-eua","status":"publish","type":"page","link":"https:\/\/expertworldtravel.com\/pt-br\/esim-eua\/","title":{"rendered":"Melhor eSIM para os EUA em 2025 (encontramos todos eles)"},"content":{"rendered":"<p>Procura o melhor eSIM para os EUA? Ou talvez tenha planeado uma viagem a Nova Iorque, Boston, Los Angeles, Las Vegas, Florida ou Texas?<\/p>\n<p>Os eSIMs dos EUA para turistas s\u00e3o uma \u00f3ptima op\u00e7\u00e3o para quem quer come\u00e7ar a utilizar os dados no seu telem\u00f3vel.<\/p>\n<p>Utilizo-os sempre que viajo para me certificar de que n\u00e3o tenho de utilizar o roaming no meu plano dom\u00e9stico e poupo imenso dinheiro nesse processo.<\/p>\n<p>De seguida, vamos analisar tudo, desde as raz\u00f5es pelas quais deve comprar um eSIM online aos melhores fornecedores. Quais s\u00e3o os planos de dados eSIM mais baratos e muito mais.<\/p>\n","protected":false},"excerpt":{"rendered":"<p>Procura o melhor eSIM para os EUA? Ou talvez tenha planeado uma viagem a Nova Iorque, Boston, Los Angeles, Las Vegas, Florida ou Texas? Os eSIMs dos EUA para turistas s\u00e3o uma \u00f3ptima op\u00e7\u00e3o para quem quer come\u00e7ar a utilizar os dados no seu telem\u00f3vel. Utilizo-os sempre que viajo para me certificar de que n\u00e3o [&hellip;]<\/p>\n","protected":false},"author":6,"featured_media":3138698,"parent":0,"menu_order":0,"comment_status":"closed","ping_status":"closed","template":"best-template.php","meta":{"_lmt_disableupdate":"no","_lmt_disable":""},"categories":[600263],"acf":[],"_links":{"self":[{"href":"https:\/\/expertworldtravel.com\/pt-br\/wp-json\/wp\/v2\/pages\/3138697"}],"collection":[{"href":"https:\/\/expertworldtravel.com\/pt-br\/wp-json\/wp\/v2\/pages"}],"about":[{"href":"https:\/\/expertworldtravel.com\/pt-br\/wp-json\/wp\/v2\/types\/page"}],"author":[{"embeddable":true,"href":"https:\/\/expertworldtravel.com\/pt-br\/wp-json\/wp\/v2\/users\/6"}],"replies":[{"embeddable":true,"href":"https:\/\/expertworldtravel.com\/pt-br\/wp-json\/wp\/v2\/comments?post=3138697"}],"version-history":[{"count":2,"href":"https:\/\/expertworldtravel.com\/pt-br\/wp-json\/wp\/v2\/pages\/3138697\/revisions"}],"predecessor-version":[{"id":3141723,"href":"https:\/\/expertworldtravel.com\/pt-br\/wp-json\/wp\/v2\/pages\/3138697\/revisions\/3141723"}],"wp:featuredmedia":[{"embeddable":true,"href":"https:\/\/expertworldtravel.com\/pt-br\/wp-json\/wp\/v2\/media\/3138698"}],"wp:attachment":[{"href":"https:\/\/expertworldtravel.com\/pt-br\/wp-json\/wp\/v2\/media?parent=3138697"}],"wp:term":[{"taxonomy":"category","embeddable":true,"href":"https:\/\/expertworldtravel.com\/pt-br\/wp-json\/wp\/v2\/categories?post=3138697"}],"curies":[{"name":"wp","href":"https:\/\/api.w.org\/{rel}","templated":true}]}}