{"id":3142048,"date":"2023-04-14T10:59:59","date_gmt":"2023-04-14T10:59:59","guid":{"rendered":"https:\/\/expertworldtravel.com\/esim-argentina\/"},"modified":"2025-01-03T15:23:43","modified_gmt":"2025-01-03T15:23:43","slug":"esim-argentina","status":"publish","type":"page","link":"https:\/\/expertworldtravel.com\/pt-br\/esim-argentina\/","title":{"rendered":"Melhor eSim para a Argentina: sua chave para dados infinitos"},"content":{"rendered":"<p>Voc\u00ea deseja uma conectividade perfeita durante sua aventura na Argentina? Vamos energizar seu smartphone com a magia de um eSim! Este \u00e9 o seu guia para todas as melhores op\u00e7\u00f5es de eSim na Argentina, projetado para manter voc\u00ea on-line a qualquer momento. Mergulhe de cabe\u00e7a e descubra um mundo de op\u00e7\u00f5es, desde provedores internacionais que oferecem pacotes de dados de 500 MB at\u00e9 o horizonte sem limites. Al\u00e9m disso, reunimos os principais provedores locais para dar a voc\u00ea uma vis\u00e3o privilegiada das op\u00e7\u00f5es de eSim locais, geralmente mais baratas. Continue lendo para descobrir o segredo do<strong> melhor eSim para a Argentina!<\/strong>  <\/p>\n","protected":false},"excerpt":{"rendered":"<p>Voc\u00ea deseja uma conectividade perfeita durante sua aventura na Argentina? Vamos energizar seu smartphone com a magia de um eSim! Este \u00e9 o seu guia para todas as melhores op\u00e7\u00f5es de eSim na Argentina, projetado para manter voc\u00ea on-line a qualquer momento. Mergulhe de cabe\u00e7a e descubra um mundo de op\u00e7\u00f5es, desde provedores internacionais que [&hellip;]<\/p>\n","protected":false},"author":6,"featured_media":3142049,"parent":0,"menu_order":0,"comment_status":"closed","ping_status":"closed","template":"best-esim-template.php","meta":{"_lmt_disableupdate":"","_lmt_disable":""},"categories":[600363,600263],"acf":[],"_links":{"self":[{"href":"https:\/\/expertworldtravel.com\/pt-br\/wp-json\/wp\/v2\/pages\/3142048"}],"collection":[{"href":"https:\/\/expertworldtravel.com\/pt-br\/wp-json\/wp\/v2\/pages"}],"about":[{"href":"https:\/\/expertworldtravel.com\/pt-br\/wp-json\/wp\/v2\/types\/page"}],"author":[{"embeddable":true,"href":"https:\/\/expertworldtravel.com\/pt-br\/wp-json\/wp\/v2\/users\/6"}],"replies":[{"embeddable":true,"href":"https:\/\/expertworldtravel.com\/pt-br\/wp-json\/wp\/v2\/comments?post=3142048"}],"version-history":[{"count":0,"href":"https:\/\/expertworldtravel.com\/pt-br\/wp-json\/wp\/v2\/pages\/3142048\/revisions"}],"wp:featuredmedia":[{"embeddable":true,"href":"https:\/\/expertworldtravel.com\/pt-br\/wp-json\/wp\/v2\/media\/3142049"}],"wp:attachment":[{"href":"https:\/\/expertworldtravel.com\/pt-br\/wp-json\/wp\/v2\/media?parent=3142048"}],"wp:term":[{"taxonomy":"category","embeddable":true,"href":"https:\/\/expertworldtravel.com\/pt-br\/wp-json\/wp\/v2\/categories?post=3142048"}],"curies":[{"name":"wp","href":"https:\/\/api.w.org\/{rel}","templated":true}]}}