{"id":3138706,"date":"2022-12-14T20:13:39","date_gmt":"2022-12-14T20:13:39","guid":{"rendered":"https:\/\/expertworldtravel.com\/melhor-esim-para-a-europa-em-2023-ferias-com-dados\/"},"modified":"2024-12-24T10:07:57","modified_gmt":"2024-12-24T10:07:57","slug":"esim-europa","status":"publish","type":"page","link":"https:\/\/expertworldtravel.com\/pt-pt\/esim-europa\/","title":{"rendered":"O melhor eSIM para a Europa em 2025 (compara\u00e7\u00e3o r\u00e1pida)"},"content":{"rendered":"<p>Est\u00e1s a planear uma viagem \u00e0 Europa e est\u00e1s \u00e0 procura de um pacote de dados eSIM? Isto significa que vais visitar v\u00e1rios pa\u00edses europeus e que vais querer um cart\u00e3o eSIM econ\u00f3mico que te acompanhe, em vez daqueles inc\u00f3modos cart\u00f5es SIM. A tecnologia eSIM \u00e9 relativamente nova, pelo que talvez n\u00e3o tenhas ouvido falar dela. \u00c9 um cart\u00e3o SIM integrado que podes ativar quando chegares \u00e0 Europa. Ent\u00e3o, qual \u00e9 o melhor eSIM para a Europa? Junta-te a mim enquanto eu analiso todos os melhores eSIMs para utiliza\u00e7\u00e3o na Europa, para que possas encontrar o <a href=\"\" target=\"\" rel=\"noopener\">melhor plano eSIM para as tuas viagens<\/a>.<\/p>\n<h2>Os melhores fornecedores de eSIM na Europa<\/h2>\n<p>Existem v\u00e1rios <a href=\"https:\/\/expertworldtravel.com\/best-esim-providers\/\" target=\"_blank\" rel=\"noopener\">fornecedores de eSIM diferentes<\/a> que oferecem um eSIM para a Europa e os melhores est\u00e3o abaixo. Vamos analisar cada um deles e os seus planos de dados eSIM para que possas encontrar o melhor eSIM para a Europa para as tuas necessidades de viagem. https:\/\/www.youtube.com\/watch?v=X21vIa8siBM&amp;list=PLmr3h1nAE7cFRLaYlU0q2BtqunfRAyE_6&amp;pp=gAQBiAQB<\/p>\n","protected":false},"excerpt":{"rendered":"<p>Est\u00e1s a planear uma viagem \u00e0 Europa e est\u00e1s \u00e0 procura de um pacote de dados eSIM? Isto significa que vais visitar v\u00e1rios pa\u00edses europeus e que vais querer um cart\u00e3o eSIM econ\u00f3mico que te acompanhe, em vez daqueles inc\u00f3modos cart\u00f5es SIM. A tecnologia eSIM \u00e9 relativamente nova, pelo que talvez n\u00e3o tenhas ouvido falar [&hellip;]<\/p>\n","protected":false},"author":6,"featured_media":3138708,"parent":0,"menu_order":0,"comment_status":"closed","ping_status":"closed","template":"best-template.php","meta":{"_lmt_disableupdate":"no","_lmt_disable":""},"categories":[600266],"acf":[],"_links":{"self":[{"href":"https:\/\/expertworldtravel.com\/pt-pt\/wp-json\/wp\/v2\/pages\/3138706"}],"collection":[{"href":"https:\/\/expertworldtravel.com\/pt-pt\/wp-json\/wp\/v2\/pages"}],"about":[{"href":"https:\/\/expertworldtravel.com\/pt-pt\/wp-json\/wp\/v2\/types\/page"}],"author":[{"embeddable":true,"href":"https:\/\/expertworldtravel.com\/pt-pt\/wp-json\/wp\/v2\/users\/6"}],"replies":[{"embeddable":true,"href":"https:\/\/expertworldtravel.com\/pt-pt\/wp-json\/wp\/v2\/comments?post=3138706"}],"version-history":[{"count":8,"href":"https:\/\/expertworldtravel.com\/pt-pt\/wp-json\/wp\/v2\/pages\/3138706\/revisions"}],"predecessor-version":[{"id":3141842,"href":"https:\/\/expertworldtravel.com\/pt-pt\/wp-json\/wp\/v2\/pages\/3138706\/revisions\/3141842"}],"wp:featuredmedia":[{"embeddable":true,"href":"https:\/\/expertworldtravel.com\/pt-pt\/wp-json\/wp\/v2\/media\/3138708"}],"wp:attachment":[{"href":"https:\/\/expertworldtravel.com\/pt-pt\/wp-json\/wp\/v2\/media?parent=3138706"}],"wp:term":[{"taxonomy":"category","embeddable":true,"href":"https:\/\/expertworldtravel.com\/pt-pt\/wp-json\/wp\/v2\/categories?post=3138706"}],"curies":[{"name":"wp","href":"https:\/\/api.w.org\/{rel}","templated":true}]}}