{"id":3138781,"date":"2023-04-25T09:49:22","date_gmt":"2023-04-25T09:49:22","guid":{"rendered":"https:\/\/expertworldtravel.com\/melhor-esim-para-a-china-acesso-facil-a-internet\/"},"modified":"2024-12-20T13:12:01","modified_gmt":"2024-12-20T13:12:01","slug":"esim-china","status":"publish","type":"page","link":"https:\/\/expertworldtravel.com\/pt-pt\/esim-china\/","title":{"rendered":"Melhor eSIM para a China (acesso f\u00e1cil \u00e0 Internet)"},"content":{"rendered":"<p>Viajar para a China e ter um eSIM para facilitar o acesso \u00e0 Internet?<\/p>\n<p>Um eSIM para a China d\u00e1-lhe um subs\u00eddio de dados m\u00f3veis que pode utilizar quando e onde quiser.<\/p>\n<p>\u00c9 uma op\u00e7\u00e3o melhor do que um cart\u00e3o SIM local porque \u00e9 mais f\u00e1cil de adquirir e pode compr\u00e1-lo e configur\u00e1-lo em cerca de cinco minutos. Este guia detalhado tamb\u00e9m inclui algumas <a href=\"https:\/\/expertworldtravel.com\/best-esim-asia\/\" target=\"_blank\" rel=\"noopener\">op\u00e7\u00f5es de eSIM com cobertura regional na \u00c1sia<\/a>, para os viajantes que t\u00eam planos de visitar outros pa\u00edses para al\u00e9m da China!<\/p>\n","protected":false},"excerpt":{"rendered":"<p>Viajar para a China e ter um eSIM para facilitar o acesso \u00e0 Internet? Um eSIM para a China d\u00e1-lhe um subs\u00eddio de dados m\u00f3veis que pode utilizar quando e onde quiser. \u00c9 uma op\u00e7\u00e3o melhor do que um cart\u00e3o SIM local porque \u00e9 mais f\u00e1cil de adquirir e pode compr\u00e1-lo e configur\u00e1-lo em cerca [&hellip;]<\/p>\n","protected":false},"author":6,"featured_media":3138782,"parent":0,"menu_order":0,"comment_status":"closed","ping_status":"closed","template":"best-esim-template.php","meta":{"_lmt_disableupdate":"no","_lmt_disable":""},"categories":[600266,600276],"acf":[],"_links":{"self":[{"href":"https:\/\/expertworldtravel.com\/pt-pt\/wp-json\/wp\/v2\/pages\/3138781"}],"collection":[{"href":"https:\/\/expertworldtravel.com\/pt-pt\/wp-json\/wp\/v2\/pages"}],"about":[{"href":"https:\/\/expertworldtravel.com\/pt-pt\/wp-json\/wp\/v2\/types\/page"}],"author":[{"embeddable":true,"href":"https:\/\/expertworldtravel.com\/pt-pt\/wp-json\/wp\/v2\/users\/6"}],"replies":[{"embeddable":true,"href":"https:\/\/expertworldtravel.com\/pt-pt\/wp-json\/wp\/v2\/comments?post=3138781"}],"version-history":[{"count":2,"href":"https:\/\/expertworldtravel.com\/pt-pt\/wp-json\/wp\/v2\/pages\/3138781\/revisions"}],"predecessor-version":[{"id":3141732,"href":"https:\/\/expertworldtravel.com\/pt-pt\/wp-json\/wp\/v2\/pages\/3138781\/revisions\/3141732"}],"wp:featuredmedia":[{"embeddable":true,"href":"https:\/\/expertworldtravel.com\/pt-pt\/wp-json\/wp\/v2\/media\/3138782"}],"wp:attachment":[{"href":"https:\/\/expertworldtravel.com\/pt-pt\/wp-json\/wp\/v2\/media?parent=3138781"}],"wp:term":[{"taxonomy":"category","embeddable":true,"href":"https:\/\/expertworldtravel.com\/pt-pt\/wp-json\/wp\/v2\/categories?post=3138781"}],"curies":[{"name":"wp","href":"https:\/\/api.w.org\/{rel}","templated":true}]}}