{"id":3138954,"date":"2023-09-05T14:53:38","date_gmt":"2023-09-05T14:53:38","guid":{"rendered":"https:\/\/expertworldtravel.com\/melhor-esim-para-a-jordania-dados-pre-pagos-comparados\/"},"modified":"2023-09-05T14:56:58","modified_gmt":"2023-09-05T14:56:58","slug":"melhor-esim-para-a-jordania-dados-pre-pagos-comparados","status":"publish","type":"page","link":"https:\/\/expertworldtravel.com\/pt-pt\/melhor-esim-para-a-jordania-dados-pre-pagos-comparados\/","title":{"rendered":"Melhor eSIM para a Jord\u00e2nia (dados pr\u00e9-pagos comparados)"},"content":{"rendered":"<p>Vai viajar para a Jord\u00e2nia e precisa de um eSIM pr\u00e9-pago para dados?&nbsp;<\/p>\n<p>Os ESIM s\u00e3o a forma ideal de evitar custos de roaming quando se est\u00e1 na Jord\u00e2nia. Mas pode tornar-se um pouco confuso com todas as op\u00e7\u00f5es de eSIM pr\u00e9-pagos que existem.<\/p>\n<p>\u00c9 por isso que reunimos todos os melhores eSIMs para a Jord\u00e2nia num s\u00f3 lugar, a fim de o ajudar a encontrar o eSIM ideal o mais rapidamente poss\u00edvel.<\/p>\n","protected":false},"excerpt":{"rendered":"<p>Vai viajar para a Jord\u00e2nia e precisa de um eSIM pr\u00e9-pago para dados?&nbsp; Os ESIM s\u00e3o a forma ideal de evitar custos de roaming quando se est\u00e1 na Jord\u00e2nia. Mas pode tornar-se um pouco confuso com todas as op\u00e7\u00f5es de eSIM pr\u00e9-pagos que existem. \u00c9 por isso que reunimos todos os melhores eSIMs para a [&hellip;]<\/p>\n","protected":false},"author":2,"featured_media":3138955,"parent":0,"menu_order":0,"comment_status":"closed","ping_status":"closed","template":"best-esim-template.php","meta":{"_lmt_disableupdate":"","_lmt_disable":""},"categories":[600266,600289],"acf":[],"_links":{"self":[{"href":"https:\/\/expertworldtravel.com\/pt-pt\/wp-json\/wp\/v2\/pages\/3138954"}],"collection":[{"href":"https:\/\/expertworldtravel.com\/pt-pt\/wp-json\/wp\/v2\/pages"}],"about":[{"href":"https:\/\/expertworldtravel.com\/pt-pt\/wp-json\/wp\/v2\/types\/page"}],"author":[{"embeddable":true,"href":"https:\/\/expertworldtravel.com\/pt-pt\/wp-json\/wp\/v2\/users\/2"}],"replies":[{"embeddable":true,"href":"https:\/\/expertworldtravel.com\/pt-pt\/wp-json\/wp\/v2\/comments?post=3138954"}],"version-history":[{"count":0,"href":"https:\/\/expertworldtravel.com\/pt-pt\/wp-json\/wp\/v2\/pages\/3138954\/revisions"}],"wp:featuredmedia":[{"embeddable":true,"href":"https:\/\/expertworldtravel.com\/pt-pt\/wp-json\/wp\/v2\/media\/3138955"}],"wp:attachment":[{"href":"https:\/\/expertworldtravel.com\/pt-pt\/wp-json\/wp\/v2\/media?parent=3138954"}],"wp:term":[{"taxonomy":"category","embeddable":true,"href":"https:\/\/expertworldtravel.com\/pt-pt\/wp-json\/wp\/v2\/categories?post=3138954"}],"curies":[{"name":"wp","href":"https:\/\/api.w.org\/{rel}","templated":true}]}}