{"id":3138992,"date":"2023-04-29T09:40:08","date_gmt":"2023-04-29T09:40:08","guid":{"rendered":"https:\/\/expertworldtravel.com\/esim-india\/"},"modified":"2024-12-26T16:59:40","modified_gmt":"2024-12-26T16:59:40","slug":"esim-india","status":"publish","type":"page","link":"https:\/\/expertworldtravel.com\/pt-pt\/esim-india\/","title":{"rendered":"Melhor eSIM para a \u00cdndia (dados pr\u00e9-pagos por menos)"},"content":{"rendered":"<p>Est\u00e1s \u00e0 procura do melhor eSIM para a tua pr\u00f3xima viagem \u00e0 \u00cdndia? Ent\u00e3o, este guia vai mostrar-te todas as melhores op\u00e7\u00f5es de eSims para a \u00cdndia! Abaixo tens uma gama de pacotes de dados eSim pr\u00e9-pagos de fornecedores locais e internacionais &#8211; desde pacotes pequenos a grandes e at\u00e9 dados ilimitados, se quiseres. Por isso, percorre o ecr\u00e3 para encontrares os melhores eSIMs para a \u00cdndia e tornares a tua viagem mais f\u00e1cil! <\/p>\n<h2>Os melhores fornecedores de eSIM na \u00cdndia<\/h2>\n","protected":false},"excerpt":{"rendered":"<p>Est\u00e1s \u00e0 procura do melhor eSIM para a tua pr\u00f3xima viagem \u00e0 \u00cdndia? Ent\u00e3o, este guia vai mostrar-te todas as melhores op\u00e7\u00f5es de eSims para a \u00cdndia! Abaixo tens uma gama de pacotes de dados eSim pr\u00e9-pagos de fornecedores locais e internacionais &#8211; desde pacotes pequenos a grandes e at\u00e9 dados ilimitados, se quiseres. Por [&hellip;]<\/p>\n","protected":false},"author":6,"featured_media":0,"parent":0,"menu_order":0,"comment_status":"closed","ping_status":"closed","template":"best-esim-template.php","meta":{"_lmt_disableupdate":"","_lmt_disable":""},"categories":[600266,600291],"acf":[],"_links":{"self":[{"href":"https:\/\/expertworldtravel.com\/pt-pt\/wp-json\/wp\/v2\/pages\/3138992"}],"collection":[{"href":"https:\/\/expertworldtravel.com\/pt-pt\/wp-json\/wp\/v2\/pages"}],"about":[{"href":"https:\/\/expertworldtravel.com\/pt-pt\/wp-json\/wp\/v2\/types\/page"}],"author":[{"embeddable":true,"href":"https:\/\/expertworldtravel.com\/pt-pt\/wp-json\/wp\/v2\/users\/6"}],"replies":[{"embeddable":true,"href":"https:\/\/expertworldtravel.com\/pt-pt\/wp-json\/wp\/v2\/comments?post=3138992"}],"version-history":[{"count":1,"href":"https:\/\/expertworldtravel.com\/pt-pt\/wp-json\/wp\/v2\/pages\/3138992\/revisions"}],"predecessor-version":[{"id":3141712,"href":"https:\/\/expertworldtravel.com\/pt-pt\/wp-json\/wp\/v2\/pages\/3138992\/revisions\/3141712"}],"wp:attachment":[{"href":"https:\/\/expertworldtravel.com\/pt-pt\/wp-json\/wp\/v2\/media?parent=3138992"}],"wp:term":[{"taxonomy":"category","embeddable":true,"href":"https:\/\/expertworldtravel.com\/pt-pt\/wp-json\/wp\/v2\/categories?post=3138992"}],"curies":[{"name":"wp","href":"https:\/\/api.w.org\/{rel}","templated":true}]}}