{"id":3139001,"date":"2023-04-05T09:07:12","date_gmt":"2023-04-05T09:07:12","guid":{"rendered":"https:\/\/expertworldtravel.com\/esim-camboja\/"},"modified":"2024-12-23T15:40:55","modified_gmt":"2024-12-23T15:40:55","slug":"melhor-esim-cambodja","status":"publish","type":"page","link":"https:\/\/expertworldtravel.com\/pt-pt\/melhor-esim-cambodja\/","title":{"rendered":"5 melhores eSIM para o Camboja (mantenha-se ligado enquanto viaja)"},"content":{"rendered":"<p class=\"ifp\">Quer obter um eSIM para uma viagem ao Camboja mas n\u00e3o sabe quais s\u00e3o as suas op\u00e7\u00f5es? Ent\u00e3o veio ao s\u00edtio certo, porque este guia detalhado apresenta todos os melhores eSIMs para o Camboja!<\/p>\n<p>Quer precise de um eSIM para uma semana ou para mais de um m\u00eas, encontrar\u00e1 aqui algumas op\u00e7\u00f5es que vale a pena considerar.<\/p>\n<p>Tamb\u00e9m inclu\u00ed planos de dados limitados e ilimitados, bem como op\u00e7\u00f5es de fornecedores internacionais e locais, para que tenha uma excelente vis\u00e3o geral do melhor eSIM para o Camboja!<\/p>\n<div class=\"highlight-box\">\n<h3>Escolher o eSIM ideal<\/h3>\n<p>Escolher o eSIM certo para a tua viagem resume-se a algumas escolhas simples:<\/p>\n<ul>\n<li>Dados ilimitados ou alguns GB de dados<\/li>\n<li>Precisas de chamadas e SMSs<\/li>\n<li>Um pa\u00eds ou v\u00e1rios na \u00c1sia<\/li>\n<\/ul>\n<p>Depois de responderes a estas perguntas, torna-se muito mais simples escolher o eSIM perfeito.<\/p>\n<\/div>\n","protected":false},"excerpt":{"rendered":"<p>Quer obter um eSIM para uma viagem ao Camboja mas n\u00e3o sabe quais s\u00e3o as suas op\u00e7\u00f5es? Ent\u00e3o veio ao s\u00edtio certo, porque este guia detalhado apresenta todos os melhores eSIMs para o Camboja! Quer precise de um eSIM para uma semana ou para mais de um m\u00eas, encontrar\u00e1 aqui algumas op\u00e7\u00f5es que vale a [&hellip;]<\/p>\n","protected":false},"author":2,"featured_media":3139002,"parent":0,"menu_order":0,"comment_status":"closed","ping_status":"closed","template":"best-esim-template.php","meta":{"_lmt_disableupdate":"no","_lmt_disable":""},"categories":[600266,600276],"acf":[],"_links":{"self":[{"href":"https:\/\/expertworldtravel.com\/pt-pt\/wp-json\/wp\/v2\/pages\/3139001"}],"collection":[{"href":"https:\/\/expertworldtravel.com\/pt-pt\/wp-json\/wp\/v2\/pages"}],"about":[{"href":"https:\/\/expertworldtravel.com\/pt-pt\/wp-json\/wp\/v2\/types\/page"}],"author":[{"embeddable":true,"href":"https:\/\/expertworldtravel.com\/pt-pt\/wp-json\/wp\/v2\/users\/2"}],"replies":[{"embeddable":true,"href":"https:\/\/expertworldtravel.com\/pt-pt\/wp-json\/wp\/v2\/comments?post=3139001"}],"version-history":[{"count":7,"href":"https:\/\/expertworldtravel.com\/pt-pt\/wp-json\/wp\/v2\/pages\/3139001\/revisions"}],"predecessor-version":[{"id":3141764,"href":"https:\/\/expertworldtravel.com\/pt-pt\/wp-json\/wp\/v2\/pages\/3139001\/revisions\/3141764"}],"wp:featuredmedia":[{"embeddable":true,"href":"https:\/\/expertworldtravel.com\/pt-pt\/wp-json\/wp\/v2\/media\/3139002"}],"wp:attachment":[{"href":"https:\/\/expertworldtravel.com\/pt-pt\/wp-json\/wp\/v2\/media?parent=3139001"}],"wp:term":[{"taxonomy":"category","embeddable":true,"href":"https:\/\/expertworldtravel.com\/pt-pt\/wp-json\/wp\/v2\/categories?post=3139001"}],"curies":[{"name":"wp","href":"https:\/\/api.w.org\/{rel}","templated":true}]}}