{"id":3139006,"date":"2023-05-13T22:43:26","date_gmt":"2023-05-13T22:43:26","guid":{"rendered":"https:\/\/expertworldtravel.com\/esim-kenia\/"},"modified":"2023-09-06T10:48:52","modified_gmt":"2023-09-06T10:48:52","slug":"esim-quenia","status":"publish","type":"page","link":"https:\/\/expertworldtravel.com\/pt-pt\/esim-quenia\/","title":{"rendered":"Melhor eSIM para o Qu\u00e9nia (Mantenha-se ligado enquanto viaja)"},"content":{"rendered":"<p>Se est\u00e1 \u00e0 procura de um eSIM para se manter ligado enquanto viaja no Qu\u00e9nia, veio ao s\u00edtio certo.<\/p>\n<p>Passei muito tempo no Qu\u00e9nia e acredite em mim quando digo que vai fazer a viagem da sua vida, por isso vamos encontrar a melhor op\u00e7\u00e3o de eSIM.<\/p>\n<p>Pode comprar um cart\u00e3o SIM f\u00edsico no aeroporto quando aterrar, mas \u00e9 um pouco inc\u00f3modo e um eSIM do Qu\u00e9nia \u00e9, a meu ver, a melhor solu\u00e7\u00e3o. Em baixo, analisei as melhores tarifas eSIM Qu\u00e9nia dos principais fornecedores mundiais para o ajudar a encontrar o melhor eSIM&nbsp;para o Qu\u00e9nia para a sua pr\u00f3xima viagem.<\/p>\n","protected":false},"excerpt":{"rendered":"<p>Se est\u00e1 \u00e0 procura de um eSIM para se manter ligado enquanto viaja no Qu\u00e9nia, veio ao s\u00edtio certo. Passei muito tempo no Qu\u00e9nia e acredite em mim quando digo que vai fazer a viagem da sua vida, por isso vamos encontrar a melhor op\u00e7\u00e3o de eSIM. Pode comprar um cart\u00e3o SIM f\u00edsico no aeroporto [&hellip;]<\/p>\n","protected":false},"author":2,"featured_media":3139008,"parent":0,"menu_order":0,"comment_status":"closed","ping_status":"closed","template":"best-esim-template.php","meta":{"_lmt_disableupdate":"no","_lmt_disable":""},"categories":[600266],"acf":[],"_links":{"self":[{"href":"https:\/\/expertworldtravel.com\/pt-pt\/wp-json\/wp\/v2\/pages\/3139006"}],"collection":[{"href":"https:\/\/expertworldtravel.com\/pt-pt\/wp-json\/wp\/v2\/pages"}],"about":[{"href":"https:\/\/expertworldtravel.com\/pt-pt\/wp-json\/wp\/v2\/types\/page"}],"author":[{"embeddable":true,"href":"https:\/\/expertworldtravel.com\/pt-pt\/wp-json\/wp\/v2\/users\/2"}],"replies":[{"embeddable":true,"href":"https:\/\/expertworldtravel.com\/pt-pt\/wp-json\/wp\/v2\/comments?post=3139006"}],"version-history":[{"count":1,"href":"https:\/\/expertworldtravel.com\/pt-pt\/wp-json\/wp\/v2\/pages\/3139006\/revisions"}],"predecessor-version":[{"id":3139012,"href":"https:\/\/expertworldtravel.com\/pt-pt\/wp-json\/wp\/v2\/pages\/3139006\/revisions\/3139012"}],"wp:featuredmedia":[{"embeddable":true,"href":"https:\/\/expertworldtravel.com\/pt-pt\/wp-json\/wp\/v2\/media\/3139008"}],"wp:attachment":[{"href":"https:\/\/expertworldtravel.com\/pt-pt\/wp-json\/wp\/v2\/media?parent=3139006"}],"wp:term":[{"taxonomy":"category","embeddable":true,"href":"https:\/\/expertworldtravel.com\/pt-pt\/wp-json\/wp\/v2\/categories?post=3139006"}],"curies":[{"name":"wp","href":"https:\/\/api.w.org\/{rel}","templated":true}]}}