{"id":3139011,"date":"2023-08-31T11:08:19","date_gmt":"2023-08-31T11:08:19","guid":{"rendered":"https:\/\/expertworldtravel.com\/esim-republica-checa\/"},"modified":"2025-01-05T16:39:28","modified_gmt":"2025-01-05T16:39:28","slug":"esim-republica-checa","status":"publish","type":"page","link":"https:\/\/expertworldtravel.com\/pt-pt\/esim-republica-checa\/","title":{"rendered":"O melhor eSIM para a Rep\u00fablica Checa (dados pr\u00e9-pagos comparados)"},"content":{"rendered":"<p>Vais para a Rep\u00fablica Checa ou para Praga e precisas de um eSIM para dados de viagem? \u00d3ptima escolha!<\/p>\n<p>O nosso guia eSIM detalhado mostra-te todas as melhores op\u00e7\u00f5es de eSIM para a Rep\u00fablica Checa ou Praga, desde os mais baratos e f\u00e1ceis at\u00e9 aos dados ilimitados para a tua viagem. J\u00e1 utilizamos eSIMs h\u00e1 algum tempo e sabemos o que procurar para obter o eSIM ideal para viajar para a Rep\u00fablica Checa.<\/p>\n","protected":false},"excerpt":{"rendered":"<p>Vais para a Rep\u00fablica Checa ou para Praga e precisas de um eSIM para dados de viagem? \u00d3ptima escolha! O nosso guia eSIM detalhado mostra-te todas as melhores op\u00e7\u00f5es de eSIM para a Rep\u00fablica Checa ou Praga, desde os mais baratos e f\u00e1ceis at\u00e9 aos dados ilimitados para a tua viagem. J\u00e1 utilizamos eSIMs h\u00e1 [&hellip;]<\/p>\n","protected":false},"author":2,"featured_media":0,"parent":0,"menu_order":0,"comment_status":"closed","ping_status":"closed","template":"best-esim-template.php","meta":{"_lmt_disableupdate":"","_lmt_disable":""},"categories":[600295],"acf":[],"_links":{"self":[{"href":"https:\/\/expertworldtravel.com\/pt-pt\/wp-json\/wp\/v2\/pages\/3139011"}],"collection":[{"href":"https:\/\/expertworldtravel.com\/pt-pt\/wp-json\/wp\/v2\/pages"}],"about":[{"href":"https:\/\/expertworldtravel.com\/pt-pt\/wp-json\/wp\/v2\/types\/page"}],"author":[{"embeddable":true,"href":"https:\/\/expertworldtravel.com\/pt-pt\/wp-json\/wp\/v2\/users\/2"}],"replies":[{"embeddable":true,"href":"https:\/\/expertworldtravel.com\/pt-pt\/wp-json\/wp\/v2\/comments?post=3139011"}],"version-history":[{"count":1,"href":"https:\/\/expertworldtravel.com\/pt-pt\/wp-json\/wp\/v2\/pages\/3139011\/revisions"}],"predecessor-version":[{"id":3142076,"href":"https:\/\/expertworldtravel.com\/pt-pt\/wp-json\/wp\/v2\/pages\/3139011\/revisions\/3142076"}],"wp:attachment":[{"href":"https:\/\/expertworldtravel.com\/pt-pt\/wp-json\/wp\/v2\/media?parent=3139011"}],"wp:term":[{"taxonomy":"category","embeddable":true,"href":"https:\/\/expertworldtravel.com\/pt-pt\/wp-json\/wp\/v2\/categories?post=3139011"}],"curies":[{"name":"wp","href":"https:\/\/api.w.org\/{rel}","templated":true}]}}