{"id":3139018,"date":"2023-05-11T18:06:35","date_gmt":"2023-05-11T18:06:35","guid":{"rendered":"https:\/\/expertworldtravel.com\/esim-nigeria\/"},"modified":"2023-11-20T10:01:45","modified_gmt":"2023-11-20T10:01:45","slug":"melhor-esim-nigeria","status":"publish","type":"page","link":"https:\/\/expertworldtravel.com\/pt-pt\/melhor-esim-nigeria\/","title":{"rendered":"Melhores eSIMs para a Nig\u00e9ria (Affordable Travel Data)"},"content":{"rendered":"<p>Comprar um eSIM para a Nig\u00e9ria?<\/p>\n<p>Durante a nossa viagem a \u00c1frica, experiment\u00e1mos uma s\u00e9rie de eSIM, incluindo alguns na Nig\u00e9ria. Alguns eram \u00f3ptimos, outros eSIM nem por isso.<\/p>\n<p>Gostaria de destacar alguns dos melhores planos de dados m\u00f3veis eSim para a sua viagem \u00e0 Nig\u00e9ria.<\/p>\n<h2>Escolher o melhor ESIM<\/h2>\n<p>Um dos desafios de procurar entre todos os planos de dados eSIM online \u00e9 descobrir qual o eSIM mais adequado para si. Como j\u00e1 utiliz\u00e1mos muitos eSIMs e temos muita experi\u00eancia com eles, pensei em partilhar uma estrat\u00e9gia simples para escolher um eSIM.<\/p>\n<p>H\u00e1 apenas algumas perguntas que tem de fazer a si pr\u00f3prio sobre a conetividade de que necessita:<\/p>\n<ul>\n<li>Quantos dados utiliza por dia<\/li>\n<li>Quanto tempo vai ficar na Nig\u00e9ria?<\/li>\n<li>Necessita de um n\u00famero de telefone local ou de SMS<\/li>\n<\/ul>\n<p>Na maior parte do tempo, n\u00e3o tem de se preocupar com chamadas ou SMS (utilize antes o Whatsapp ou o Signal).<\/p>\n<p>Quanto aos dados, \u00e9 frequente obter dados no hotel ou em caf\u00e9s. Por isso, tem de perceber se vai utilizar muito o Youtube, o Netflix e o Tiktok, ou se vai utilizar poucos s\u00edtios Web.<\/p>\n<p>Como trabalhamos em viagem, precisamos de muitos dados e optamos por planos eSIM ilimitados sempre que poss\u00edvel. No entanto, se conseguir utilizar 5-10 GB durante a sua viagem, esse \u00e9 frequentemente o ponto ideal para o pre\u00e7o\/GB.<\/p>\n","protected":false},"excerpt":{"rendered":"<p>Comprar um eSIM para a Nig\u00e9ria? Durante a nossa viagem a \u00c1frica, experiment\u00e1mos uma s\u00e9rie de eSIM, incluindo alguns na Nig\u00e9ria. Alguns eram \u00f3ptimos, outros eSIM nem por isso. Gostaria de destacar alguns dos melhores planos de dados m\u00f3veis eSim para a sua viagem \u00e0 Nig\u00e9ria. Escolher o melhor ESIM Um dos desafios de procurar [&hellip;]<\/p>\n","protected":false},"author":2,"featured_media":3139019,"parent":0,"menu_order":0,"comment_status":"closed","ping_status":"closed","template":"best-esim-template.php","meta":{"_lmt_disableupdate":"","_lmt_disable":""},"categories":[600266],"acf":[],"_links":{"self":[{"href":"https:\/\/expertworldtravel.com\/pt-pt\/wp-json\/wp\/v2\/pages\/3139018"}],"collection":[{"href":"https:\/\/expertworldtravel.com\/pt-pt\/wp-json\/wp\/v2\/pages"}],"about":[{"href":"https:\/\/expertworldtravel.com\/pt-pt\/wp-json\/wp\/v2\/types\/page"}],"author":[{"embeddable":true,"href":"https:\/\/expertworldtravel.com\/pt-pt\/wp-json\/wp\/v2\/users\/2"}],"replies":[{"embeddable":true,"href":"https:\/\/expertworldtravel.com\/pt-pt\/wp-json\/wp\/v2\/comments?post=3139018"}],"version-history":[{"count":1,"href":"https:\/\/expertworldtravel.com\/pt-pt\/wp-json\/wp\/v2\/pages\/3139018\/revisions"}],"predecessor-version":[{"id":3141217,"href":"https:\/\/expertworldtravel.com\/pt-pt\/wp-json\/wp\/v2\/pages\/3139018\/revisions\/3141217"}],"wp:featuredmedia":[{"embeddable":true,"href":"https:\/\/expertworldtravel.com\/pt-pt\/wp-json\/wp\/v2\/media\/3139019"}],"wp:attachment":[{"href":"https:\/\/expertworldtravel.com\/pt-pt\/wp-json\/wp\/v2\/media?parent=3139018"}],"wp:term":[{"taxonomy":"category","embeddable":true,"href":"https:\/\/expertworldtravel.com\/pt-pt\/wp-json\/wp\/v2\/categories?post=3139018"}],"curies":[{"name":"wp","href":"https:\/\/api.w.org\/{rel}","templated":true}]}}