{"id":3139032,"date":"2023-05-11T17:02:19","date_gmt":"2023-05-11T17:02:19","guid":{"rendered":"https:\/\/expertworldtravel.com\/esim-tanzania\/"},"modified":"2025-01-06T08:24:37","modified_gmt":"2025-01-06T08:24:37","slug":"esim-tanzania","status":"publish","type":"page","link":"https:\/\/expertworldtravel.com\/pt-pt\/esim-tanzania\/","title":{"rendered":"Melhor eSIM para a Tanz\u00e2nia (mant\u00e9m-te ligado enquanto viajas)"},"content":{"rendered":"<p>Vais para a Tanz\u00e2nia e precisas de um eSIM? A Tanz\u00e2nia \u00e9 um dos meus pa\u00edses preferidos no mundo. Deves estar a perguntar-te qual a melhor forma de te manteres ligado enquanto l\u00e1 estiveres, por isso vamos resolver isso por ti. Podes utilizar o roaming de dados, mas n\u00e3o o recomendo, porque \u00e9 muito caro. Um cart\u00e3o SIM local \u00e9 uma op\u00e7\u00e3o, mas tem alguns inconvenientes. E o melhor eSIM que a Tanz\u00e2nia tem para oferecer? Os eSims s\u00e3o incrivelmente convenientes e acess\u00edveis, por isso vamos encontrar-te <strong>o melhor eSIM para a Tanz\u00e2nia<\/strong>. Abaixo, analisei os planos de dados do eSim Tanz\u00e2nia dos principais fornecedores mundiais de eSim, para que possas encontrar o melhor eSim para a tua viagem a este pa\u00eds m\u00e1gico.<\/p>\n","protected":false},"excerpt":{"rendered":"<p>Vais para a Tanz\u00e2nia e precisas de um eSIM? A Tanz\u00e2nia \u00e9 um dos meus pa\u00edses preferidos no mundo. Deves estar a perguntar-te qual a melhor forma de te manteres ligado enquanto l\u00e1 estiveres, por isso vamos resolver isso por ti. Podes utilizar o roaming de dados, mas n\u00e3o o recomendo, porque \u00e9 muito caro. [&hellip;]<\/p>\n","protected":false},"author":2,"featured_media":3139033,"parent":0,"menu_order":0,"comment_status":"closed","ping_status":"closed","template":"best-esim-template.php","meta":{"_lmt_disableupdate":"","_lmt_disable":""},"categories":[600266],"acf":[],"_links":{"self":[{"href":"https:\/\/expertworldtravel.com\/pt-pt\/wp-json\/wp\/v2\/pages\/3139032"}],"collection":[{"href":"https:\/\/expertworldtravel.com\/pt-pt\/wp-json\/wp\/v2\/pages"}],"about":[{"href":"https:\/\/expertworldtravel.com\/pt-pt\/wp-json\/wp\/v2\/types\/page"}],"author":[{"embeddable":true,"href":"https:\/\/expertworldtravel.com\/pt-pt\/wp-json\/wp\/v2\/users\/2"}],"replies":[{"embeddable":true,"href":"https:\/\/expertworldtravel.com\/pt-pt\/wp-json\/wp\/v2\/comments?post=3139032"}],"version-history":[{"count":1,"href":"https:\/\/expertworldtravel.com\/pt-pt\/wp-json\/wp\/v2\/pages\/3139032\/revisions"}],"predecessor-version":[{"id":3142081,"href":"https:\/\/expertworldtravel.com\/pt-pt\/wp-json\/wp\/v2\/pages\/3139032\/revisions\/3142081"}],"wp:featuredmedia":[{"embeddable":true,"href":"https:\/\/expertworldtravel.com\/pt-pt\/wp-json\/wp\/v2\/media\/3139033"}],"wp:attachment":[{"href":"https:\/\/expertworldtravel.com\/pt-pt\/wp-json\/wp\/v2\/media?parent=3139032"}],"wp:term":[{"taxonomy":"category","embeddable":true,"href":"https:\/\/expertworldtravel.com\/pt-pt\/wp-json\/wp\/v2\/categories?post=3139032"}],"curies":[{"name":"wp","href":"https:\/\/api.w.org\/{rel}","templated":true}]}}