{"id":3139038,"date":"2023-05-17T18:35:05","date_gmt":"2023-05-17T18:35:05","guid":{"rendered":"https:\/\/expertworldtravel.com\/esim-etiopia\/"},"modified":"2023-09-06T10:55:13","modified_gmt":"2023-09-06T10:55:13","slug":"esim-etiopia","status":"publish","type":"page","link":"https:\/\/expertworldtravel.com\/pt-pt\/esim-etiopia\/","title":{"rendered":"O melhor eSim para a Eti\u00f3pia: Um guia para viajantes"},"content":{"rendered":"<p>Se est\u00e1 a planear uma viagem \u00e0 Eti\u00f3pia, deve estar a pensar na melhor forma de se manter ligado aos dados m\u00f3veis enquanto l\u00e1 estiver.<\/p>\n<p>Pode comprar um cart\u00e3o SIM f\u00edsico quando aterrar na Eti\u00f3pia, utilizar o dispendioso roaming de dados ou encontrar o melhor eSim que a Eti\u00f3pia tem para oferecer.<\/p>\n<p>Neste artigo, analisarei todos os fornecedores mundiais de eSim e os seus planos de dados eSim que abrangem a Eti\u00f3pia, para que possa encontrar o melhor eSim para a Eti\u00f3pia para as suas viagens.<\/p>\n","protected":false},"excerpt":{"rendered":"<p>Se est\u00e1 a planear uma viagem \u00e0 Eti\u00f3pia, deve estar a pensar na melhor forma de se manter ligado aos dados m\u00f3veis enquanto l\u00e1 estiver. Pode comprar um cart\u00e3o SIM f\u00edsico quando aterrar na Eti\u00f3pia, utilizar o dispendioso roaming de dados ou encontrar o melhor eSim que a Eti\u00f3pia tem para oferecer. Neste artigo, analisarei [&hellip;]<\/p>\n","protected":false},"author":2,"featured_media":3139039,"parent":0,"menu_order":0,"comment_status":"closed","ping_status":"closed","template":"best-esim-template.php","meta":{"_lmt_disableupdate":"","_lmt_disable":""},"categories":[600266,600298],"acf":[],"_links":{"self":[{"href":"https:\/\/expertworldtravel.com\/pt-pt\/wp-json\/wp\/v2\/pages\/3139038"}],"collection":[{"href":"https:\/\/expertworldtravel.com\/pt-pt\/wp-json\/wp\/v2\/pages"}],"about":[{"href":"https:\/\/expertworldtravel.com\/pt-pt\/wp-json\/wp\/v2\/types\/page"}],"author":[{"embeddable":true,"href":"https:\/\/expertworldtravel.com\/pt-pt\/wp-json\/wp\/v2\/users\/2"}],"replies":[{"embeddable":true,"href":"https:\/\/expertworldtravel.com\/pt-pt\/wp-json\/wp\/v2\/comments?post=3139038"}],"version-history":[{"count":0,"href":"https:\/\/expertworldtravel.com\/pt-pt\/wp-json\/wp\/v2\/pages\/3139038\/revisions"}],"wp:featuredmedia":[{"embeddable":true,"href":"https:\/\/expertworldtravel.com\/pt-pt\/wp-json\/wp\/v2\/media\/3139039"}],"wp:attachment":[{"href":"https:\/\/expertworldtravel.com\/pt-pt\/wp-json\/wp\/v2\/media?parent=3139038"}],"wp:term":[{"taxonomy":"category","embeddable":true,"href":"https:\/\/expertworldtravel.com\/pt-pt\/wp-json\/wp\/v2\/categories?post=3139038"}],"curies":[{"name":"wp","href":"https:\/\/api.w.org\/{rel}","templated":true}]}}