{"id":3139137,"date":"2023-01-03T16:31:51","date_gmt":"2023-01-03T16:31:51","guid":{"rendered":"https:\/\/expertworldtravel.com\/melhor-esim-canada\/"},"modified":"2024-12-27T09:17:25","modified_gmt":"2024-12-27T09:17:25","slug":"melhor-esim-canada","status":"publish","type":"page","link":"https:\/\/expertworldtravel.com\/pt-pt\/melhor-esim-canada\/","title":{"rendered":"O melhor eSIM para o Canad\u00e1 em 2025 (Obter dados mais baratos)"},"content":{"rendered":"<p>Se vai viajar para o Canad\u00e1, n\u00e3o h\u00e1 melhor forma de se manter ligado ao seu telem\u00f3vel ou tablet do que com um eSIM para o Canad\u00e1. Os eSIM s\u00e3o relativamente recentes, mas tornam a vida muito mais f\u00e1cil.<\/p>\n<p>Junte-se a mim num guia detalhado sobre os melhores eSIMs para qualquer parte do Canad\u00e1: Toronto, Montreal, Vancouver e praticamente qualquer outro s\u00edtio.<\/p>\n<p>Inclu\u00ed as operadoras de eSIM mais populares, internacionais e locais, e comparei-as entre si. A seguir, dever\u00e1 encontrar o plano eSim ideal para si.<\/p>\n","protected":false},"excerpt":{"rendered":"<p>Se vai viajar para o Canad\u00e1, n\u00e3o h\u00e1 melhor forma de se manter ligado ao seu telem\u00f3vel ou tablet do que com um eSIM para o Canad\u00e1. Os eSIM s\u00e3o relativamente recentes, mas tornam a vida muito mais f\u00e1cil. Junte-se a mim num guia detalhado sobre os melhores eSIMs para qualquer parte do Canad\u00e1: Toronto, [&hellip;]<\/p>\n","protected":false},"author":6,"featured_media":3139138,"parent":0,"menu_order":0,"comment_status":"closed","ping_status":"closed","template":"best-template.php","meta":{"_lmt_disableupdate":"no","_lmt_disable":""},"categories":[600266,600302],"acf":[],"_links":{"self":[{"href":"https:\/\/expertworldtravel.com\/pt-pt\/wp-json\/wp\/v2\/pages\/3139137"}],"collection":[{"href":"https:\/\/expertworldtravel.com\/pt-pt\/wp-json\/wp\/v2\/pages"}],"about":[{"href":"https:\/\/expertworldtravel.com\/pt-pt\/wp-json\/wp\/v2\/types\/page"}],"author":[{"embeddable":true,"href":"https:\/\/expertworldtravel.com\/pt-pt\/wp-json\/wp\/v2\/users\/6"}],"replies":[{"embeddable":true,"href":"https:\/\/expertworldtravel.com\/pt-pt\/wp-json\/wp\/v2\/comments?post=3139137"}],"version-history":[{"count":3,"href":"https:\/\/expertworldtravel.com\/pt-pt\/wp-json\/wp\/v2\/pages\/3139137\/revisions"}],"predecessor-version":[{"id":3141929,"href":"https:\/\/expertworldtravel.com\/pt-pt\/wp-json\/wp\/v2\/pages\/3139137\/revisions\/3141929"}],"wp:featuredmedia":[{"embeddable":true,"href":"https:\/\/expertworldtravel.com\/pt-pt\/wp-json\/wp\/v2\/media\/3139138"}],"wp:attachment":[{"href":"https:\/\/expertworldtravel.com\/pt-pt\/wp-json\/wp\/v2\/media?parent=3139137"}],"wp:term":[{"taxonomy":"category","embeddable":true,"href":"https:\/\/expertworldtravel.com\/pt-pt\/wp-json\/wp\/v2\/categories?post=3139137"}],"curies":[{"name":"wp","href":"https:\/\/api.w.org\/{rel}","templated":true}]}}