{"id":3139163,"date":"2023-01-03T18:34:13","date_gmt":"2023-01-03T18:34:13","guid":{"rendered":"https:\/\/expertworldtravel.com\/melhor-esim-turquia\/"},"modified":"2024-12-24T11:03:23","modified_gmt":"2024-12-24T11:03:23","slug":"esim-turquia","status":"publish","type":"page","link":"https:\/\/expertworldtravel.com\/pt-pt\/esim-turquia\/","title":{"rendered":"O melhor eSIM para a Turquia em 2025 (Cheap Travel Data)"},"content":{"rendered":"<p>Se est\u00e1s a planear viajar para a Turquia e queres saber qual \u00e9 o melhor eSIM para a tua viagem, ent\u00e3o n\u00e3o procures mais<\/p>\n<p>Os eSIMs da Turquia s\u00e3o uma excelente forma de evitar as taxas de roaming de dados e o inc\u00f3modo dos cart\u00f5es SIM locais \u00e9 um pouco inc\u00f3modo.<\/p>\n<p>Abaixo vou mostrar-te <strong>os melhores eSIMs para a Turquia<\/strong>, para que possas estar online poucos minutos depois de aterrares e te manteres ligado durante toda a tua viagem.<\/p>\n","protected":false},"excerpt":{"rendered":"<p>Se est\u00e1s a planear viajar para a Turquia e queres saber qual \u00e9 o melhor eSIM para a tua viagem, ent\u00e3o n\u00e3o procures mais Os eSIMs da Turquia s\u00e3o uma excelente forma de evitar as taxas de roaming de dados e o inc\u00f3modo dos cart\u00f5es SIM locais \u00e9 um pouco inc\u00f3modo. Abaixo vou mostrar-te os [&hellip;]<\/p>\n","protected":false},"author":6,"featured_media":3139164,"parent":0,"menu_order":0,"comment_status":"closed","ping_status":"closed","template":"best-template.php","meta":{"_lmt_disableupdate":"no","_lmt_disable":""},"categories":[600266,600307],"acf":[],"_links":{"self":[{"href":"https:\/\/expertworldtravel.com\/pt-pt\/wp-json\/wp\/v2\/pages\/3139163"}],"collection":[{"href":"https:\/\/expertworldtravel.com\/pt-pt\/wp-json\/wp\/v2\/pages"}],"about":[{"href":"https:\/\/expertworldtravel.com\/pt-pt\/wp-json\/wp\/v2\/types\/page"}],"author":[{"embeddable":true,"href":"https:\/\/expertworldtravel.com\/pt-pt\/wp-json\/wp\/v2\/users\/6"}],"replies":[{"embeddable":true,"href":"https:\/\/expertworldtravel.com\/pt-pt\/wp-json\/wp\/v2\/comments?post=3139163"}],"version-history":[{"count":3,"href":"https:\/\/expertworldtravel.com\/pt-pt\/wp-json\/wp\/v2\/pages\/3139163\/revisions"}],"predecessor-version":[{"id":3141871,"href":"https:\/\/expertworldtravel.com\/pt-pt\/wp-json\/wp\/v2\/pages\/3139163\/revisions\/3141871"}],"wp:featuredmedia":[{"embeddable":true,"href":"https:\/\/expertworldtravel.com\/pt-pt\/wp-json\/wp\/v2\/media\/3139164"}],"wp:attachment":[{"href":"https:\/\/expertworldtravel.com\/pt-pt\/wp-json\/wp\/v2\/media?parent=3139163"}],"wp:term":[{"taxonomy":"category","embeddable":true,"href":"https:\/\/expertworldtravel.com\/pt-pt\/wp-json\/wp\/v2\/categories?post=3139163"}],"curies":[{"name":"wp","href":"https:\/\/api.w.org\/{rel}","templated":true}]}}