{"id":3139199,"date":"2023-05-02T18:33:27","date_gmt":"2023-05-02T18:33:27","guid":{"rendered":"https:\/\/expertworldtravel.com\/melhor-esim-africa-do-sul\/"},"modified":"2024-12-23T14:01:59","modified_gmt":"2024-12-23T14:01:59","slug":"esim-africa-do-sul","status":"publish","type":"page","link":"https:\/\/expertworldtravel.com\/pt-pt\/esim-africa-do-sul\/","title":{"rendered":"Melhor eSIM para a \u00c1frica do Sul: Um guia para viajantes"},"content":{"rendered":"<p>Quer saber qual o eSIM a adquirir para a \u00c1frica do Sul?<br \/>\nOs ESIM s\u00e3o uma nova e excelente forma de obter dados a pre\u00e7os acess\u00edveis enquanto viaja.<br \/>\nPoupam-lhe muito dinheiro em taxas de roaming e mant\u00eam-no ligado onde quer que esteja na \u00c1frica do Sul.<br \/>\nJunte-se a mim enquanto analiso os melhores eSIMs para a \u00c1frica do Sul, analisando os seus planos, acessibilidade, cobertura, velocidades e muito mais, para que possa encontrar o melhor eSIM para a \u00c1frica do Sul para as suas viagens.<\/p>\n","protected":false},"excerpt":{"rendered":"<p>Quer saber qual o eSIM a adquirir para a \u00c1frica do Sul? Os ESIM s\u00e3o uma nova e excelente forma de obter dados a pre\u00e7os acess\u00edveis enquanto viaja. Poupam-lhe muito dinheiro em taxas de roaming e mant\u00eam-no ligado onde quer que esteja na \u00c1frica do Sul. Junte-se a mim enquanto analiso os melhores eSIMs para [&hellip;]<\/p>\n","protected":false},"author":2,"featured_media":3139200,"parent":0,"menu_order":0,"comment_status":"closed","ping_status":"closed","template":"best-esim-template.php","meta":{"_lmt_disableupdate":"no","_lmt_disable":""},"categories":[600266],"acf":[],"_links":{"self":[{"href":"https:\/\/expertworldtravel.com\/pt-pt\/wp-json\/wp\/v2\/pages\/3139199"}],"collection":[{"href":"https:\/\/expertworldtravel.com\/pt-pt\/wp-json\/wp\/v2\/pages"}],"about":[{"href":"https:\/\/expertworldtravel.com\/pt-pt\/wp-json\/wp\/v2\/types\/page"}],"author":[{"embeddable":true,"href":"https:\/\/expertworldtravel.com\/pt-pt\/wp-json\/wp\/v2\/users\/2"}],"replies":[{"embeddable":true,"href":"https:\/\/expertworldtravel.com\/pt-pt\/wp-json\/wp\/v2\/comments?post=3139199"}],"version-history":[{"count":2,"href":"https:\/\/expertworldtravel.com\/pt-pt\/wp-json\/wp\/v2\/pages\/3139199\/revisions"}],"predecessor-version":[{"id":3141793,"href":"https:\/\/expertworldtravel.com\/pt-pt\/wp-json\/wp\/v2\/pages\/3139199\/revisions\/3141793"}],"wp:featuredmedia":[{"embeddable":true,"href":"https:\/\/expertworldtravel.com\/pt-pt\/wp-json\/wp\/v2\/media\/3139200"}],"wp:attachment":[{"href":"https:\/\/expertworldtravel.com\/pt-pt\/wp-json\/wp\/v2\/media?parent=3139199"}],"wp:term":[{"taxonomy":"category","embeddable":true,"href":"https:\/\/expertworldtravel.com\/pt-pt\/wp-json\/wp\/v2\/categories?post=3139199"}],"curies":[{"name":"wp","href":"https:\/\/api.w.org\/{rel}","templated":true}]}}