{"id":3139210,"date":"2023-04-18T14:34:04","date_gmt":"2023-04-18T14:34:04","guid":{"rendered":"https:\/\/expertworldtravel.com\/melhor-esim-paises-baixos\/"},"modified":"2024-12-27T06:59:11","modified_gmt":"2024-12-27T06:59:11","slug":"esim-paises-baixos","status":"publish","type":"page","link":"https:\/\/expertworldtravel.com\/pt-pt\/esim-paises-baixos\/","title":{"rendered":"Melhor eSIM para a Holanda (dados pr\u00e9-pagos mais baratos)"},"content":{"rendered":"<p>Se est\u00e1 a planear uma viagem aos Pa\u00edses Baixos, pode estar a pensar se um eSIM \u00e9 a melhor forma de se manter ligado durante a sua viagem.<\/p>\n<p>Os eSims est\u00e3o a tornar-se uma forma cada vez mais popular de ter uma liga\u00e7\u00e3o de dados enquanto se est\u00e1 no estrangeiro, uma vez que s\u00e3o muito mais baratos do que o roaming de dados e tamb\u00e9m mais convenientes.<\/p>\n<p>Ajud\u00e1-lo-ei a encontrar o melhor eSIM para os Pa\u00edses Baixos. Iremos analisar os principais fornecedores de eSIM, a sua cobertura, velocidades de liga\u00e7\u00e3o e muito mais, para que possa encontrar o melhor plano de dados eSIM para as suas necessidades enquanto estiver nos Pa\u00edses Baixos.<\/p>\n<h2>Melhores fornecedores de eSIM nos Pa\u00edses Baixos<\/h2>\n","protected":false},"excerpt":{"rendered":"<p>Se est\u00e1 a planear uma viagem aos Pa\u00edses Baixos, pode estar a pensar se um eSIM \u00e9 a melhor forma de se manter ligado durante a sua viagem. Os eSims est\u00e3o a tornar-se uma forma cada vez mais popular de ter uma liga\u00e7\u00e3o de dados enquanto se est\u00e1 no estrangeiro, uma vez que s\u00e3o muito [&hellip;]<\/p>\n","protected":false},"author":2,"featured_media":3139211,"parent":0,"menu_order":0,"comment_status":"closed","ping_status":"closed","template":"best-esim-template.php","meta":{"_lmt_disableupdate":"no","_lmt_disable":""},"categories":[600266,600316],"acf":[],"_links":{"self":[{"href":"https:\/\/expertworldtravel.com\/pt-pt\/wp-json\/wp\/v2\/pages\/3139210"}],"collection":[{"href":"https:\/\/expertworldtravel.com\/pt-pt\/wp-json\/wp\/v2\/pages"}],"about":[{"href":"https:\/\/expertworldtravel.com\/pt-pt\/wp-json\/wp\/v2\/types\/page"}],"author":[{"embeddable":true,"href":"https:\/\/expertworldtravel.com\/pt-pt\/wp-json\/wp\/v2\/users\/2"}],"replies":[{"embeddable":true,"href":"https:\/\/expertworldtravel.com\/pt-pt\/wp-json\/wp\/v2\/comments?post=3139210"}],"version-history":[{"count":2,"href":"https:\/\/expertworldtravel.com\/pt-pt\/wp-json\/wp\/v2\/pages\/3139210\/revisions"}],"predecessor-version":[{"id":3141374,"href":"https:\/\/expertworldtravel.com\/pt-pt\/wp-json\/wp\/v2\/pages\/3139210\/revisions\/3141374"}],"wp:featuredmedia":[{"embeddable":true,"href":"https:\/\/expertworldtravel.com\/pt-pt\/wp-json\/wp\/v2\/media\/3139211"}],"wp:attachment":[{"href":"https:\/\/expertworldtravel.com\/pt-pt\/wp-json\/wp\/v2\/media?parent=3139210"}],"wp:term":[{"taxonomy":"category","embeddable":true,"href":"https:\/\/expertworldtravel.com\/pt-pt\/wp-json\/wp\/v2\/categories?post=3139210"}],"curies":[{"name":"wp","href":"https:\/\/api.w.org\/{rel}","templated":true}]}}