{"id":3139221,"date":"2023-05-03T00:00:29","date_gmt":"2023-05-03T00:00:29","guid":{"rendered":"https:\/\/expertworldtravel.com\/melhor-esim-israel\/"},"modified":"2025-01-06T08:08:05","modified_gmt":"2025-01-06T08:08:05","slug":"esim-israel","status":"publish","type":"page","link":"https:\/\/expertworldtravel.com\/pt-pt\/esim-israel\/","title":{"rendered":"Melhor eSIM para Israel (dados acess\u00edveis)"},"content":{"rendered":"<p>Se est\u00e1 a planear uma visita a Israel, precisa de um eSIM!<\/p>\n<p>Os ESIM s\u00e3o, de longe, a forma mais conveniente de ter dados m\u00f3veis enquanto viaja por Israel. Poupam-lhe custos de roaming e de encontrar um cart\u00e3o SIM local quando chega.<\/p>\n<p>Encontrar o plano Isreal eSIM certo pode ser um desafio, por isso fiz toda a pesquisa para o ajudar.<\/p>\n<p>Abaixo, encontrar\u00e1 uma an\u00e1lise de todos os principais fornecedores, juntamente com os seus planos de dados e pr\u00f3s e contras, para que possa encontrar o melhor Israel eSIM para si.<\/p>\n","protected":false},"excerpt":{"rendered":"<p>Se est\u00e1 a planear uma visita a Israel, precisa de um eSIM! Os ESIM s\u00e3o, de longe, a forma mais conveniente de ter dados m\u00f3veis enquanto viaja por Israel. Poupam-lhe custos de roaming e de encontrar um cart\u00e3o SIM local quando chega. Encontrar o plano Isreal eSIM certo pode ser um desafio, por isso fiz [&hellip;]<\/p>\n","protected":false},"author":2,"featured_media":3139222,"parent":0,"menu_order":0,"comment_status":"closed","ping_status":"closed","template":"best-esim-template.php","meta":{"_lmt_disableupdate":"no","_lmt_disable":""},"categories":[600266],"acf":[],"_links":{"self":[{"href":"https:\/\/expertworldtravel.com\/pt-pt\/wp-json\/wp\/v2\/pages\/3139221"}],"collection":[{"href":"https:\/\/expertworldtravel.com\/pt-pt\/wp-json\/wp\/v2\/pages"}],"about":[{"href":"https:\/\/expertworldtravel.com\/pt-pt\/wp-json\/wp\/v2\/types\/page"}],"author":[{"embeddable":true,"href":"https:\/\/expertworldtravel.com\/pt-pt\/wp-json\/wp\/v2\/users\/2"}],"replies":[{"embeddable":true,"href":"https:\/\/expertworldtravel.com\/pt-pt\/wp-json\/wp\/v2\/comments?post=3139221"}],"version-history":[{"count":1,"href":"https:\/\/expertworldtravel.com\/pt-pt\/wp-json\/wp\/v2\/pages\/3139221\/revisions"}],"predecessor-version":[{"id":3139227,"href":"https:\/\/expertworldtravel.com\/pt-pt\/wp-json\/wp\/v2\/pages\/3139221\/revisions\/3139227"}],"wp:featuredmedia":[{"embeddable":true,"href":"https:\/\/expertworldtravel.com\/pt-pt\/wp-json\/wp\/v2\/media\/3139222"}],"wp:attachment":[{"href":"https:\/\/expertworldtravel.com\/pt-pt\/wp-json\/wp\/v2\/media?parent=3139221"}],"wp:term":[{"taxonomy":"category","embeddable":true,"href":"https:\/\/expertworldtravel.com\/pt-pt\/wp-json\/wp\/v2\/categories?post=3139221"}],"curies":[{"name":"wp","href":"https:\/\/api.w.org\/{rel}","templated":true}]}}