{"id":3139237,"date":"2023-05-17T17:08:25","date_gmt":"2023-05-17T17:08:25","guid":{"rendered":"https:\/\/expertworldtravel.com\/melhor-esim-namibia\/"},"modified":"2023-09-07T12:41:19","modified_gmt":"2023-09-07T12:41:19","slug":"esim-namibia","status":"publish","type":"page","link":"https:\/\/expertworldtravel.com\/pt-pt\/esim-namibia\/","title":{"rendered":"Melhor eSim para a Nam\u00edbia: Um guia para viajantes"},"content":{"rendered":"<p>A Nam\u00edbia pode ser o pa\u00eds mais bonito de \u00c1frica, o que \u00e9 uma afirma\u00e7\u00e3o ousada, mas \u00e9 certamente um deles. Se est\u00e1 a ler isto, \u00e9 prov\u00e1vel que v\u00e1 para a Nam\u00edbia e est\u00e1 a pensar como se manter ligado aos dados m\u00f3veis enquanto l\u00e1 estiver.<\/p>\n<p>Neste artigo, vamos procurar encontrar o melhor eSim Nam\u00edbia tem para oferecer para suas viagens, pois \u00e9 a maneira mais conveniente de ficar conectado na Nam\u00edbia em compara\u00e7\u00e3o com o uso de roaming de dados ou obter um cart\u00e3o SIM Nam\u00edbia local.<\/p>\n<p>Abaixo encontrar\u00e1 todos os planos de dados eSim pr\u00e9-pagos oferecidos por alguns dos melhores fornecedores de eSim do planeta, para que possa encontrar o melhor eSim para a Nam\u00edbia.<\/p>\n","protected":false},"excerpt":{"rendered":"<p>A Nam\u00edbia pode ser o pa\u00eds mais bonito de \u00c1frica, o que \u00e9 uma afirma\u00e7\u00e3o ousada, mas \u00e9 certamente um deles. Se est\u00e1 a ler isto, \u00e9 prov\u00e1vel que v\u00e1 para a Nam\u00edbia e est\u00e1 a pensar como se manter ligado aos dados m\u00f3veis enquanto l\u00e1 estiver. Neste artigo, vamos procurar encontrar o melhor eSim [&hellip;]<\/p>\n","protected":false},"author":2,"featured_media":3139238,"parent":0,"menu_order":0,"comment_status":"closed","ping_status":"closed","template":"best-esim-template.php","meta":{"_lmt_disableupdate":"no","_lmt_disable":""},"categories":[600266],"acf":[],"_links":{"self":[{"href":"https:\/\/expertworldtravel.com\/pt-pt\/wp-json\/wp\/v2\/pages\/3139237"}],"collection":[{"href":"https:\/\/expertworldtravel.com\/pt-pt\/wp-json\/wp\/v2\/pages"}],"about":[{"href":"https:\/\/expertworldtravel.com\/pt-pt\/wp-json\/wp\/v2\/types\/page"}],"author":[{"embeddable":true,"href":"https:\/\/expertworldtravel.com\/pt-pt\/wp-json\/wp\/v2\/users\/2"}],"replies":[{"embeddable":true,"href":"https:\/\/expertworldtravel.com\/pt-pt\/wp-json\/wp\/v2\/comments?post=3139237"}],"version-history":[{"count":1,"href":"https:\/\/expertworldtravel.com\/pt-pt\/wp-json\/wp\/v2\/pages\/3139237\/revisions"}],"predecessor-version":[{"id":3139244,"href":"https:\/\/expertworldtravel.com\/pt-pt\/wp-json\/wp\/v2\/pages\/3139237\/revisions\/3139244"}],"wp:featuredmedia":[{"embeddable":true,"href":"https:\/\/expertworldtravel.com\/pt-pt\/wp-json\/wp\/v2\/media\/3139238"}],"wp:attachment":[{"href":"https:\/\/expertworldtravel.com\/pt-pt\/wp-json\/wp\/v2\/media?parent=3139237"}],"wp:term":[{"taxonomy":"category","embeddable":true,"href":"https:\/\/expertworldtravel.com\/pt-pt\/wp-json\/wp\/v2\/categories?post=3139237"}],"curies":[{"name":"wp","href":"https:\/\/api.w.org\/{rel}","templated":true}]}}