{"id":3139251,"date":"2023-03-28T19:08:39","date_gmt":"2023-03-28T19:08:39","guid":{"rendered":"https:\/\/expertworldtravel.com\/melhor-esim-indonesia\/"},"modified":"2024-12-19T12:25:08","modified_gmt":"2024-12-19T12:25:08","slug":"melhor-esim-indonesia","status":"publish","type":"page","link":"https:\/\/expertworldtravel.com\/pt-pt\/melhor-esim-indonesia\/","title":{"rendered":"Melhor eSIM para a Indon\u00e9sia (Affordable Bali eSim)"},"content":{"rendered":"<p class=\"ifp\">Quer adquirir um eSim para uma viagem \u00e0 Indon\u00e9sia ou a Bali especificamente, mas n\u00e3o tem a certeza de quais s\u00e3o as melhores op\u00e7\u00f5es? Ent\u00e3o vieste ao s\u00edtio certo, porque este guia detalhado inclui todos os eSims mais populares para a Indon\u00e9sia e Bali!<\/p>\n<p>Ver\u00e1s aqui v\u00e1rias op\u00e7\u00f5es de eSim para a Indon\u00e9sia, desde planos de dados baratos para viagens curtas a pacotes que oferecem <a href=\"https:\/\/expertworldtravel.com\/best-esim-asia\/\" target=\"_blank\" rel=\"noopener\">eSims<\/a> de dados ilimitados <a href=\"https:\/\/expertworldtravel.com\/best-esim-asia\/\" target=\"_blank\" rel=\"noopener\">na \u00c1sia<\/a>. Quer permane\u00e7a no pa\u00eds durante alguns dias ou, pelo menos, durante um m\u00eas, existem diferentes eSims que satisfazem as suas necessidades, e pode ler tudo sobre eles abaixo!<\/p>\n","protected":false},"excerpt":{"rendered":"<p>Quer adquirir um eSim para uma viagem \u00e0 Indon\u00e9sia ou a Bali especificamente, mas n\u00e3o tem a certeza de quais s\u00e3o as melhores op\u00e7\u00f5es? Ent\u00e3o vieste ao s\u00edtio certo, porque este guia detalhado inclui todos os eSims mais populares para a Indon\u00e9sia e Bali! Ver\u00e1s aqui v\u00e1rias op\u00e7\u00f5es de eSim para a Indon\u00e9sia, desde planos [&hellip;]<\/p>\n","protected":false},"author":2,"featured_media":0,"parent":0,"menu_order":0,"comment_status":"closed","ping_status":"closed","template":"best-esim-template.php","meta":{"_lmt_disableupdate":"no","_lmt_disable":""},"categories":[],"acf":[],"_links":{"self":[{"href":"https:\/\/expertworldtravel.com\/pt-pt\/wp-json\/wp\/v2\/pages\/3139251"}],"collection":[{"href":"https:\/\/expertworldtravel.com\/pt-pt\/wp-json\/wp\/v2\/pages"}],"about":[{"href":"https:\/\/expertworldtravel.com\/pt-pt\/wp-json\/wp\/v2\/types\/page"}],"author":[{"embeddable":true,"href":"https:\/\/expertworldtravel.com\/pt-pt\/wp-json\/wp\/v2\/users\/2"}],"replies":[{"embeddable":true,"href":"https:\/\/expertworldtravel.com\/pt-pt\/wp-json\/wp\/v2\/comments?post=3139251"}],"version-history":[{"count":2,"href":"https:\/\/expertworldtravel.com\/pt-pt\/wp-json\/wp\/v2\/pages\/3139251\/revisions"}],"predecessor-version":[{"id":3141673,"href":"https:\/\/expertworldtravel.com\/pt-pt\/wp-json\/wp\/v2\/pages\/3139251\/revisions\/3141673"}],"wp:attachment":[{"href":"https:\/\/expertworldtravel.com\/pt-pt\/wp-json\/wp\/v2\/media?parent=3139251"}],"wp:term":[{"taxonomy":"category","embeddable":true,"href":"https:\/\/expertworldtravel.com\/pt-pt\/wp-json\/wp\/v2\/categories?post=3139251"}],"curies":[{"name":"wp","href":"https:\/\/api.w.org\/{rel}","templated":true}]}}