{"id":3139281,"date":"2023-09-07T15:16:38","date_gmt":"2023-09-07T15:16:38","guid":{"rendered":"https:\/\/expertworldtravel.com\/esim-maldivas\/"},"modified":"2025-01-21T10:24:32","modified_gmt":"2025-01-21T10:24:32","slug":"esim-maldivas","status":"publish","type":"page","link":"https:\/\/expertworldtravel.com\/pt-pt\/esim-maldivas\/","title":{"rendered":"O melhor eSIM para as Maldivas (Data On The Beach)"},"content":{"rendered":"<p>Por que n\u00e3o ter uma grande quantidade de dados com um eSIM enquanto desfruta das praias imaculadas das Maldivas?<\/p>\n<p>Passar f\u00e9rias nas Maldivas com um ESIM \u00e9 uma excelente forma de evitar as despesas de roaming ou a dificuldade em encontrar um SIM ou uma rede sem fios quando chegar.<\/p>\n<p>Mas que empresas fornecem eSIMs das Maldivas? E podemos confiar neles?<\/p>\n<p>Abaixo est\u00e3o os melhores eSIMs das Maldivas que encontr\u00e1mos online.<\/p>\n","protected":false},"excerpt":{"rendered":"<p>Por que n\u00e3o ter uma grande quantidade de dados com um eSIM enquanto desfruta das praias imaculadas das Maldivas? Passar f\u00e9rias nas Maldivas com um ESIM \u00e9 uma excelente forma de evitar as despesas de roaming ou a dificuldade em encontrar um SIM ou uma rede sem fios quando chegar. Mas que empresas fornecem eSIMs [&hellip;]<\/p>\n","protected":false},"author":1,"featured_media":0,"parent":0,"menu_order":0,"comment_status":"closed","ping_status":"closed","template":"best-esim-template.php","meta":{"_lmt_disableupdate":"","_lmt_disable":""},"categories":[600266],"acf":[],"_links":{"self":[{"href":"https:\/\/expertworldtravel.com\/pt-pt\/wp-json\/wp\/v2\/pages\/3139281"}],"collection":[{"href":"https:\/\/expertworldtravel.com\/pt-pt\/wp-json\/wp\/v2\/pages"}],"about":[{"href":"https:\/\/expertworldtravel.com\/pt-pt\/wp-json\/wp\/v2\/types\/page"}],"author":[{"embeddable":true,"href":"https:\/\/expertworldtravel.com\/pt-pt\/wp-json\/wp\/v2\/users\/1"}],"replies":[{"embeddable":true,"href":"https:\/\/expertworldtravel.com\/pt-pt\/wp-json\/wp\/v2\/comments?post=3139281"}],"version-history":[{"count":1,"href":"https:\/\/expertworldtravel.com\/pt-pt\/wp-json\/wp\/v2\/pages\/3139281\/revisions"}],"predecessor-version":[{"id":3142207,"href":"https:\/\/expertworldtravel.com\/pt-pt\/wp-json\/wp\/v2\/pages\/3139281\/revisions\/3142207"}],"wp:attachment":[{"href":"https:\/\/expertworldtravel.com\/pt-pt\/wp-json\/wp\/v2\/media?parent=3139281"}],"wp:term":[{"taxonomy":"category","embeddable":true,"href":"https:\/\/expertworldtravel.com\/pt-pt\/wp-json\/wp\/v2\/categories?post=3139281"}],"curies":[{"name":"wp","href":"https:\/\/api.w.org\/{rel}","templated":true}]}}