{"id":3141237,"date":"2023-04-04T14:07:37","date_gmt":"2023-04-04T14:07:37","guid":{"rendered":"https:\/\/expertworldtravel.com\/melhor-esim-japao\/"},"modified":"2024-12-20T13:35:12","modified_gmt":"2024-12-20T13:35:12","slug":"melhor-esim-japao","status":"publish","type":"page","link":"https:\/\/expertworldtravel.com\/pt-pt\/melhor-esim-japao\/","title":{"rendered":"5 melhores eSIMs para o Jap\u00e3o (escolhe o mais adequado para ti)"},"content":{"rendered":"<p class=\"ifp\">Est\u00e1 \u00e0 procura de um eSIM para a sua viagem ao Jap\u00e3o, mas n\u00e3o tem a certeza de qual \u00e9 a melhor op\u00e7\u00e3o? Este guia detalhado cobre todas as melhores op\u00e7\u00f5es de eSIM para o Jap\u00e3o!<\/p>\n<p>Se vais visitar mais do que apenas o Jap\u00e3o, n\u00e3o deixes de consultar os <a href=\"https:\/\/expertworldtravel.com\/best-esim-asia\/\" target=\"_blank\" rel=\"noopener\">fornecedores para a \u00c1sia<\/a>. Inclu\u00ed tamb\u00e9m algumas op\u00e7\u00f5es de cart\u00f5es SIM japoneses f\u00edsicos para aqueles que n\u00e3o est\u00e3o estritamente \u00e0 procura de um eSIM e est\u00e3o abertos a outras op\u00e7\u00f5es, desde que tenham um bom plano de dados m\u00f3veis no Jap\u00e3o.<\/p>\n","protected":false},"excerpt":{"rendered":"<p>Est\u00e1 \u00e0 procura de um eSIM para a sua viagem ao Jap\u00e3o, mas n\u00e3o tem a certeza de qual \u00e9 a melhor op\u00e7\u00e3o? Este guia detalhado cobre todas as melhores op\u00e7\u00f5es de eSIM para o Jap\u00e3o! Se vais visitar mais do que apenas o Jap\u00e3o, n\u00e3o deixes de consultar os fornecedores para a \u00c1sia. Inclu\u00ed [&hellip;]<\/p>\n","protected":false},"author":2,"featured_media":3141239,"parent":0,"menu_order":0,"comment_status":"closed","ping_status":"closed","template":"best-esim-template.php","meta":{"_lmt_disableupdate":"","_lmt_disable":""},"categories":[600266,600324],"acf":[],"_links":{"self":[{"href":"https:\/\/expertworldtravel.com\/pt-pt\/wp-json\/wp\/v2\/pages\/3141237"}],"collection":[{"href":"https:\/\/expertworldtravel.com\/pt-pt\/wp-json\/wp\/v2\/pages"}],"about":[{"href":"https:\/\/expertworldtravel.com\/pt-pt\/wp-json\/wp\/v2\/types\/page"}],"author":[{"embeddable":true,"href":"https:\/\/expertworldtravel.com\/pt-pt\/wp-json\/wp\/v2\/users\/2"}],"replies":[{"embeddable":true,"href":"https:\/\/expertworldtravel.com\/pt-pt\/wp-json\/wp\/v2\/comments?post=3141237"}],"version-history":[{"count":2,"href":"https:\/\/expertworldtravel.com\/pt-pt\/wp-json\/wp\/v2\/pages\/3141237\/revisions"}],"predecessor-version":[{"id":3141752,"href":"https:\/\/expertworldtravel.com\/pt-pt\/wp-json\/wp\/v2\/pages\/3141237\/revisions\/3141752"}],"wp:featuredmedia":[{"embeddable":true,"href":"https:\/\/expertworldtravel.com\/pt-pt\/wp-json\/wp\/v2\/media\/3141239"}],"wp:attachment":[{"href":"https:\/\/expertworldtravel.com\/pt-pt\/wp-json\/wp\/v2\/media?parent=3141237"}],"wp:term":[{"taxonomy":"category","embeddable":true,"href":"https:\/\/expertworldtravel.com\/pt-pt\/wp-json\/wp\/v2\/categories?post=3141237"}],"curies":[{"name":"wp","href":"https:\/\/api.w.org\/{rel}","templated":true}]}}