{"id":3141255,"date":"2023-03-20T21:56:45","date_gmt":"2023-03-20T21:56:45","guid":{"rendered":"https:\/\/expertworldtravel.com\/melhor-esim-franca\/"},"modified":"2024-12-28T18:26:38","modified_gmt":"2024-12-28T18:26:38","slug":"melhor-esim-franca","status":"publish","type":"page","link":"https:\/\/expertworldtravel.com\/pt-pt\/melhor-esim-franca\/","title":{"rendered":"Melhores eSIMs para dados de viagem em Fran\u00e7a (como escolher)"},"content":{"rendered":"<p>A compra de um eSIM para Fran\u00e7a pode ser um pouco confusa.<\/p>\n<p>\u00c9 certo que os eSIM s\u00e3o f\u00e1ceis de utilizar e poupam-te muito dinheiro, mas com tantos fornecedores de eSIM em Fran\u00e7a, pode ser dif\u00edcil saber qual \u00e9 o melhor.<\/p>\n<p>Vivi na Europa durante mais de 22 anos e viajei por todo o continente. E depois de ter descoberto os eSIM, nunca mais olhei para tr\u00e1s. Na minha experi\u00eancia, poupam-te muito tempo e dinheiro, especialmente quando visitas muitos pa\u00edses. Se tencionas viajar pela Europa, l\u00ea <a href=\"https:\/\/expertworldtravel.com\/best-esim-europe\/\" target=\"_blank\" rel=\"noopener\">o meu guia de eSIMs europeus<\/a>. Os pre\u00e7os s\u00e3o compar\u00e1veis, mas podes manter o mesmo eSIM e utiliz\u00e1-lo onde quer que v\u00e1s! Neste guia, quero ajudar-te a encontrar os melhores eSIMs para Fran\u00e7a, para que possas continuar a tua viagem.<\/p>\n<h2>Escolher o seu eSIM para Fran\u00e7a<\/h2>\n<p>Utilizei muitos eSIM durante as minhas viagens pela Europa e considero que \u00e9 \u00fatil discriminar a escolha do eSIM desta forma:<\/p>\n<h3>Quantidade de dados<\/h3>\n<p>Decida a quantidade de dados que vai utilizar em Fran\u00e7a. (Tem wifi no hotel ou no Airbnb, precisa de trabalhar atrav\u00e9s do seu telem\u00f3vel)<\/p>\n<h3>Dura\u00e7\u00e3o da sua estadia<\/h3>\n<p>A maioria dos planos \u00e9 de 5, 7, 10, 15 ou 30 dias, consoante o fornecedor. Os planos mais longos s\u00e3o muitas vezes um pouco mais caros.<\/p>\n<h3>Chamadas e mensagens de texto<\/h3>\n<p>Pode manter o seu n\u00famero de telefone de casa, mas pode ser muito caro telefonar para casa. Poucos fornecedores de eSIM t\u00eam chamadas e ainda menos t\u00eam mensagens de texto.<\/p>\n<p>Considere instalar o WhatsApp ou o Signal para enviar mensagens de texto atrav\u00e9s de dados em vez de SMS, que normalmente custa dinheiro.<\/p>\n<h3>Partilhar os seus dados<\/h3>\n<p>Vai partilhar os seus dados (com outra pessoa ou outro dispositivo). Tem em aten\u00e7\u00e3o que fornecedores como <a href=\"https:\/\/holafly.sjv.io\/6ykr3V\" target=\"_blank\" rel=\"noopener\">a Holafly<\/a> n\u00e3o permitem muita partilha de dados. Geralmente, os outros fazem-no.<\/p>\n","protected":false},"excerpt":{"rendered":"<p>A compra de um eSIM para Fran\u00e7a pode ser um pouco confusa. \u00c9 certo que os eSIM s\u00e3o f\u00e1ceis de utilizar e poupam-te muito dinheiro, mas com tantos fornecedores de eSIM em Fran\u00e7a, pode ser dif\u00edcil saber qual \u00e9 o melhor. Vivi na Europa durante mais de 22 anos e viajei por todo o continente. [&hellip;]<\/p>\n","protected":false},"author":2,"featured_media":3141260,"parent":0,"menu_order":0,"comment_status":"closed","ping_status":"closed","template":"best-template.php","meta":{"_lmt_disableupdate":"","_lmt_disable":""},"categories":[600266],"acf":[],"_links":{"self":[{"href":"https:\/\/expertworldtravel.com\/pt-pt\/wp-json\/wp\/v2\/pages\/3141255"}],"collection":[{"href":"https:\/\/expertworldtravel.com\/pt-pt\/wp-json\/wp\/v2\/pages"}],"about":[{"href":"https:\/\/expertworldtravel.com\/pt-pt\/wp-json\/wp\/v2\/types\/page"}],"author":[{"embeddable":true,"href":"https:\/\/expertworldtravel.com\/pt-pt\/wp-json\/wp\/v2\/users\/2"}],"replies":[{"embeddable":true,"href":"https:\/\/expertworldtravel.com\/pt-pt\/wp-json\/wp\/v2\/comments?post=3141255"}],"version-history":[{"count":2,"href":"https:\/\/expertworldtravel.com\/pt-pt\/wp-json\/wp\/v2\/pages\/3141255\/revisions"}],"predecessor-version":[{"id":3141958,"href":"https:\/\/expertworldtravel.com\/pt-pt\/wp-json\/wp\/v2\/pages\/3141255\/revisions\/3141958"}],"wp:featuredmedia":[{"embeddable":true,"href":"https:\/\/expertworldtravel.com\/pt-pt\/wp-json\/wp\/v2\/media\/3141260"}],"wp:attachment":[{"href":"https:\/\/expertworldtravel.com\/pt-pt\/wp-json\/wp\/v2\/media?parent=3141255"}],"wp:term":[{"taxonomy":"category","embeddable":true,"href":"https:\/\/expertworldtravel.com\/pt-pt\/wp-json\/wp\/v2\/categories?post=3141255"}],"curies":[{"name":"wp","href":"https:\/\/api.w.org\/{rel}","templated":true}]}}