{"id":3141295,"date":"2023-03-20T13:26:49","date_gmt":"2023-03-20T13:26:49","guid":{"rendered":"https:\/\/expertworldtravel.com\/esim-belgica\/"},"modified":"2025-01-21T10:00:56","modified_gmt":"2025-01-21T10:00:56","slug":"esim-belgica","status":"publish","type":"page","link":"https:\/\/expertworldtravel.com\/pt-pt\/esim-belgica\/","title":{"rendered":"Melhor eSIM para a B\u00e9lgica (Viajar com facilidade)"},"content":{"rendered":"<p>Vai viajar para a B\u00e9lgica e quer obter um eSIM? Ent\u00e3o, veio ao s\u00edtio certo, pois este guia ir\u00e1 inform\u00e1-lo sobre todas as melhores op\u00e7\u00f5es de eSim para a B\u00e9lgica!<\/p>\n<p>Quer necessite de acesso \u00e0 Internet por um dia ou por um m\u00eas, existe pelo menos um excelente pacote Belgium eSIM para si. E alguns at\u00e9 t\u00eam mensagens de texto e chamadas telef\u00f3nicas inclu\u00eddas, o que \u00e9 raro nos eSIMs.<\/p>\n<p>Este guia abrange todos os <a href=\"https:\/\/expertworldtravel.com\/best-esim-europe\/\" target=\"_blank\" rel=\"noopener\">principais fornecedores de eSIM na Europa<\/a> que oferecem eSIMs para a B\u00e9lgica, bem como alguns fornecedores locais no pa\u00eds que vendem sobretudo cart\u00f5es SIM f\u00edsicos para turistas. Em todo o caso, eis tudo o que precisa de saber sobre o melhor eSim para a B\u00e9lgica!<\/p>\n","protected":false},"excerpt":{"rendered":"<p>Vai viajar para a B\u00e9lgica e quer obter um eSIM? Ent\u00e3o, veio ao s\u00edtio certo, pois este guia ir\u00e1 inform\u00e1-lo sobre todas as melhores op\u00e7\u00f5es de eSim para a B\u00e9lgica! Quer necessite de acesso \u00e0 Internet por um dia ou por um m\u00eas, existe pelo menos um excelente pacote Belgium eSIM para si. E alguns [&hellip;]<\/p>\n","protected":false},"author":2,"featured_media":3141298,"parent":0,"menu_order":0,"comment_status":"closed","ping_status":"closed","template":"best-esim-template.php","meta":{"_lmt_disableupdate":"","_lmt_disable":""},"categories":[],"acf":[],"_links":{"self":[{"href":"https:\/\/expertworldtravel.com\/pt-pt\/wp-json\/wp\/v2\/pages\/3141295"}],"collection":[{"href":"https:\/\/expertworldtravel.com\/pt-pt\/wp-json\/wp\/v2\/pages"}],"about":[{"href":"https:\/\/expertworldtravel.com\/pt-pt\/wp-json\/wp\/v2\/types\/page"}],"author":[{"embeddable":true,"href":"https:\/\/expertworldtravel.com\/pt-pt\/wp-json\/wp\/v2\/users\/2"}],"replies":[{"embeddable":true,"href":"https:\/\/expertworldtravel.com\/pt-pt\/wp-json\/wp\/v2\/comments?post=3141295"}],"version-history":[{"count":1,"href":"https:\/\/expertworldtravel.com\/pt-pt\/wp-json\/wp\/v2\/pages\/3141295\/revisions"}],"predecessor-version":[{"id":3142191,"href":"https:\/\/expertworldtravel.com\/pt-pt\/wp-json\/wp\/v2\/pages\/3141295\/revisions\/3142191"}],"wp:featuredmedia":[{"embeddable":true,"href":"https:\/\/expertworldtravel.com\/pt-pt\/wp-json\/wp\/v2\/media\/3141298"}],"wp:attachment":[{"href":"https:\/\/expertworldtravel.com\/pt-pt\/wp-json\/wp\/v2\/media?parent=3141295"}],"wp:term":[{"taxonomy":"category","embeddable":true,"href":"https:\/\/expertworldtravel.com\/pt-pt\/wp-json\/wp\/v2\/categories?post=3141295"}],"curies":[{"name":"wp","href":"https:\/\/api.w.org\/{rel}","templated":true}]}}