{"id":3141343,"date":"2023-09-27T12:57:10","date_gmt":"2023-09-27T12:57:10","guid":{"rendered":"https:\/\/expertworldtravel.com\/melhor-esim-denmark\/"},"modified":"2025-01-09T15:47:57","modified_gmt":"2025-01-09T15:47:57","slug":"melhor-esim-denmark","status":"publish","type":"page","link":"https:\/\/expertworldtravel.com\/pt-pt\/melhor-esim-denmark\/","title":{"rendered":"Melhor eSIM para a Dinamarca (dados a pre\u00e7os acess\u00edveis)"},"content":{"rendered":"<p>Um eSIM \u00e9 uma forma econ\u00f3mica e f\u00e1cil de garantir a cobertura da rede e o acesso \u00e0 Internet durante a sua viagem \u00e0 Dinamarca.<\/p>\n<p>\u00c9 muito mais barato do que o roaming de dados, pelo que \u00e9 a melhor op\u00e7\u00e3o para os viajantes que querem ter sempre acesso \u00e0 Internet. At\u00e9 \u00e9 poss\u00edvel obter um eSIM com um n\u00famero de telefone que funciona na Dinamarca!<\/p>\n<p>Analisei os planos eSIM da Dinamarca de todos os fornecedores mais populares e compilei uma lista das melhores op\u00e7\u00f5es. Por isso, continue a ler para conhecer as melhores op\u00e7\u00f5es para um eSIM da Dinamarca!<\/p>\n<h2>Escolher o seu eSIM ideal<\/h2>\n<p>Depois de passar meses a utilizar eSIMs em toda a Europa, tenho algumas dicas para o ajudar a selecionar as melhores op\u00e7\u00f5es de eSIM.<\/p>\n<p>Na minha experi\u00eancia, tudo se resume a algumas perguntas que tem de fazer para encontrar o eSIM certo:<\/p>\n<ul>\n<li>Precisa de dados ilimitados ou apenas de alguns GB por dia?<\/li>\n<li>Necessitar\u00e1 de telefonar ou enviar SMS durante a sua estadia?<\/li>\n<li>Precisa de utilizar um ponto de acesso ou partilhar os seus dados?<\/li>\n<\/ul>\n<p>Depois de ter decidido estas duas coisas, pode passar diretamente para estas op\u00e7\u00f5es:<\/p>\n<ul>\n<li><strong>Dados ilimitados<\/strong>\n<ul>\n<li><a href=\"https:\/\/holafly.sjv.io\/kORPX3\" target=\"_blank\" rel=\"nofollow noopener\">Holafly<\/a>, se s\u00f3 precisar de dados num dispositivo (inclui chamadas)<\/li>\n<li><a href=\"https:\/\/maya.net\/esim\/denmark?pid=48fhb2345dg6\" target=\"_blank\" rel=\"nofollow noopener\">Maya Mobile<\/a> para partilhar dados (verifique o plano, alguns n\u00e3o o fazem)<\/li>\n<\/ul>\n<\/li>\n<li><strong>Alguns GB por dia<\/strong>\n<ul>\n<li>Comparar <a href=\"https:\/\/airalo.pxf.io\/0ZzrJ3\" target=\"_blank\" rel=\"nofollow noopener\">Airalo<\/a> &amp; <a href=\"https:\/\/maya.net\/esim\/denmark?pid=48fhb2345dg6\" target=\"_blank\" rel=\"nofollow noopener\">Maya<\/a> para obter as melhores ofertas<\/li>\n<\/ul>\n<\/li>\n<li><strong>Chamadas e SMS<\/strong>\n<ul>\n<li><a href=\"https:\/\/simoptions.sjv.io\/YRdxRr\" target=\"_blank\" rel=\"nofollow noopener\">A Orange<\/a> \u00e9 a melhor op\u00e7\u00e3o com chamadas e SMS ilimitados<\/li>\n<li><a href=\"https:\/\/holafly.sjv.io\/kORPX3\" target=\"_blank\" rel=\"nofollow noopener\">Holafly<\/a> com dados ilimitados e apenas chamadas<\/li>\n<\/ul>\n<\/li>\n<\/ul>\n<p>Fizemos as escolhas acima muitas vezes e fic\u00e1mos muito satisfeitos com os planos que obtivemos. S\u00f3 precisa de saber a quantidade de dados que utiliza normalmente por dia, se n\u00e3o comprar ilimitado. As outras op\u00e7\u00f5es s\u00e3o simples!<\/p>\n","protected":false},"excerpt":{"rendered":"<p>Um eSIM \u00e9 uma forma econ\u00f3mica e f\u00e1cil de garantir a cobertura da rede e o acesso \u00e0 Internet durante a sua viagem \u00e0 Dinamarca. \u00c9 muito mais barato do que o roaming de dados, pelo que \u00e9 a melhor op\u00e7\u00e3o para os viajantes que querem ter sempre acesso \u00e0 Internet. At\u00e9 \u00e9 poss\u00edvel obter [&hellip;]<\/p>\n","protected":false},"author":6,"featured_media":3140876,"parent":0,"menu_order":0,"comment_status":"closed","ping_status":"closed","template":"best-esim-template.php","meta":{"_lmt_disableupdate":"","_lmt_disable":""},"categories":[600266,600336],"acf":[],"_links":{"self":[{"href":"https:\/\/expertworldtravel.com\/pt-pt\/wp-json\/wp\/v2\/pages\/3141343"}],"collection":[{"href":"https:\/\/expertworldtravel.com\/pt-pt\/wp-json\/wp\/v2\/pages"}],"about":[{"href":"https:\/\/expertworldtravel.com\/pt-pt\/wp-json\/wp\/v2\/types\/page"}],"author":[{"embeddable":true,"href":"https:\/\/expertworldtravel.com\/pt-pt\/wp-json\/wp\/v2\/users\/6"}],"replies":[{"embeddable":true,"href":"https:\/\/expertworldtravel.com\/pt-pt\/wp-json\/wp\/v2\/comments?post=3141343"}],"version-history":[{"count":3,"href":"https:\/\/expertworldtravel.com\/pt-pt\/wp-json\/wp\/v2\/pages\/3141343\/revisions"}],"predecessor-version":[{"id":3142171,"href":"https:\/\/expertworldtravel.com\/pt-pt\/wp-json\/wp\/v2\/pages\/3141343\/revisions\/3142171"}],"wp:featuredmedia":[{"embeddable":true,"href":"https:\/\/expertworldtravel.com\/pt-pt\/wp-json\/wp\/v2\/media\/3140876"}],"wp:attachment":[{"href":"https:\/\/expertworldtravel.com\/pt-pt\/wp-json\/wp\/v2\/media?parent=3141343"}],"wp:term":[{"taxonomy":"category","embeddable":true,"href":"https:\/\/expertworldtravel.com\/pt-pt\/wp-json\/wp\/v2\/categories?post=3141343"}],"curies":[{"name":"wp","href":"https:\/\/api.w.org\/{rel}","templated":true}]}}