{"id":3141745,"date":"2023-07-31T18:48:12","date_gmt":"2023-07-31T18:48:12","guid":{"rendered":"https:\/\/expertworldtravel.com\/esim-canarias\/"},"modified":"2024-12-20T13:31:44","modified_gmt":"2024-12-20T13:31:44","slug":"esim-canarias","status":"publish","type":"page","link":"https:\/\/expertworldtravel.com\/pt-pt\/esim-canarias\/","title":{"rendered":"Can\u00e1rias eSIMs para viajar facilmente em 2025"},"content":{"rendered":"<p>Precisas de um eSIM para a tua viagem \u00e0s Ilhas Can\u00e1rias ou a Tenerife? Ent\u00e3o vieste ao s\u00edtio certo, porque este guia detalhado vai-te dizer tudo sobre os melhores eSIMs para as Ilhas Can\u00e1rias! Abaixo encontrar\u00e1s todos os melhores eSIMs que consegui encontrar online, todos eles funcionam perfeitamente nas Ilhas Can\u00e1rias e ir\u00e3o fornecer-te dados fi\u00e1veis para te manteres ligado durante as tuas f\u00e9rias ou viagem de neg\u00f3cios. <\/p>\n","protected":false},"excerpt":{"rendered":"<p>Precisas de um eSIM para a tua viagem \u00e0s Ilhas Can\u00e1rias ou a Tenerife? Ent\u00e3o vieste ao s\u00edtio certo, porque este guia detalhado vai-te dizer tudo sobre os melhores eSIMs para as Ilhas Can\u00e1rias! Abaixo encontrar\u00e1s todos os melhores eSIMs que consegui encontrar online, todos eles funcionam perfeitamente nas Ilhas Can\u00e1rias e ir\u00e3o fornecer-te dados [&hellip;]<\/p>\n","protected":false},"author":1,"featured_media":0,"parent":0,"menu_order":0,"comment_status":"closed","ping_status":"closed","template":"best-template.php","meta":{"_lmt_disableupdate":"","_lmt_disable":""},"categories":[],"acf":[],"_links":{"self":[{"href":"https:\/\/expertworldtravel.com\/pt-pt\/wp-json\/wp\/v2\/pages\/3141745"}],"collection":[{"href":"https:\/\/expertworldtravel.com\/pt-pt\/wp-json\/wp\/v2\/pages"}],"about":[{"href":"https:\/\/expertworldtravel.com\/pt-pt\/wp-json\/wp\/v2\/types\/page"}],"author":[{"embeddable":true,"href":"https:\/\/expertworldtravel.com\/pt-pt\/wp-json\/wp\/v2\/users\/1"}],"replies":[{"embeddable":true,"href":"https:\/\/expertworldtravel.com\/pt-pt\/wp-json\/wp\/v2\/comments?post=3141745"}],"version-history":[{"count":0,"href":"https:\/\/expertworldtravel.com\/pt-pt\/wp-json\/wp\/v2\/pages\/3141745\/revisions"}],"wp:attachment":[{"href":"https:\/\/expertworldtravel.com\/pt-pt\/wp-json\/wp\/v2\/media?parent=3141745"}],"wp:term":[{"taxonomy":"category","embeddable":true,"href":"https:\/\/expertworldtravel.com\/pt-pt\/wp-json\/wp\/v2\/categories?post=3141745"}],"curies":[{"name":"wp","href":"https:\/\/api.w.org\/{rel}","templated":true}]}}