{"id":3141770,"date":"2023-03-31T13:26:50","date_gmt":"2023-03-31T13:26:50","guid":{"rendered":"https:\/\/expertworldtravel.com\/esim-malasia\/"},"modified":"2024-12-20T14:11:26","modified_gmt":"2024-12-20T14:11:26","slug":"esim-malasia","status":"publish","type":"page","link":"https:\/\/expertworldtravel.com\/pt-pt\/esim-malasia\/","title":{"rendered":"6 melhores eSIM para a Mal\u00e1sia (planos de dados mais baratos)"},"content":{"rendered":"<p>Queres comprar um eSim da Mal\u00e1sia para uma pr\u00f3xima viagem? Este guia detalhado mostra-te os<strong> melhores planos de dados eSim para a Mal\u00e1sia<\/strong>! Os eSims s\u00e3o a melhor forma de evitar o stress de arranjar um SIM local ou de pagar imensas taxas de dados em roaming! Tenho-os usado em todo o mundo nos \u00faltimos 2 anos. Quer precises de dados durante alguns dias ou alguns meses &#8211; h\u00e1 pelo menos um fornecedor de eSim da Mal\u00e1sia para ti. Percorre a p\u00e1gina para encontrares o plano de dados eSim perfeito para as tuas viagens. <\/p>\n","protected":false},"excerpt":{"rendered":"<p>Queres comprar um eSim da Mal\u00e1sia para uma pr\u00f3xima viagem? Este guia detalhado mostra-te os melhores planos de dados eSim para a Mal\u00e1sia! Os eSims s\u00e3o a melhor forma de evitar o stress de arranjar um SIM local ou de pagar imensas taxas de dados em roaming! Tenho-os usado em todo o mundo nos \u00faltimos [&hellip;]<\/p>\n","protected":false},"author":6,"featured_media":3141771,"parent":0,"menu_order":0,"comment_status":"closed","ping_status":"closed","template":"best-esim-template.php","meta":{"_lmt_disableupdate":"","_lmt_disable":""},"categories":[600266,600276],"acf":[],"_links":{"self":[{"href":"https:\/\/expertworldtravel.com\/pt-pt\/wp-json\/wp\/v2\/pages\/3141770"}],"collection":[{"href":"https:\/\/expertworldtravel.com\/pt-pt\/wp-json\/wp\/v2\/pages"}],"about":[{"href":"https:\/\/expertworldtravel.com\/pt-pt\/wp-json\/wp\/v2\/types\/page"}],"author":[{"embeddable":true,"href":"https:\/\/expertworldtravel.com\/pt-pt\/wp-json\/wp\/v2\/users\/6"}],"replies":[{"embeddable":true,"href":"https:\/\/expertworldtravel.com\/pt-pt\/wp-json\/wp\/v2\/comments?post=3141770"}],"version-history":[{"count":0,"href":"https:\/\/expertworldtravel.com\/pt-pt\/wp-json\/wp\/v2\/pages\/3141770\/revisions"}],"wp:featuredmedia":[{"embeddable":true,"href":"https:\/\/expertworldtravel.com\/pt-pt\/wp-json\/wp\/v2\/media\/3141771"}],"wp:attachment":[{"href":"https:\/\/expertworldtravel.com\/pt-pt\/wp-json\/wp\/v2\/media?parent=3141770"}],"wp:term":[{"taxonomy":"category","embeddable":true,"href":"https:\/\/expertworldtravel.com\/pt-pt\/wp-json\/wp\/v2\/categories?post=3141770"}],"curies":[{"name":"wp","href":"https:\/\/api.w.org\/{rel}","templated":true}]}}